{"id":2824,"date":"2023-06-28T14:01:37","date_gmt":"2023-06-28T12:01:37","guid":{"rendered":"https:\/\/trinitixshop.de\/?post_type=product&#038;p=2824"},"modified":"2023-06-28T14:08:52","modified_gmt":"2023-06-28T12:08:52","slug":"remedium-iman-de-hidrogeno-alcalino-powerstab-bio-booster-3064","status":"publish","type":"product","link":"https:\/\/trinitixshop.de\/es\/produkt\/remedium-alkaline-hydrogen-magnet-powerstab-bio-booster-3064\/","title":{"rendered":"ReMedium Im\u00e1n alcalino de hidr\u00f3geno Powerstab BIO BOOSTER # 3064"},"content":{"rendered":"<p>[99] WX306400T<\/p>\n","protected":false},"excerpt":{"rendered":"<p>Esta varilla magn\u00e9tica alcalina tiene un im\u00e1n de neodimio extrafuerte (aprox. 5.000 gauss) y un tap\u00f3n de rosca. Por lo tanto, el relleno es intercambiable.<br \/>\nEsta varita magn\u00e9tica de energ\u00eda alcalina viene con una mezcla de cristales de energ\u00eda micro y molecular, germanio, turmalina y maifanshi.<br \/>\nCristales de energ\u00eda micro y molecular: Reducen el contenido mineral del l\u00edquido, incluidos \u00e1cidos y \u00e1lcalis. Captura los fluoruros, transforma el agua dura en agua blanda.<br \/>\nAl germanio se le atribuyen los siguientes efectos cient\u00edficos: Es un semimetal gris\/blanco y quebradizo. Est\u00e1 formado por 6 \u00e1tomos de germanio y 12 de ox\u00edgeno.<br \/>\nSuministra ox\u00edgeno a las c\u00e9lulas y refuerza el sistema inmunitario.<br \/>\nSe considera un captador de radicales para los iones H+ resultantes del proceso de combusti\u00f3n organ\u00edsmica.<br \/>\nEl germanio estimula el sistema inmunitario y lo equilibra.<br \/>\nSe activan las defensas del propio organismo.<br \/>\nA la turmalina se le atribuyen efectos cient\u00edficos: genera electr\u00f3lisis, produce iones negativos y atrae los rayos infrarrojos lejanos y los difunde de nuevo en el agua.<br \/>\nLos componentes totales aportan propiedades antibacterianas y aumentan el ox\u00edgeno disuelto y las mol\u00e9culas de agua ionizadas al reducir su tama\u00f1o de agrupaci\u00f3n. (Nano Agrupaci\u00f3n)<br \/>\nDicho efecto cient\u00edfico de Maifanshi: Con efectos de esterilizaci\u00f3n superiores, libera m\u00e1s minerales y activa el agua para descomponer las impurezas.<br \/>\nEl maifanshi se ha utilizado durante siglos en Asia para muchas situaciones de salud debido a su capacidad para crear iones negativos y mantener un valor de pH estable en el agua.<br \/>\nAl im\u00e1n de neodimio se le atribuye un efecto cient\u00edfico: Favorecer el mantenimiento del pH y del ORP (potencial de reducci\u00f3n oxidativa) del agua.<br \/>\nIoniza el l\u00edquido y enriquece as\u00ed las c\u00e9lulas del organismo con m\u00e1s ox\u00edgeno.<br \/>\nComo resultado, se refuerzan las defensas y el sistema inmunitario del organismo, lo que se traduce en un aumento de la vitalidad f\u00edsica.<br \/>\nAdem\u00e1s de optimizar el bienestar general, su uso activa el suministro de nutrientes del organismo y estimula importantes procesos curativos.<br \/>\nGeneralidades: El agua puede estar ligeramente turbia, se trata de minerales positivos bebibles para su cuerpo y su salud.<br \/>\nNo tiene efectos secundarios.<br \/>\nFuerza magn\u00e9tica + ionizaci\u00f3n + mineralizaci\u00f3n en la bebida -<br \/>\nLongitud aprox. 19,5 cm \/ \u00d8 aprox. 1,85 cm \/ acero inoxidable \/ sin n\u00edquel \/ sin alergias.<\/p>","protected":false},"featured_media":2828,"comment_status":"open","ping_status":"closed","template":"","meta":[],"product_brand":[],"product_cat":[17,22],"product_tag":[29],"class_list":{"0":"post-2824","1":"product","2":"type-product","3":"status-publish","4":"has-post-thumbnail","6":"product_cat-alle-produkte","7":"product_cat-wasserstabe","8":"product_tag-remedium","9":"thunk-woo-product-list","10":"opn-qv-enable","11":"top-store-woo-hover-zoom","12":"top-store-single-product-tab-horizontal","13":"top-store-shadow-","14":"top-store-shadow-hover-","16":"first","17":"instock","18":"sale","19":"taxable","20":"shipping-taxable","21":"purchasable","22":"product-type-simple"},"_links":{"self":[{"href":"https:\/\/trinitixshop.de\/es\/wp-json\/wp\/v2\/product\/2824","targetHints":{"allow":["GET"]}}],"collection":[{"href":"https:\/\/trinitixshop.de\/es\/wp-json\/wp\/v2\/product"}],"about":[{"href":"https:\/\/trinitixshop.de\/es\/wp-json\/wp\/v2\/types\/product"}],"replies":[{"embeddable":true,"href":"https:\/\/trinitixshop.de\/es\/wp-json\/wp\/v2\/comments?post=2824"}],"wp:featuredmedia":[{"embeddable":true,"href":"https:\/\/trinitixshop.de\/es\/wp-json\/wp\/v2\/media\/2828"}],"wp:attachment":[{"href":"https:\/\/trinitixshop.de\/es\/wp-json\/wp\/v2\/media?parent=2824"}],"wp:term":[{"taxonomy":"product_brand","embeddable":true,"href":"https:\/\/trinitixshop.de\/es\/wp-json\/wp\/v2\/product_brand?post=2824"},{"taxonomy":"product_cat","embeddable":true,"href":"https:\/\/trinitixshop.de\/es\/wp-json\/wp\/v2\/product_cat?post=2824"},{"taxonomy":"product_tag","embeddable":true,"href":"https:\/\/trinitixshop.de\/es\/wp-json\/wp\/v2\/product_tag?post=2824"}],"curies":[{"name":"wp","href":"https:\/\/api.w.org\/{rel}","templated":true}]}}