{"id":2825,"date":"2023-06-28T14:01:37","date_gmt":"2023-06-28T12:01:37","guid":{"rendered":"https:\/\/trinitixshop.de\/?post_type=product&#038;p=2825"},"modified":"2023-06-28T14:11:45","modified_gmt":"2023-06-28T12:11:45","slug":"salamandra-de-varilla-magnetica-con-cristal-swarovski","status":"publish","type":"product","link":"https:\/\/trinitixshop.de\/es\/produkt\/power-magnetstab-salamander-mit-swarovski-crystal\/","title":{"rendered":"Varita magn\u00e9tica salamandra con cristal Swarovski"},"content":{"rendered":"<p>[310] WX139900T<\/p>\n","protected":false},"excerpt":{"rendered":"<p>Potente salamandra de varilla magn\u00e9tica con brillantes ojos verde esmeralda (Swarovski Crystal Element).<br \/>\nDise\u00f1o s\u00f3lido y moldeado. Fabricado a mano.<br \/>\nAcero inoxidable, sin cadmio, sin n\u00edquel y sin alergias.<br \/>\nCon im\u00e1n extrafuerte en el extremo de la barra (aprox. 3.000 gauss).<br \/>\nEnergiza tu bebida. Si la fuerza magn\u00e9tica puede cambiar positivamente el agua, puede imaginar el efecto positivo que tiene en la estructura de su cuerpo.<br \/>\nBebidas magnetizadas: un beneficio para el cuerpo. Coloque la varilla imantada en su bebida (agua, zumo, cerveza, vino, etc.). La consistencia de la bebida cambia positivamente gracias a esta varilla. Muchos clientes afirman que la bebida mejora su sabor y se vuelve m\u00e1s suave.<br \/>\n73 % del cuerpo est\u00e1 formado por agua, el interior de la cabeza incluso hasta 80%. Los investigadores han descubierto que el nivel de energ\u00eda del agua aumenta cuando se enriquece con energ\u00eda positiva. Incluso su estructura cambia para que todo est\u00e9 perfecta y armoniosamente dispuesto. Cuanto m\u00e1s fuerte es la energ\u00eda positiva, m\u00e1s armoniosa es el agua. Un nivel energ\u00e9tico negativo del agua tiene un efecto negativo en la estructura de nuestro cuerpo.<br \/>\nColoque la barrita energ\u00e9tica directamente en el vaso, tibia o fr\u00eda, pero no hirviendo.<br \/>\nBastan unos 10 segundos para que el l\u00edquido se magnetice y se enriquezca con energ\u00eda positiva.<\/p>","protected":false},"featured_media":2830,"comment_status":"open","ping_status":"closed","template":"","meta":[],"product_brand":[],"product_cat":[17,22],"product_tag":[29],"class_list":{"0":"post-2825","1":"product","2":"type-product","3":"status-publish","4":"has-post-thumbnail","6":"product_cat-alle-produkte","7":"product_cat-wasserstabe","8":"product_tag-remedium","9":"thunk-woo-product-list","10":"opn-qv-enable","11":"top-store-woo-hover-zoom","12":"top-store-single-product-tab-horizontal","13":"top-store-shadow-","14":"top-store-shadow-hover-","16":"first","17":"instock","18":"sale","19":"taxable","20":"shipping-taxable","21":"purchasable","22":"product-type-simple"},"_links":{"self":[{"href":"https:\/\/trinitixshop.de\/es\/wp-json\/wp\/v2\/product\/2825","targetHints":{"allow":["GET"]}}],"collection":[{"href":"https:\/\/trinitixshop.de\/es\/wp-json\/wp\/v2\/product"}],"about":[{"href":"https:\/\/trinitixshop.de\/es\/wp-json\/wp\/v2\/types\/product"}],"replies":[{"embeddable":true,"href":"https:\/\/trinitixshop.de\/es\/wp-json\/wp\/v2\/comments?post=2825"}],"wp:featuredmedia":[{"embeddable":true,"href":"https:\/\/trinitixshop.de\/es\/wp-json\/wp\/v2\/media\/2830"}],"wp:attachment":[{"href":"https:\/\/trinitixshop.de\/es\/wp-json\/wp\/v2\/media?parent=2825"}],"wp:term":[{"taxonomy":"product_brand","embeddable":true,"href":"https:\/\/trinitixshop.de\/es\/wp-json\/wp\/v2\/product_brand?post=2825"},{"taxonomy":"product_cat","embeddable":true,"href":"https:\/\/trinitixshop.de\/es\/wp-json\/wp\/v2\/product_cat?post=2825"},{"taxonomy":"product_tag","embeddable":true,"href":"https:\/\/trinitixshop.de\/es\/wp-json\/wp\/v2\/product_tag?post=2825"}],"curies":[{"name":"wp","href":"https:\/\/api.w.org\/{rel}","templated":true}]}}