{"id":3480,"date":"2024-08-08T10:27:38","date_gmt":"2024-08-08T08:27:38","guid":{"rendered":"https:\/\/trinitixshop.de\/?post_type=product&#038;p=3480"},"modified":"2025-11-09T13:27:20","modified_gmt":"2025-11-09T12:27:20","slug":"pulsera-jupiter-ion-silicona-negra-con-cristales-swarovski","status":"publish","type":"product","link":"https:\/\/trinitixshop.de\/es\/produkt\/jupiter-ionen-silikonarmband-schwarz-mit-swarovski-crystals\/","title":{"rendered":"Jupiter Ionen Silikonarmband schwarz mit Swarovski Crystals # 2018"},"content":{"rendered":"<p>NB201800T<\/p>","protected":false},"excerpt":{"rendered":"<div class=\"width-80\">\n<p><strong>SENSACI\u00d3N DE PRECIO<\/strong><\/p>\n<p>Pulsera de silicona magn\u00e9tica Ion Power con dise\u00f1o de 3 alas, negra.<br \/>\nPlaca de joyer\u00eda de acero inoxidable con elementos de cristal de Swarovski originales y brillantes, constelaci\u00f3n de J\u00fapiter.<\/p>\n<p>C\u00f3moda mu\u00f1equera de silicona ionizada Power Band para una circunferencia de mu\u00f1eca de 15 a 23 cm.<\/p>\n<p>Las pulseras de energ\u00eda magn\u00e9tica de silicona se han convertido en parte integrante del mundo del deporte.<\/p>\n<\/div>\n<div class=\"width-80\">La tendencia de Estados Unidos es popular entre muchos atletas de \u00e9lite.<br \/>\nEstas pulseras de energ\u00eda son un reclamo exclusivo.<br \/>\nRendimiento, dise\u00f1o y calidad al m\u00e1s alto nivel.<br \/>\nDie Original Svarowski best shining Elements bezaubern durch einzigartiges Funkeln.Energie und Eleganz!Jedes unserer Schmuckst\u00fccke ist mit hochwertigen und kraftvollen Neodym-Magneten versehen.<\/p>\n<p>Incrustaci\u00f3n de im\u00e1n de neodimio con aproximadamente 2.200 gauss.<\/p>\n<p>Acero inoxidable m\u00e9dico, sin cadmio, n\u00edquel ni plomo. Sin alergias. La silicona no contiene plastificantes altamente cancer\u00edgenos.<\/p>\n<\/div>","protected":false},"featured_media":3481,"comment_status":"open","ping_status":"closed","template":"","meta":[],"product_brand":[],"product_cat":[17,19],"product_tag":[27],"class_list":{"0":"post-3480","1":"product","2":"type-product","3":"status-publish","4":"has-post-thumbnail","6":"product_cat-alle-produkte","7":"product_cat-armbander","8":"product_tag-tribalance","9":"thunk-woo-product-list","10":"opn-qv-enable","11":"top-store-woo-hover-zoom","12":"top-store-single-product-tab-horizontal","13":"top-store-shadow-","14":"top-store-shadow-hover-","16":"first","17":"instock","18":"sale","19":"taxable","20":"shipping-taxable","21":"purchasable","22":"product-type-simple"},"_links":{"self":[{"href":"https:\/\/trinitixshop.de\/es\/wp-json\/wp\/v2\/product\/3480","targetHints":{"allow":["GET"]}}],"collection":[{"href":"https:\/\/trinitixshop.de\/es\/wp-json\/wp\/v2\/product"}],"about":[{"href":"https:\/\/trinitixshop.de\/es\/wp-json\/wp\/v2\/types\/product"}],"replies":[{"embeddable":true,"href":"https:\/\/trinitixshop.de\/es\/wp-json\/wp\/v2\/comments?post=3480"}],"wp:featuredmedia":[{"embeddable":true,"href":"https:\/\/trinitixshop.de\/es\/wp-json\/wp\/v2\/media\/3481"}],"wp:attachment":[{"href":"https:\/\/trinitixshop.de\/es\/wp-json\/wp\/v2\/media?parent=3480"}],"wp:term":[{"taxonomy":"product_brand","embeddable":true,"href":"https:\/\/trinitixshop.de\/es\/wp-json\/wp\/v2\/product_brand?post=3480"},{"taxonomy":"product_cat","embeddable":true,"href":"https:\/\/trinitixshop.de\/es\/wp-json\/wp\/v2\/product_cat?post=3480"},{"taxonomy":"product_tag","embeddable":true,"href":"https:\/\/trinitixshop.de\/es\/wp-json\/wp\/v2\/product_tag?post=3480"}],"curies":[{"name":"wp","href":"https:\/\/api.w.org\/{rel}","templated":true}]}}