{"id":3483,"date":"2024-08-08T11:04:58","date_gmt":"2024-08-08T09:04:58","guid":{"rendered":"https:\/\/trinitixshop.de\/?post_type=product&#038;p=3483"},"modified":"2024-08-08T11:04:58","modified_gmt":"2024-08-08T09:04:58","slug":"power-link-pulsera-encanto-iman-pulsera-de-plata","status":"publish","type":"product","link":"https:\/\/trinitixshop.de\/es\/produkt\/power-gliederarmband-charm-magnet-bettelarmband-silber\/","title":{"rendered":"Power link pulsera encanto im\u00e1n pulsera de plata"},"content":{"rendered":"<p>SB164319T<\/p>","protected":false},"excerpt":{"rendered":"<div class=\"width-80\">Muestra tu alegr\u00eda con la cl\u00e1sica pulsera magn\u00e9tica con cierre de langosta, muy pulida.<\/div>\n<div class=\"width-80\">\nCharms div. disponibles por separado aqu\u00ed: #714 \/ #1177 \/ # 2612<\/div>\n<div class=\"width-80\">\nLa longitud de la pulsera puede ajustarse f\u00e1cilmente. La longitud m\u00e1x. es XL con aprox. 21 cm.<\/div>\n<div class=\"width-80\">\nSienta el poder vitalizante: en la placa magn\u00e9tica se han incorporado 2 potentes imanes de neodimio con aprox. 1.200 gauss.<\/p>\n<p>Acero inoxidable, sin cadmio, n\u00edquel ni plomo. Sin al\u00e9rgenos.<\/p>\n<p>\"Hecho con amor\" Adem\u00e1s, este elegante accesorio te har\u00e1 destacar entre la multitud y atraer la atenci\u00f3n de los dem\u00e1s.<\/p><\/div>\n<div class=\"width-80\">\nEsta potente pulsera es una joya sencilla y atemporal que siempre queda bien.<\/div>\n<div class=\"width-80\">\nEl dise\u00f1o unisex es ideal para \u00e9l y para ella. Resulta especialmente eficaz en combinaci\u00f3n con otros colgantes.<\/div>\n<div class=\"width-80\">\nExperimente las formas claras y el dise\u00f1o cl\u00e1sico para cada ocasi\u00f3n.<br \/>\nConsigue esta potente pulsera de poder de nueva generaci\u00f3n y si\u00e9ntelo: \u00a1el poder del magnetismo!<\/div>","protected":false},"featured_media":3484,"comment_status":"open","ping_status":"closed","template":"","meta":[],"product_brand":[],"product_cat":[17,19],"product_tag":[24],"class_list":{"0":"post-3483","1":"product","2":"type-product","3":"status-publish","4":"has-post-thumbnail","6":"product_cat-alle-produkte","7":"product_cat-armbander","8":"product_tag-jungbrunn","9":"thunk-woo-product-list","10":"opn-qv-enable","11":"top-store-woo-hover-zoom","12":"top-store-single-product-tab-horizontal","13":"top-store-shadow-","14":"top-store-shadow-hover-","16":"first","17":"instock","18":"sale","19":"taxable","20":"shipping-taxable","21":"purchasable","22":"product-type-simple"},"_links":{"self":[{"href":"https:\/\/trinitixshop.de\/es\/wp-json\/wp\/v2\/product\/3483","targetHints":{"allow":["GET"]}}],"collection":[{"href":"https:\/\/trinitixshop.de\/es\/wp-json\/wp\/v2\/product"}],"about":[{"href":"https:\/\/trinitixshop.de\/es\/wp-json\/wp\/v2\/types\/product"}],"replies":[{"embeddable":true,"href":"https:\/\/trinitixshop.de\/es\/wp-json\/wp\/v2\/comments?post=3483"}],"wp:featuredmedia":[{"embeddable":true,"href":"https:\/\/trinitixshop.de\/es\/wp-json\/wp\/v2\/media\/3484"}],"wp:attachment":[{"href":"https:\/\/trinitixshop.de\/es\/wp-json\/wp\/v2\/media?parent=3483"}],"wp:term":[{"taxonomy":"product_brand","embeddable":true,"href":"https:\/\/trinitixshop.de\/es\/wp-json\/wp\/v2\/product_brand?post=3483"},{"taxonomy":"product_cat","embeddable":true,"href":"https:\/\/trinitixshop.de\/es\/wp-json\/wp\/v2\/product_cat?post=3483"},{"taxonomy":"product_tag","embeddable":true,"href":"https:\/\/trinitixshop.de\/es\/wp-json\/wp\/v2\/product_tag?post=3483"}],"curies":[{"name":"wp","href":"https:\/\/api.w.org\/{rel}","templated":true}]}}