{"id":3506,"date":"2024-08-08T14:08:33","date_gmt":"2024-08-08T12:08:33","guid":{"rendered":"https:\/\/trinitixshop.de\/?post_type=product&#038;p=3506"},"modified":"2024-08-08T14:08:33","modified_gmt":"2024-08-08T12:08:33","slug":"pulsera-magnetica-bicolor-flex-acero-inoxidable-oro-plata","status":"publish","type":"product","link":"https:\/\/trinitixshop.de\/es\/produkt\/flex-bicolor-magnetarmband-edelstahl-gold-silber\/","title":{"rendered":"Pulsera magn\u00e9tica Flex bicolor acero inoxidable oro \/ plata"},"content":{"rendered":"<p>SB044011T<\/p>","protected":false},"excerpt":{"rendered":"<div class=\"width-80\">Pulsera magn\u00e9tica de energ\u00eda flexible, oro \/ plata. Con ba\u00f1o de iones.<\/p>\n<p>Anchura aprox. 8 mm, grosor aprox. 4 mm.<br \/>\nIncrustaciones de im\u00e1n de neodimio con aproximadamente 2.200 gauss.<\/p>\n<p>Acero inoxidable, sin cadmio, n\u00edquel ni plomo. Sin al\u00e9rgenos.<\/p>\n<p>Belleza y una nueva ligereza. A\u00f1o tras a\u00f1o, nuestras pulseras de energ\u00eda figuran entre los art\u00edculos m\u00e1s populares de la colecci\u00f3n.<\/p><\/div>\n<div class=\"width-80\">\nConv\u00e9nzase usted misma de lo bonitas, resistentes y adaptables que son estas joyas. Seguro que no querr\u00e1 desprenderse de ellas.<\/p>\n<p>Siente el poder de los imanes.<\/p><\/div>","protected":false},"featured_media":3507,"comment_status":"open","ping_status":"closed","template":"","meta":[],"product_brand":[],"product_cat":[17,19],"product_tag":[25],"class_list":{"0":"post-3506","1":"product","2":"type-product","3":"status-publish","4":"has-post-thumbnail","6":"product_cat-alle-produkte","7":"product_cat-armbander","8":"product_tag-t-prime","9":"thunk-woo-product-list","10":"opn-qv-enable","11":"top-store-woo-hover-zoom","12":"top-store-single-product-tab-horizontal","13":"top-store-shadow-","14":"top-store-shadow-hover-","16":"first","17":"instock","18":"sale","19":"taxable","20":"shipping-taxable","21":"purchasable","22":"product-type-variable"},"_links":{"self":[{"href":"https:\/\/trinitixshop.de\/es\/wp-json\/wp\/v2\/product\/3506","targetHints":{"allow":["GET"]}}],"collection":[{"href":"https:\/\/trinitixshop.de\/es\/wp-json\/wp\/v2\/product"}],"about":[{"href":"https:\/\/trinitixshop.de\/es\/wp-json\/wp\/v2\/types\/product"}],"replies":[{"embeddable":true,"href":"https:\/\/trinitixshop.de\/es\/wp-json\/wp\/v2\/comments?post=3506"}],"wp:featuredmedia":[{"embeddable":true,"href":"https:\/\/trinitixshop.de\/es\/wp-json\/wp\/v2\/media\/3507"}],"wp:attachment":[{"href":"https:\/\/trinitixshop.de\/es\/wp-json\/wp\/v2\/media?parent=3506"}],"wp:term":[{"taxonomy":"product_brand","embeddable":true,"href":"https:\/\/trinitixshop.de\/es\/wp-json\/wp\/v2\/product_brand?post=3506"},{"taxonomy":"product_cat","embeddable":true,"href":"https:\/\/trinitixshop.de\/es\/wp-json\/wp\/v2\/product_cat?post=3506"},{"taxonomy":"product_tag","embeddable":true,"href":"https:\/\/trinitixshop.de\/es\/wp-json\/wp\/v2\/product_tag?post=3506"}],"curies":[{"name":"wp","href":"https:\/\/api.w.org\/{rel}","templated":true}]}}