{"id":3513,"date":"2024-08-08T14:30:33","date_gmt":"2024-08-08T12:30:33","guid":{"rendered":"https:\/\/trinitixshop.de\/?post_type=product&#038;p=3513"},"modified":"2026-03-26T14:44:28","modified_gmt":"2026-03-26T13:44:28","slug":"flexi-brazalete-cobre-acero-inoxidable-cubo-retro-flexi","status":"publish","type":"product","link":"https:\/\/trinitixshop.de\/es\/produkt\/flex-edelstahl-kupfer-armband-cube-retro-flexi\/","title":{"rendered":"Flex Edelstahl Kupfer Magnetschmuck Armband Cube Retro flexibel S oder M # 1166"},"content":{"rendered":"<p>SB116605T<\/p>","protected":false},"excerpt":{"rendered":"<div class=\"width-80\">\n<p>Pulsera magn\u00e9tica flexible de dise\u00f1o retro, lisa \/ plateada, elementos mates y pulidos.<\/p>\n<p>Anchura: aprox. 7,3 mm, grosor aprox. 3,3 mm.<\/p>\n<p>Incrustaciones de im\u00e1n de neodimio con aproximadamente 2.200 gauss.<\/p>\n<p>Acero inoxidable, sin cadmio, n\u00edquel ni plomo. Sin al\u00e9rgenos.<\/p>\n<p>Con elemento de cobre.<br \/>\nEfecto del cobre (CU):<br \/>\nFavorece la formaci\u00f3n de anticuerpos en el sistema de defensa, el crecimiento, el desarrollo y el fortalecimiento de los huesos.<\/p>\n<p>Belleza y una nueva ligereza. Nuestras pulseras flexibles de energ\u00eda figuran entre los art\u00edculos m\u00e1s populares de la colecci\u00f3n a\u00f1o tras a\u00f1o.<\/p>\n<p>Compruebe usted mismo lo bonitas, resistentes y adaptables que son estas piezas de joyer\u00eda.<\/p>\n<\/div>\n<div class=\"width-80\">Seguro que no querr\u00e1 desprenderse de \u00e9l en mucho tiempo.<\/div>\n<div><\/div>\n<div>\n<div>Verf\u00fcgbare Gr\u00f6\u00dfen: S (14-15 cm), M (15-16 cm) oder XXL (20-22 cm).<\/div>\n<div>Bitte teile Sie uns Ihre gew\u00fcnschte Liefergr\u00f6\u00dfe mit.<\/div>\n<\/div>\n<div><\/div>","protected":false},"featured_media":3928,"comment_status":"open","ping_status":"closed","template":"","meta":[],"product_brand":[],"product_cat":[17,19],"product_tag":[25],"class_list":{"0":"post-3513","1":"product","2":"type-product","3":"status-publish","4":"has-post-thumbnail","6":"product_cat-alle-produkte","7":"product_cat-armbander","8":"product_tag-t-prime","9":"thunk-woo-product-list","10":"opn-qv-enable","11":"top-store-woo-hover-zoom","12":"top-store-single-product-tab-horizontal","13":"top-store-shadow-","14":"top-store-shadow-hover-","16":"first","17":"instock","18":"sale","19":"taxable","20":"shipping-taxable","21":"purchasable","22":"product-type-variable"},"_links":{"self":[{"href":"https:\/\/trinitixshop.de\/es\/wp-json\/wp\/v2\/product\/3513","targetHints":{"allow":["GET"]}}],"collection":[{"href":"https:\/\/trinitixshop.de\/es\/wp-json\/wp\/v2\/product"}],"about":[{"href":"https:\/\/trinitixshop.de\/es\/wp-json\/wp\/v2\/types\/product"}],"replies":[{"embeddable":true,"href":"https:\/\/trinitixshop.de\/es\/wp-json\/wp\/v2\/comments?post=3513"}],"wp:featuredmedia":[{"embeddable":true,"href":"https:\/\/trinitixshop.de\/es\/wp-json\/wp\/v2\/media\/3928"}],"wp:attachment":[{"href":"https:\/\/trinitixshop.de\/es\/wp-json\/wp\/v2\/media?parent=3513"}],"wp:term":[{"taxonomy":"product_brand","embeddable":true,"href":"https:\/\/trinitixshop.de\/es\/wp-json\/wp\/v2\/product_brand?post=3513"},{"taxonomy":"product_cat","embeddable":true,"href":"https:\/\/trinitixshop.de\/es\/wp-json\/wp\/v2\/product_cat?post=3513"},{"taxonomy":"product_tag","embeddable":true,"href":"https:\/\/trinitixshop.de\/es\/wp-json\/wp\/v2\/product_tag?post=3513"}],"curies":[{"name":"wp","href":"https:\/\/api.w.org\/{rel}","templated":true}]}}