{"id":3551,"date":"2024-08-09T13:47:51","date_gmt":"2024-08-09T11:47:51","guid":{"rendered":"https:\/\/trinitixshop.de\/?post_type=product&#038;p=3551"},"modified":"2024-08-09T13:50:57","modified_gmt":"2024-08-09T11:50:57","slug":"power-brazalete-de-acero-zahara-bicolor-xs-xxl","status":"publish","type":"product","link":"https:\/\/trinitixshop.de\/es\/produkt\/power-edelstahl-armband-zahara-bicolor-xs-xxl\/","title":{"rendered":"Pulsera de acero ZAHARA bicolor XS - XXL"},"content":{"rendered":"<p>SB826300T<\/p>","protected":false},"excerpt":{"rendered":"<div class=\"width-80\">\n<p>Robusta pulsera magn\u00e9tica energ\u00e9tica bicolor \"Zahara\". Elaboradamente pulida.<\/p>\n<p>Anchura aproximada de 12 mm. Incrustaciones de im\u00e1n de neodimio con aprox. 3.000 gauss.<\/p>\n<p>Acero inoxidable, sin cadmio, n\u00edquel ni plomo. Sin al\u00e9rgenos.<\/p>\n<p>Belleza y una nueva ligereza. A\u00f1o tras a\u00f1o, nuestras pulseras de energ\u00eda figuran entre los art\u00edculos m\u00e1s populares de la colecci\u00f3n.<\/p>\n<p>Compruebe usted mismo lo bonitas, resistentes y adaptables que son estas piezas de joyer\u00eda.<\/p>\n<\/div>\n<div class=\"width-80\">Seguro que no querr\u00e1 desprenderse de \u00e9l en mucho tiempo y sentir\u00e1 el poder de los imanes.<\/p>\n<p>Tallas disponibles: XS (13-14 cm), S (14-15 cm), M (15-16 cm), L (16-18 cm), XL (18-20 cm) o XXL (20-22 cm).<\/p>\n<\/div>\n<div class=\"width-80\"><\/div>\n<div class=\"width-80\">Ind\u00edquenos el tama\u00f1o de entrega deseado.<\/div>","protected":false},"featured_media":3552,"comment_status":"open","ping_status":"closed","template":"","meta":[],"product_brand":[],"product_cat":[17,19],"product_tag":[25],"class_list":{"0":"post-3551","1":"product","2":"type-product","3":"status-publish","4":"has-post-thumbnail","6":"product_cat-alle-produkte","7":"product_cat-armbander","8":"product_tag-t-prime","9":"thunk-woo-product-list","10":"opn-qv-enable","11":"top-store-woo-hover-zoom","12":"top-store-single-product-tab-horizontal","13":"top-store-shadow-","14":"top-store-shadow-hover-","16":"first","17":"instock","18":"sale","19":"taxable","20":"shipping-taxable","21":"purchasable","22":"product-type-variable"},"_links":{"self":[{"href":"https:\/\/trinitixshop.de\/es\/wp-json\/wp\/v2\/product\/3551","targetHints":{"allow":["GET"]}}],"collection":[{"href":"https:\/\/trinitixshop.de\/es\/wp-json\/wp\/v2\/product"}],"about":[{"href":"https:\/\/trinitixshop.de\/es\/wp-json\/wp\/v2\/types\/product"}],"replies":[{"embeddable":true,"href":"https:\/\/trinitixshop.de\/es\/wp-json\/wp\/v2\/comments?post=3551"}],"wp:featuredmedia":[{"embeddable":true,"href":"https:\/\/trinitixshop.de\/es\/wp-json\/wp\/v2\/media\/3552"}],"wp:attachment":[{"href":"https:\/\/trinitixshop.de\/es\/wp-json\/wp\/v2\/media?parent=3551"}],"wp:term":[{"taxonomy":"product_brand","embeddable":true,"href":"https:\/\/trinitixshop.de\/es\/wp-json\/wp\/v2\/product_brand?post=3551"},{"taxonomy":"product_cat","embeddable":true,"href":"https:\/\/trinitixshop.de\/es\/wp-json\/wp\/v2\/product_cat?post=3551"},{"taxonomy":"product_tag","embeddable":true,"href":"https:\/\/trinitixshop.de\/es\/wp-json\/wp\/v2\/product_tag?post=3551"}],"curies":[{"name":"wp","href":"https:\/\/api.w.org\/{rel}","templated":true}]}}