{"id":3559,"date":"2024-08-09T14:11:41","date_gmt":"2024-08-09T12:11:41","guid":{"rendered":"https:\/\/trinitixshop.de\/?post_type=product&#038;p=3559"},"modified":"2024-08-09T14:11:41","modified_gmt":"2024-08-09T12:11:41","slug":"fashion-energy-pulsera-fun-jeunesse-bicolor-xs-xxl","status":"publish","type":"product","link":"https:\/\/trinitixshop.de\/es\/produkt\/fashion-energie-armband-fun-jeunesse-bicolor-xs-xxl\/","title":{"rendered":"Pulsera Fashion Energy Fun Jeunesse bicolor XS-XXL"},"content":{"rendered":"<p>SB800800T<\/p>","protected":false},"excerpt":{"rendered":"<div class=\"width-80\">S\u00f3lida y elegante pulsera magn\u00e9tica energ\u00e9tica \"Fun - Jeunesse\" en bicolor.<\/p>\n<p>Anchura aproximada de 14 mm. Incrustaciones de im\u00e1n de neodimio con aprox. 2.200 gauss.<\/p>\n<p>Acero inoxidable, sin cadmio, n\u00edquel ni plomo. Sin al\u00e9rgenos.<\/p>\n<p>A\u00f1o tras a\u00f1o, nuestras pulseras de energ\u00eda figuran entre los art\u00edculos m\u00e1s populares de la colecci\u00f3n.<\/p>\n<p>Compruebe usted mismo lo bonitas, resistentes y adaptables que son estas piezas de joyer\u00eda.<\/p><\/div>\n<div class=\"width-80\">\nSeguro que no querr\u00e1 desprenderse de \u00e9l en mucho tiempo.<\/p>\n<p>Siente el poder de los imanes.<\/p>\n<p>Tallas disponibles:  XS-XXL Tallas XS (13-14 cm), S (14-15 cm), M (15-16 cm), L (16-18 cm), XL (18-20 cm) o XXL (20-22 cm).<\/p><\/div>\n<div class=\"width-80\"><\/div>\n<div class=\"width-80\">Ind\u00edquenos el tama\u00f1o de entrega deseado.<\/div>","protected":false},"featured_media":3560,"comment_status":"open","ping_status":"closed","template":"","meta":[],"product_brand":[],"product_cat":[17,19],"product_tag":[],"class_list":{"0":"post-3559","1":"product","2":"type-product","3":"status-publish","4":"has-post-thumbnail","6":"product_cat-alle-produkte","7":"product_cat-armbander","8":"thunk-woo-product-list","9":"opn-qv-enable","10":"top-store-woo-hover-zoom","11":"top-store-single-product-tab-horizontal","12":"top-store-shadow-","13":"top-store-shadow-hover-","15":"first","16":"instock","17":"sale","18":"taxable","19":"shipping-taxable","20":"purchasable","21":"product-type-variable"},"_links":{"self":[{"href":"https:\/\/trinitixshop.de\/es\/wp-json\/wp\/v2\/product\/3559","targetHints":{"allow":["GET"]}}],"collection":[{"href":"https:\/\/trinitixshop.de\/es\/wp-json\/wp\/v2\/product"}],"about":[{"href":"https:\/\/trinitixshop.de\/es\/wp-json\/wp\/v2\/types\/product"}],"replies":[{"embeddable":true,"href":"https:\/\/trinitixshop.de\/es\/wp-json\/wp\/v2\/comments?post=3559"}],"wp:featuredmedia":[{"embeddable":true,"href":"https:\/\/trinitixshop.de\/es\/wp-json\/wp\/v2\/media\/3560"}],"wp:attachment":[{"href":"https:\/\/trinitixshop.de\/es\/wp-json\/wp\/v2\/media?parent=3559"}],"wp:term":[{"taxonomy":"product_brand","embeddable":true,"href":"https:\/\/trinitixshop.de\/es\/wp-json\/wp\/v2\/product_brand?post=3559"},{"taxonomy":"product_cat","embeddable":true,"href":"https:\/\/trinitixshop.de\/es\/wp-json\/wp\/v2\/product_cat?post=3559"},{"taxonomy":"product_tag","embeddable":true,"href":"https:\/\/trinitixshop.de\/es\/wp-json\/wp\/v2\/product_tag?post=3559"}],"curies":[{"name":"wp","href":"https:\/\/api.w.org\/{rel}","templated":true}]}}