{"id":3575,"date":"2024-08-09T15:34:57","date_gmt":"2024-08-09T13:34:57","guid":{"rendered":"https:\/\/trinitixshop.de\/?post_type=product&#038;p=3575"},"modified":"2024-08-09T15:34:57","modified_gmt":"2024-08-09T13:34:57","slug":"wellness-brazalete-acero-victoria-oro-xs-xxl","status":"publish","type":"product","link":"https:\/\/trinitixshop.de\/es\/produkt\/wellness-edelstahl-armband-victoria-gold-xs-xxl\/","title":{"rendered":"Wellness brazalete de acero inoxidable Victoria Gold XS - XXL"},"content":{"rendered":"<p>SB801102T<\/p>","protected":false},"excerpt":{"rendered":"<div class=\"width-80\">Exclusivo brazalete magn\u00e9tico, acero inoxidable macizo, chapado en oro duro de 24 quilates.<\/div>\n<div class=\"width-80\">\nPulido elaborado: los elementos est\u00e1n pulidos alternativamente en alto brillo y mate.<\/p>\n<p>Anchura aproximada de 7 mm. Incrustaciones de im\u00e1n de neodimio con aprox. 2.200 gauss.<br \/>\nAcero inoxidable, sin cadmio, n\u00edquel ni plomo. Sin al\u00e9rgenos.<\/p>\n<p>Belleza y una nueva ligereza. A\u00f1o tras a\u00f1o, nuestras pulseras de energ\u00eda figuran entre los art\u00edculos m\u00e1s populares de la colecci\u00f3n.<\/p>\n<p>Compruebe usted mismo lo bonitas, resistentes y adaptables que son estas piezas de joyer\u00eda.<\/p><\/div>\n<div class=\"width-80\">\nSeguro que no querr\u00e1 desprenderse de \u00e9l en mucho tiempo.<\/p>\n<p>Siente el poder de los imanes.<\/p>\n<p>Tallas disponibles:  XS (13-14 cm), S (14-15 cm), M (15-16 cm), L (16-18 cm), XL (18-20 cm) o XXL (20-22 cm).<\/p><\/div>\n<div class=\"width-80\"><\/div>\n<div class=\"width-80\">Ind\u00edquenos el tama\u00f1o de entrega deseado.<\/div>","protected":false},"featured_media":3578,"comment_status":"open","ping_status":"closed","template":"","meta":[],"product_brand":[],"product_cat":[17,19],"product_tag":[24],"class_list":{"0":"post-3575","1":"product","2":"type-product","3":"status-publish","4":"has-post-thumbnail","6":"product_cat-alle-produkte","7":"product_cat-armbander","8":"product_tag-jungbrunn","9":"thunk-woo-product-list","10":"opn-qv-enable","11":"top-store-woo-hover-zoom","12":"top-store-single-product-tab-horizontal","13":"top-store-shadow-","14":"top-store-shadow-hover-","16":"first","17":"instock","18":"sale","19":"taxable","20":"shipping-taxable","21":"purchasable","22":"product-type-variable"},"_links":{"self":[{"href":"https:\/\/trinitixshop.de\/es\/wp-json\/wp\/v2\/product\/3575","targetHints":{"allow":["GET"]}}],"collection":[{"href":"https:\/\/trinitixshop.de\/es\/wp-json\/wp\/v2\/product"}],"about":[{"href":"https:\/\/trinitixshop.de\/es\/wp-json\/wp\/v2\/types\/product"}],"replies":[{"embeddable":true,"href":"https:\/\/trinitixshop.de\/es\/wp-json\/wp\/v2\/comments?post=3575"}],"wp:featuredmedia":[{"embeddable":true,"href":"https:\/\/trinitixshop.de\/es\/wp-json\/wp\/v2\/media\/3578"}],"wp:attachment":[{"href":"https:\/\/trinitixshop.de\/es\/wp-json\/wp\/v2\/media?parent=3575"}],"wp:term":[{"taxonomy":"product_brand","embeddable":true,"href":"https:\/\/trinitixshop.de\/es\/wp-json\/wp\/v2\/product_brand?post=3575"},{"taxonomy":"product_cat","embeddable":true,"href":"https:\/\/trinitixshop.de\/es\/wp-json\/wp\/v2\/product_cat?post=3575"},{"taxonomy":"product_tag","embeddable":true,"href":"https:\/\/trinitixshop.de\/es\/wp-json\/wp\/v2\/product_tag?post=3575"}],"curies":[{"name":"wp","href":"https:\/\/api.w.org\/{rel}","templated":true}]}}