{"id":3596,"date":"2024-08-12T10:01:16","date_gmt":"2024-08-12T08:01:16","guid":{"rendered":"https:\/\/trinitixshop.de\/?post_type=product&#038;p=3596"},"modified":"2024-08-12T10:02:33","modified_gmt":"2024-08-12T08:02:33","slug":"pulsera-flex-power-acero-inoxidable-cobre-negro-plata","status":"publish","type":"product","link":"https:\/\/trinitixshop.de\/es\/produkt\/flex-power-armband-edelstahl-kupfer-schwarz-silber\/","title":{"rendered":"Pulsera Flex Power acero inoxidable cobre negro - plata"},"content":{"rendered":"<p>SB056602T<\/p>","protected":false},"excerpt":{"rendered":"<div class=\"width-80\">\n<p>Pulsera magn\u00e9tica de energ\u00eda flexible, negra \/ plateada. Con ba\u00f1o de iones.<\/p>\n<p>Anchura aprox. 8 mm, grosor aprox. 4 mm.<br \/>\nIncrustaciones de im\u00e1n de neodimio con aproximadamente 2.200 gauss.<\/p>\n<p>Acero inoxidable, sin cadmio, n\u00edquel ni plomo. Sin al\u00e9rgenos.<\/p>\n<\/div>\n<div class=\"width-80\"><\/div>\n<div class=\"width-80\">Belleza<br \/>\ny una nueva ligereza. A\u00f1o tras a\u00f1o, nuestras pulseras de energ\u00eda se encuentran entre los art\u00edculos m\u00e1s populares de la colecci\u00f3n. Pruebe usted mismo lo bonitas, resistentes y adaptables que son estas piezas de joyer\u00eda.<\/p>\n<\/div>\n<div class=\"width-80\">No querr\u00e1 separarse de ellos en mucho tiempo: sienta el poder de los imanes. Con incrustaciones de cobre<\/p>\n<\/div>\n<p>Talla S\/M = 16,5 cm + 2 elementos de fijaci\u00f3n adicionales para prolongaci\u00f3n. Cada uno aprox. 1,5 cm<br \/>\nTalla L\/XL = 19 cm + 2 elementos de fijaci\u00f3n suplementarios para la prolongaci\u00f3n. aprox. 1,5 cm cada uno<\/p>","protected":false},"featured_media":3599,"comment_status":"open","ping_status":"closed","template":"","meta":[],"product_brand":[],"product_cat":[17,19],"product_tag":[24],"class_list":{"0":"post-3596","1":"product","2":"type-product","3":"status-publish","4":"has-post-thumbnail","6":"product_cat-alle-produkte","7":"product_cat-armbander","8":"product_tag-jungbrunn","9":"thunk-woo-product-list","10":"opn-qv-enable","11":"top-store-woo-hover-zoom","12":"top-store-single-product-tab-horizontal","13":"top-store-shadow-","14":"top-store-shadow-hover-","16":"first","17":"instock","18":"sale","19":"taxable","20":"shipping-taxable","21":"purchasable","22":"product-type-variable"},"_links":{"self":[{"href":"https:\/\/trinitixshop.de\/es\/wp-json\/wp\/v2\/product\/3596","targetHints":{"allow":["GET"]}}],"collection":[{"href":"https:\/\/trinitixshop.de\/es\/wp-json\/wp\/v2\/product"}],"about":[{"href":"https:\/\/trinitixshop.de\/es\/wp-json\/wp\/v2\/types\/product"}],"replies":[{"embeddable":true,"href":"https:\/\/trinitixshop.de\/es\/wp-json\/wp\/v2\/comments?post=3596"}],"wp:featuredmedia":[{"embeddable":true,"href":"https:\/\/trinitixshop.de\/es\/wp-json\/wp\/v2\/media\/3599"}],"wp:attachment":[{"href":"https:\/\/trinitixshop.de\/es\/wp-json\/wp\/v2\/media?parent=3596"}],"wp:term":[{"taxonomy":"product_brand","embeddable":true,"href":"https:\/\/trinitixshop.de\/es\/wp-json\/wp\/v2\/product_brand?post=3596"},{"taxonomy":"product_cat","embeddable":true,"href":"https:\/\/trinitixshop.de\/es\/wp-json\/wp\/v2\/product_cat?post=3596"},{"taxonomy":"product_tag","embeddable":true,"href":"https:\/\/trinitixshop.de\/es\/wp-json\/wp\/v2\/product_tag?post=3596"}],"curies":[{"name":"wp","href":"https:\/\/api.w.org\/{rel}","templated":true}]}}