{"id":3604,"date":"2024-08-12T10:42:00","date_gmt":"2024-08-12T08:42:00","guid":{"rendered":"https:\/\/trinitixshop.de\/?post_type=product&#038;p=3604"},"modified":"2024-08-12T10:42:00","modified_gmt":"2024-08-12T08:42:00","slug":"exclusivo-brazalete-flex-cu-oro-rosa-plata-m-xl","status":"publish","type":"product","link":"https:\/\/trinitixshop.de\/es\/produkt\/exklusives-flex-armband-cu-rosegold-silber-m-xl\/","title":{"rendered":"Exclusivo brazalete Flex Cu oro rosa \/ plata M-XL"},"content":{"rendered":"<p>SB178138T<\/p>","protected":false},"excerpt":{"rendered":"<p><strong>SENSACI\u00d3N DE PRECIO<\/strong><\/p>\n<p>Pulsera magn\u00e9tica flexible con cobre. Bicolor: oro rosa \/ plata. Pulida. Recubrimiento i\u00f3nico de alta calidad.<\/p>\n<p>Con incrustaciones de cobre:<br \/>\nEfecto del cobre (CU):<br \/>\nFavorece la formaci\u00f3n de anticuerpos en el sistema de defensa, el crecimiento, el desarrollo y el fortalecimiento de los huesos.<\/p>\n<p>Acero inoxidable, sin n\u00edquel ni alergias, incrustaciones de im\u00e1n de neodimio con aprox. 1.200 gauss, anchura: aprox. 8 mm, secci\u00f3n central pulida, grabable.<\/p>\n<p>La longitud de la pulsera puede variarse f\u00e1cilmente utilizando varios cierres\/piezas intermedias<\/p>\n<p>Tama\u00f1o de entrega: M-XL (aprox. 18 a 19,5 cm). Elementos de extensi\u00f3n disponibles opcionalmente.<\/p>\n<p>Las pulseras flexibles son sin\u00f3nimo de movilidad y alegr\u00eda de vivir. Desde hace a\u00f1os, nuestras joyas flexibles son una de las piezas m\u00e1s populares de la colecci\u00f3n.<\/p>\n<p>Compruebe usted mismo lo bonitas, resistentes y adaptables que son estas piezas de joyer\u00eda.<\/p>","protected":false},"featured_media":3605,"comment_status":"open","ping_status":"closed","template":"","meta":[],"product_brand":[],"product_cat":[17,19],"product_tag":[25],"class_list":{"0":"post-3604","1":"product","2":"type-product","3":"status-publish","4":"has-post-thumbnail","6":"product_cat-alle-produkte","7":"product_cat-armbander","8":"product_tag-t-prime","9":"thunk-woo-product-list","10":"opn-qv-enable","11":"top-store-woo-hover-zoom","12":"top-store-single-product-tab-horizontal","13":"top-store-shadow-","14":"top-store-shadow-hover-","16":"first","17":"instock","18":"sale","19":"taxable","20":"shipping-taxable","21":"purchasable","22":"product-type-simple"},"_links":{"self":[{"href":"https:\/\/trinitixshop.de\/es\/wp-json\/wp\/v2\/product\/3604","targetHints":{"allow":["GET"]}}],"collection":[{"href":"https:\/\/trinitixshop.de\/es\/wp-json\/wp\/v2\/product"}],"about":[{"href":"https:\/\/trinitixshop.de\/es\/wp-json\/wp\/v2\/types\/product"}],"replies":[{"embeddable":true,"href":"https:\/\/trinitixshop.de\/es\/wp-json\/wp\/v2\/comments?post=3604"}],"wp:featuredmedia":[{"embeddable":true,"href":"https:\/\/trinitixshop.de\/es\/wp-json\/wp\/v2\/media\/3605"}],"wp:attachment":[{"href":"https:\/\/trinitixshop.de\/es\/wp-json\/wp\/v2\/media?parent=3604"}],"wp:term":[{"taxonomy":"product_brand","embeddable":true,"href":"https:\/\/trinitixshop.de\/es\/wp-json\/wp\/v2\/product_brand?post=3604"},{"taxonomy":"product_cat","embeddable":true,"href":"https:\/\/trinitixshop.de\/es\/wp-json\/wp\/v2\/product_cat?post=3604"},{"taxonomy":"product_tag","embeddable":true,"href":"https:\/\/trinitixshop.de\/es\/wp-json\/wp\/v2\/product_tag?post=3604"}],"curies":[{"name":"wp","href":"https:\/\/api.w.org\/{rel}","templated":true}]}}