{"id":3630,"date":"2024-08-12T11:55:12","date_gmt":"2024-08-12T09:55:12","guid":{"rendered":"https:\/\/trinitixshop.de\/?post_type=product&#038;p=3630"},"modified":"2024-08-12T11:55:12","modified_gmt":"2024-08-12T09:55:12","slug":"pulsera-unique-by-kokodash-wings-collection","status":"publish","type":"product","link":"https:\/\/trinitixshop.de\/es\/produkt\/unique-by-kokodash-wings-collection-armband\/","title":{"rendered":"Pulsera UNIQUE by KokoDash Colecci\u00f3n Wings"},"content":{"rendered":"<p>SB905200T<\/p>","protected":false},"excerpt":{"rendered":"<p>KokoDash (dise\u00f1ador estrella de Serbia) presenta esta preciosidad,<br \/>\nColecci\u00f3n \u00fanica de dise\u00f1o exclusivo con un art\u00edstico dise\u00f1o de alas.<br \/>\nEsta delicada pulsera de bisuter\u00eda magn\u00e9tica se ha dise\u00f1ado con gran atenci\u00f3n al detalle.<\/p>\n<p>Este glamuroso accesorio est\u00e1 fabricado en acero inoxidable quir\u00fargico y no contiene n\u00edquel ni al\u00e9rgenos.<\/p>\n<p>Es una expresi\u00f3n de esperanza y alegr\u00eda de vivir.<br \/>\nSu tama\u00f1o puede ajustarse individualmente mediante el especial y pr\u00e1ctico cierre de cord\u00f3n,<br \/>\npara que se adapte incluso a la mu\u00f1eca m\u00e1s delicada.<\/p>\n<p>Como compa\u00f1ero, el talism\u00e1n est\u00e1 destinado a proporcionar nueva energ\u00eda y ayudar con los retos de la vida.<br \/>\nde la vida con nuevo valor. Esta creaci\u00f3n de joyer\u00eda finamente elaborada y llena de significado<br \/>\nte da alas cada d\u00eda. Un discreto centro de atenci\u00f3n con un aspecto brillante. Alas resp.<\/p>\n<p>Las alas de \u00e1ngel son s\u00edmbolo de protecci\u00f3n, libertad y desprenden una ligereza juvenil.<br \/>\nCuando vemos alas, lo primero que pensamos es en volar, pero cuando dejamos volar nuestra imaginaci\u00f3n<br \/>\nel s\u00edmbolo del ala es nuestra salvaci\u00f3n.<br \/>\nNos damos cuenta de que podemos huir y escapar de las cosas que nos atan o liberar nuestras almas.<\/p>\n<p>Amuleto de acero inoxidable aprox. 65 x 27 mm, radio aprox. 36.<\/p>\n<p>2 imanes de neodimio incrustados con aprox. 2.200 gauss<br \/>\nTalla universal XS-XL<\/p>","protected":false},"featured_media":3631,"comment_status":"open","ping_status":"closed","template":"","meta":[],"product_brand":[],"product_cat":[17,19],"product_tag":[25],"class_list":{"0":"post-3630","1":"product","2":"type-product","3":"status-publish","4":"has-post-thumbnail","6":"product_cat-alle-produkte","7":"product_cat-armbander","8":"product_tag-t-prime","9":"thunk-woo-product-list","10":"opn-qv-enable","11":"top-store-woo-hover-zoom","12":"top-store-single-product-tab-horizontal","13":"top-store-shadow-","14":"top-store-shadow-hover-","16":"first","17":"instock","18":"taxable","19":"shipping-taxable","20":"purchasable","21":"product-type-simple"},"_links":{"self":[{"href":"https:\/\/trinitixshop.de\/es\/wp-json\/wp\/v2\/product\/3630","targetHints":{"allow":["GET"]}}],"collection":[{"href":"https:\/\/trinitixshop.de\/es\/wp-json\/wp\/v2\/product"}],"about":[{"href":"https:\/\/trinitixshop.de\/es\/wp-json\/wp\/v2\/types\/product"}],"replies":[{"embeddable":true,"href":"https:\/\/trinitixshop.de\/es\/wp-json\/wp\/v2\/comments?post=3630"}],"wp:featuredmedia":[{"embeddable":true,"href":"https:\/\/trinitixshop.de\/es\/wp-json\/wp\/v2\/media\/3631"}],"wp:attachment":[{"href":"https:\/\/trinitixshop.de\/es\/wp-json\/wp\/v2\/media?parent=3630"}],"wp:term":[{"taxonomy":"product_brand","embeddable":true,"href":"https:\/\/trinitixshop.de\/es\/wp-json\/wp\/v2\/product_brand?post=3630"},{"taxonomy":"product_cat","embeddable":true,"href":"https:\/\/trinitixshop.de\/es\/wp-json\/wp\/v2\/product_cat?post=3630"},{"taxonomy":"product_tag","embeddable":true,"href":"https:\/\/trinitixshop.de\/es\/wp-json\/wp\/v2\/product_tag?post=3630"}],"curies":[{"name":"wp","href":"https:\/\/api.w.org\/{rel}","templated":true}]}}