{"id":3645,"date":"2024-08-12T12:51:01","date_gmt":"2024-08-12T10:51:01","guid":{"rendered":"https:\/\/trinitixshop.de\/?post_type=product&#038;p=3645"},"modified":"2026-04-17T15:48:03","modified_gmt":"2026-04-17T13:48:03","slug":"3en1-wellness-bicolor-acero-inoxidable-pulsera-magnetica-xs-xxl","status":"publish","type":"product","link":"https:\/\/trinitixshop.de\/es\/produkt\/3in1-wellness-bicolor-edelstahl-magnetarmband-xs-xxl\/","title":{"rendered":"3in1 Wellness Edelstahl Magnetarmband Cyber XS-XXL # 8295 bicolor"},"content":{"rendered":"<p>SB829500T<\/p>","protected":false},"excerpt":{"rendered":"<div class=\"width-80\">\n<p>Exklusives 3 in 1 Magnetarmband, massiv, bicolor.<\/p>\n<p>Mit Neodym Magnet Inlays plus Germanium Ge132 und Turmalin.<\/p>\n<p>Los elementos est\u00e1n pulidos en alto brillo (oro) y mate (plata).<\/p>\n<p>Nachgesagte Wirkung von Turmalin:<\/p>\n<p>Der Edelstein Turmalin wirkt stark auf den Energiefluss des K\u00f6rpers und ihm wird eine aufbauende und belebende psychische Wirkung nachgesagt. Der Turmalin f\u00f6rdert das Streben nach Harmonie und Klarheit im Leben. Durch ihn sind wir f\u00e4hig, Entwicklungen und Prozesse st\u00e4rker wahrzunehmen und dadurch steuern zu k\u00f6nnen. Der schwarze Turmalin ist er einer der st\u00e4rksten Schutzsteine gegen negative Energien und soll direkt mit Hautkontakt getragen werden.<\/p>\n<\/div>\n<div class=\"width-80\">\n<p>Nachgesagte Wirkung von Germanium:<\/p>\n<p>Germanium ist ein grau\/wei\u00dfes und spr\u00f6des Halbmetall. Es besteht aus 6 Germanium-und 12 Sauerstoff-Atomen. Es versorgt die Zellen mit Sauerstoff, st\u00e4rkt das Immunsystem. Es gilt als Radikalf\u00e4nger f\u00fcr H+ Ionen, die aus dem organismischen Verbrennungsprozess resultieren. Germanium stimuliert das Immunsystem und bringt es ins Gleichgewicht. Die k\u00f6rpereigenen Abwehrkr\u00e4fte werden aktiviert.<\/p>\n<p>Anchura aprox. 8 mm.<br \/>\nIncrustaciones de im\u00e1n de neodimio con aproximadamente 2.200 gauss.<\/p>\n<p>Acero inoxidable, sin cadmio, n\u00edquel ni plomo. Sin al\u00e9rgenos.<\/p>\n<p>Belleza y una nueva ligereza. A\u00f1o tras a\u00f1o, nuestras pulseras de energ\u00eda figuran entre los art\u00edculos m\u00e1s populares de la colecci\u00f3n.<\/p>\n<p>Compruebe usted mismo lo bonitas, resistentes y adaptables que son estas piezas de joyer\u00eda.<\/p>\n<\/div>\n<div class=\"width-80\">\n<p>Seguro que no querr\u00e1 desprenderse de \u00e9l en mucho tiempo.<\/p>\n<p>Siente el poder de los imanes.<\/p>\n<p>Tallas disponibles: XS (13-14 cm), S (14-15 cm), M (15-16 cm), L (16-18 cm), XL (18-20 cm) o XXL (20-22 cm).<\/p>\n<\/div>\n<div class=\"width-80\"><\/div>\n<div class=\"width-80\">Ind\u00edquenos el tama\u00f1o de entrega deseado.<\/div>","protected":false},"featured_media":3653,"comment_status":"open","ping_status":"closed","template":"","meta":[],"product_brand":[],"product_cat":[17,19],"product_tag":[25],"class_list":{"0":"post-3645","1":"product","2":"type-product","3":"status-publish","4":"has-post-thumbnail","6":"product_cat-alle-produkte","7":"product_cat-armbander","8":"product_tag-t-prime","9":"thunk-woo-product-list","10":"opn-qv-enable","11":"top-store-woo-hover-zoom","12":"top-store-single-product-tab-horizontal","13":"top-store-shadow-","14":"top-store-shadow-hover-","16":"first","17":"instock","18":"sale","19":"taxable","20":"shipping-taxable","21":"purchasable","22":"product-type-variable"},"_links":{"self":[{"href":"https:\/\/trinitixshop.de\/es\/wp-json\/wp\/v2\/product\/3645","targetHints":{"allow":["GET"]}}],"collection":[{"href":"https:\/\/trinitixshop.de\/es\/wp-json\/wp\/v2\/product"}],"about":[{"href":"https:\/\/trinitixshop.de\/es\/wp-json\/wp\/v2\/types\/product"}],"replies":[{"embeddable":true,"href":"https:\/\/trinitixshop.de\/es\/wp-json\/wp\/v2\/comments?post=3645"}],"wp:featuredmedia":[{"embeddable":true,"href":"https:\/\/trinitixshop.de\/es\/wp-json\/wp\/v2\/media\/3653"}],"wp:attachment":[{"href":"https:\/\/trinitixshop.de\/es\/wp-json\/wp\/v2\/media?parent=3645"}],"wp:term":[{"taxonomy":"product_brand","embeddable":true,"href":"https:\/\/trinitixshop.de\/es\/wp-json\/wp\/v2\/product_brand?post=3645"},{"taxonomy":"product_cat","embeddable":true,"href":"https:\/\/trinitixshop.de\/es\/wp-json\/wp\/v2\/product_cat?post=3645"},{"taxonomy":"product_tag","embeddable":true,"href":"https:\/\/trinitixshop.de\/es\/wp-json\/wp\/v2\/product_tag?post=3645"}],"curies":[{"name":"wp","href":"https:\/\/api.w.org\/{rel}","templated":true}]}}