{"id":3662,"date":"2024-08-12T15:09:57","date_gmt":"2024-08-12T13:09:57","guid":{"rendered":"https:\/\/trinitixshop.de\/?post_type=product&#038;p=3662"},"modified":"2024-10-07T09:29:05","modified_gmt":"2024-10-07T07:29:05","slug":"cherie-acero-pulsera-energia-corazon-plata-xs-a-xxl","status":"publish","type":"product","link":"https:\/\/trinitixshop.de\/es\/produkt\/cherie-edelstahl-herz-energie-armband-silber-xs-bis-xxl\/","title":{"rendered":"Ch\u00e9rie acero pulsera energ\u00eda coraz\u00f3n plata XS a XXL # 2121"},"content":{"rendered":"<p>SB212100T<\/p>","protected":false},"excerpt":{"rendered":"<div class=\"width-80\">\n<p>Preciosa pulsera magn\u00e9tica energ\u00e9tica \" Ch\u00e9rie \" de acero inoxidable en forma de coraz\u00f3n, lisa \/ plateada. Anchura aprox. 9 mm, grosor aprox. 3,15 mm.<\/p>\n<p>Belleza y una nueva ligereza. A\u00f1o tras a\u00f1o, nuestras pulseras de energ\u00eda figuran entre los art\u00edculos m\u00e1s populares de la<br \/>\ncolecci\u00f3n. Compruebe usted mismo lo bonitas, resistentes y adaptables que son estas piezas de joyer\u00eda.<br \/>\nSeguro que no querr\u00e1 desprenderse de \u00e9l en mucho tiempo.<br \/>\nSienta el poder de los imanes. Muchos de nuestros clientes disfrutan de m\u00e1s fuerza, vitalidad, flexibilidad y ausencia de dolor.<\/p>\n<p>Acero inoxidable de alta calidad, pulido, hipoalerg\u00e9nico, sin n\u00edquel ni al\u00e9rgenos.<\/p>\n<p>Incrustaciones de im\u00e1n de neodimio con aproximadamente 2.200 gauss.<\/p>\n<p>Tallas disponibles: XS (13-14 cm), S (14-15 cm), M (15-16 cm), L (16-18 cm), XL (18-20 cm) o XXL (20-22 cm).<\/p>\n<\/div>\n<div class=\"width-80\"><\/div>\n<div class=\"width-80\">Ind\u00edquenos el tama\u00f1o de entrega deseado.<\/div>","protected":false},"featured_media":3669,"comment_status":"open","ping_status":"closed","template":"","meta":[],"product_brand":[],"product_cat":[17,19],"product_tag":[25],"class_list":{"0":"post-3662","1":"product","2":"type-product","3":"status-publish","4":"has-post-thumbnail","6":"product_cat-alle-produkte","7":"product_cat-armbander","8":"product_tag-t-prime","9":"thunk-woo-product-list","10":"opn-qv-enable","11":"top-store-woo-hover-zoom","12":"top-store-single-product-tab-horizontal","13":"top-store-shadow-","14":"top-store-shadow-hover-","16":"first","17":"instock","18":"sale","19":"taxable","20":"shipping-taxable","21":"purchasable","22":"product-type-variable"},"_links":{"self":[{"href":"https:\/\/trinitixshop.de\/es\/wp-json\/wp\/v2\/product\/3662","targetHints":{"allow":["GET"]}}],"collection":[{"href":"https:\/\/trinitixshop.de\/es\/wp-json\/wp\/v2\/product"}],"about":[{"href":"https:\/\/trinitixshop.de\/es\/wp-json\/wp\/v2\/types\/product"}],"replies":[{"embeddable":true,"href":"https:\/\/trinitixshop.de\/es\/wp-json\/wp\/v2\/comments?post=3662"}],"wp:featuredmedia":[{"embeddable":true,"href":"https:\/\/trinitixshop.de\/es\/wp-json\/wp\/v2\/media\/3669"}],"wp:attachment":[{"href":"https:\/\/trinitixshop.de\/es\/wp-json\/wp\/v2\/media?parent=3662"}],"wp:term":[{"taxonomy":"product_brand","embeddable":true,"href":"https:\/\/trinitixshop.de\/es\/wp-json\/wp\/v2\/product_brand?post=3662"},{"taxonomy":"product_cat","embeddable":true,"href":"https:\/\/trinitixshop.de\/es\/wp-json\/wp\/v2\/product_cat?post=3662"},{"taxonomy":"product_tag","embeddable":true,"href":"https:\/\/trinitixshop.de\/es\/wp-json\/wp\/v2\/product_tag?post=3662"}],"curies":[{"name":"wp","href":"https:\/\/api.w.org\/{rel}","templated":true}]}}