{"id":3678,"date":"2024-08-12T15:56:42","date_gmt":"2024-08-12T13:56:42","guid":{"rendered":"https:\/\/trinitixshop.de\/?post_type=product&#038;p=3678"},"modified":"2024-08-12T15:56:42","modified_gmt":"2024-08-12T13:56:42","slug":"iman-de-acero-inoxidable-pulsera-de-cadena-de-acero-inoxidable-pata-de-plata","status":"publish","type":"product","link":"https:\/\/trinitixshop.de\/es\/produkt\/edelstahl-magnet-edelstahl-kettenarmband-pfote-silber\/","title":{"rendered":"Im\u00e1n de acero inoxidable pulsera de cadena de acero inoxidable pata de plata"},"content":{"rendered":"<p>SB714100T<\/p>","protected":false},"excerpt":{"rendered":"<div class=\"width-80\">Su compa\u00f1ero inseparable: la elegante pulsera magn\u00e9tica \"Pata\" es un reclamo \"bestial\" para todos los d\u00edas.<\/div>\n<div class=\"width-80\">\n33 bandas de acero inoxidable. La longitud de la pulsera puede variarse f\u00e1cilmente. Longitud: de 16 a 21,5 cm.<\/div>\n<div class=\"width-80\">\nCierre de langosta. \u00f8 del coraz\u00f3n aprox. 2,5 cm, grosor aprox. 4 mm.<\/p>\n<p>Siente el poder vitalizante: potente im\u00e1n de neodimio con 1200 gauss.<br \/>\nMaterial: acero inoxidable, sin n\u00edquel ni al\u00e9rgenos. Color: plateado.<\/p>\n<p>\"Hecho con amor\" y gracias a este elegante accesorio, destacar\u00e1s entre la multitud y atraer\u00e1s la atenci\u00f3n de los dem\u00e1s.<br \/>\nEsta pulsera Power es una joya atemporal y sencilla que siempre queda bien.<\/p><\/div>\n<div class=\"width-80\">\nEl dise\u00f1o unisex es ideal para \u00e9l y para ella.<br \/>\nResulta especialmente eficaz en combinaci\u00f3n con un colgante informal de .<\/div>\n<div class=\"width-80\">\nExperimente las formas claras y el dise\u00f1o cl\u00e1sico para cada ocasi\u00f3n.<br \/>\nConsigue esta potente pulsera de poder de nueva generaci\u00f3n y si\u00e9ntelo: \u00a1el poder del magnetismo!<\/div>","protected":false},"featured_media":3680,"comment_status":"open","ping_status":"closed","template":"","meta":[],"product_brand":[],"product_cat":[17,19],"product_tag":[25],"class_list":{"0":"post-3678","1":"product","2":"type-product","3":"status-publish","4":"has-post-thumbnail","6":"product_cat-alle-produkte","7":"product_cat-armbander","8":"product_tag-t-prime","9":"thunk-woo-product-list","10":"opn-qv-enable","11":"top-store-woo-hover-zoom","12":"top-store-single-product-tab-horizontal","13":"top-store-shadow-","14":"top-store-shadow-hover-","16":"first","17":"instock","18":"sale","19":"taxable","20":"shipping-taxable","21":"purchasable","22":"product-type-simple"},"_links":{"self":[{"href":"https:\/\/trinitixshop.de\/es\/wp-json\/wp\/v2\/product\/3678","targetHints":{"allow":["GET"]}}],"collection":[{"href":"https:\/\/trinitixshop.de\/es\/wp-json\/wp\/v2\/product"}],"about":[{"href":"https:\/\/trinitixshop.de\/es\/wp-json\/wp\/v2\/types\/product"}],"replies":[{"embeddable":true,"href":"https:\/\/trinitixshop.de\/es\/wp-json\/wp\/v2\/comments?post=3678"}],"wp:featuredmedia":[{"embeddable":true,"href":"https:\/\/trinitixshop.de\/es\/wp-json\/wp\/v2\/media\/3680"}],"wp:attachment":[{"href":"https:\/\/trinitixshop.de\/es\/wp-json\/wp\/v2\/media?parent=3678"}],"wp:term":[{"taxonomy":"product_brand","embeddable":true,"href":"https:\/\/trinitixshop.de\/es\/wp-json\/wp\/v2\/product_brand?post=3678"},{"taxonomy":"product_cat","embeddable":true,"href":"https:\/\/trinitixshop.de\/es\/wp-json\/wp\/v2\/product_cat?post=3678"},{"taxonomy":"product_tag","embeddable":true,"href":"https:\/\/trinitixshop.de\/es\/wp-json\/wp\/v2\/product_tag?post=3678"}],"curies":[{"name":"wp","href":"https:\/\/api.w.org\/{rel}","templated":true}]}}