{"id":3681,"date":"2024-08-13T09:26:45","date_gmt":"2024-08-13T07:26:45","guid":{"rendered":"https:\/\/trinitixshop.de\/?post_type=product&#038;p=3681"},"modified":"2024-08-13T09:26:45","modified_gmt":"2024-08-13T07:26:45","slug":"tvvys-designer-collection-cadena-de-joyeria-magnetica-letras","status":"publish","type":"product","link":"https:\/\/trinitixshop.de\/es\/produkt\/tvvys-designer-kollektion-magnetschmuck-kette-schriftzug\/","title":{"rendered":"TVVYS colecci\u00f3n de dise\u00f1o de la cadena de joyer\u00eda magn\u00e9tica letras"},"content":{"rendered":"<p>TVY05010Y<\/p>","protected":false},"excerpt":{"rendered":"<div>TVYS presenta esta hermosa colecci\u00f3n de dise\u00f1o \u00fanico y exclusivo con un dise\u00f1o art\u00edstico.<\/div>\n<div><\/div>\n<div><\/div>\n<div>Aprox. 25 x 10 mm. Incluye una cadena de acero inoxidable. Longitud aprox. 45-60 cm.<\/div>\n<div><\/div>\n<div>Un discreto centro de atenci\u00f3n con un aspecto brillante.   Este delicado collar de bisuter\u00eda magn\u00e9tica ha sido creado para nosotros por un dise\u00f1ador exclusivo con gran atenci\u00f3n al detalle.<\/div>\n<div><\/div>\n<div>Es una expresi\u00f3n de esperanza y alegr\u00eda de vivir.<\/div>\n<div><\/div>\n<div>Como compa\u00f1ero, se dice que el talism\u00e1n proporciona una gran cantidad de energ\u00eda y da nuevos \u00e1nimos ante los retos de la vida.<\/div>\n<div><\/div>\n<div>Esta creaci\u00f3n de joyer\u00eda finamente elaborada y llena de significado le acompa\u00f1ar\u00e1 todos los d\u00edas.<\/div>\n<div><\/div>\n<div>Las bellas joyas magn\u00e9ticas son sin\u00f3nimo de ligereza, energ\u00eda y elegancia. Cada una de nuestras joyas est\u00e1 equipada con potentes imanes de neodimio de alta calidad. Incrustaci\u00f3n de im\u00e1n de neodimio con aprox. 2.200 gauss.<\/div>\n<div><\/div>\n<div>Este glamuroso accesorio est\u00e1 fabricado en acero inoxidable quir\u00fargico, sin cadmio, n\u00edquel ni plomo. Sin alergias<\/div>","protected":false},"featured_media":3687,"comment_status":"open","ping_status":"closed","template":"","meta":[],"product_brand":[],"product_cat":[17,21],"product_tag":[143],"class_list":{"0":"post-3681","1":"product","2":"type-product","3":"status-publish","4":"has-post-thumbnail","6":"product_cat-alle-produkte","7":"product_cat-halsketten","8":"product_tag-tvvys","9":"thunk-woo-product-list","10":"opn-qv-enable","11":"top-store-woo-hover-zoom","12":"top-store-single-product-tab-horizontal","13":"top-store-shadow-","14":"top-store-shadow-hover-","16":"first","17":"instock","18":"taxable","19":"shipping-taxable","20":"purchasable","21":"product-type-simple"},"_links":{"self":[{"href":"https:\/\/trinitixshop.de\/es\/wp-json\/wp\/v2\/product\/3681","targetHints":{"allow":["GET"]}}],"collection":[{"href":"https:\/\/trinitixshop.de\/es\/wp-json\/wp\/v2\/product"}],"about":[{"href":"https:\/\/trinitixshop.de\/es\/wp-json\/wp\/v2\/types\/product"}],"replies":[{"embeddable":true,"href":"https:\/\/trinitixshop.de\/es\/wp-json\/wp\/v2\/comments?post=3681"}],"wp:featuredmedia":[{"embeddable":true,"href":"https:\/\/trinitixshop.de\/es\/wp-json\/wp\/v2\/media\/3687"}],"wp:attachment":[{"href":"https:\/\/trinitixshop.de\/es\/wp-json\/wp\/v2\/media?parent=3681"}],"wp:term":[{"taxonomy":"product_brand","embeddable":true,"href":"https:\/\/trinitixshop.de\/es\/wp-json\/wp\/v2\/product_brand?post=3681"},{"taxonomy":"product_cat","embeddable":true,"href":"https:\/\/trinitixshop.de\/es\/wp-json\/wp\/v2\/product_cat?post=3681"},{"taxonomy":"product_tag","embeddable":true,"href":"https:\/\/trinitixshop.de\/es\/wp-json\/wp\/v2\/product_tag?post=3681"}],"curies":[{"name":"wp","href":"https:\/\/api.w.org\/{rel}","templated":true}]}}