{"id":3701,"date":"2024-08-13T10:00:52","date_gmt":"2024-08-13T08:00:52","guid":{"rendered":"https:\/\/trinitixshop.de\/?post_type=product&#038;p=3701"},"modified":"2024-08-13T10:00:52","modified_gmt":"2024-08-13T08:00:52","slug":"tvvys-designer-collection-collar-magnetico-oro-con-3-cristales-swarovski","status":"publish","type":"product","link":"https:\/\/trinitixshop.de\/es\/produkt\/tvvys-designer-kollektion-magnetschmuck-kette-gold-mit-3-swarovski-crystals\/","title":{"rendered":"TVVYS Designer Collection Collar de bisuter\u00eda magn\u00e9tico dorado con 3 cristales de la Casa Swarovski"},"content":{"rendered":"<p>TVY05030Y<\/p>","protected":false},"excerpt":{"rendered":"<div>TVYS presenta esta hermosa colecci\u00f3n de dise\u00f1o \u00fanico y exclusivo con un dise\u00f1o art\u00edstico.<\/div>\n<div><\/div>\n<div>Aprox. \u00d8 17 mm. Incluye una cadena de acero inoxidable. Longitud aprox. 45-55 cm.   Engastado a mano con 3 cristales originales de Swarovski. Fijados a un lado en forma de semic\u00edrculo.<\/div>\n<div><\/div>\n<div>Chapado en oro duro de 18 quilates. Un discreto centro de atenci\u00f3n con un aspecto brillante.<\/div>\n<div><\/div>\n<div>Este delicado collar de bisuter\u00eda magn\u00e9tica ha sido creado para nosotros por un dise\u00f1ador exclusivo con gran atenci\u00f3n al detalle.<\/div>\n<div><\/div>\n<div>Es una expresi\u00f3n de esperanza y alegr\u00eda de vivir.<\/div>\n<div><\/div>\n<div>Como compa\u00f1ero, se dice que el talism\u00e1n proporciona una gran cantidad de energ\u00eda y da nuevos \u00e1nimos ante los retos de la vida.<\/div>\n<div><\/div>\n<div>Esta creaci\u00f3n de joyer\u00eda finamente elaborada y llena de significado le acompa\u00f1ar\u00e1 todos los d\u00edas.          Esta hermosa joya magn\u00e9tica es sin\u00f3nimo de ligereza, energ\u00eda y elegancia.<\/div>\n<div><\/div>\n<div>Cada una de nuestras piezas de joyer\u00eda est\u00e1 equipada con potentes imanes de neodimio de alta calidad. Incrustaci\u00f3n de im\u00e1n de neodimio con aprox. 2.200 gauss.<\/div>\n<div><\/div>\n<div>Este glamuroso accesorio est\u00e1 fabricado en acero inoxidable quir\u00fargico, sin cadmio, n\u00edquel ni plomo. Sin alergias<\/div>","protected":false},"featured_media":3690,"comment_status":"open","ping_status":"closed","template":"","meta":[],"product_brand":[],"product_cat":[17,21],"product_tag":[143],"class_list":{"0":"post-3701","1":"product","2":"type-product","3":"status-publish","4":"has-post-thumbnail","6":"product_cat-alle-produkte","7":"product_cat-halsketten","8":"product_tag-tvvys","9":"thunk-woo-product-list","10":"opn-qv-enable","11":"top-store-woo-hover-zoom","12":"top-store-single-product-tab-horizontal","13":"top-store-shadow-","14":"top-store-shadow-hover-","16":"first","17":"instock","18":"sale","19":"taxable","20":"shipping-taxable","21":"purchasable","22":"product-type-simple"},"_links":{"self":[{"href":"https:\/\/trinitixshop.de\/es\/wp-json\/wp\/v2\/product\/3701","targetHints":{"allow":["GET"]}}],"collection":[{"href":"https:\/\/trinitixshop.de\/es\/wp-json\/wp\/v2\/product"}],"about":[{"href":"https:\/\/trinitixshop.de\/es\/wp-json\/wp\/v2\/types\/product"}],"replies":[{"embeddable":true,"href":"https:\/\/trinitixshop.de\/es\/wp-json\/wp\/v2\/comments?post=3701"}],"wp:featuredmedia":[{"embeddable":true,"href":"https:\/\/trinitixshop.de\/es\/wp-json\/wp\/v2\/media\/3690"}],"wp:attachment":[{"href":"https:\/\/trinitixshop.de\/es\/wp-json\/wp\/v2\/media?parent=3701"}],"wp:term":[{"taxonomy":"product_brand","embeddable":true,"href":"https:\/\/trinitixshop.de\/es\/wp-json\/wp\/v2\/product_brand?post=3701"},{"taxonomy":"product_cat","embeddable":true,"href":"https:\/\/trinitixshop.de\/es\/wp-json\/wp\/v2\/product_cat?post=3701"},{"taxonomy":"product_tag","embeddable":true,"href":"https:\/\/trinitixshop.de\/es\/wp-json\/wp\/v2\/product_tag?post=3701"}],"curies":[{"name":"wp","href":"https:\/\/api.w.org\/{rel}","templated":true}]}}