{"id":3704,"date":"2024-08-13T10:44:51","date_gmt":"2024-08-13T08:44:51","guid":{"rendered":"https:\/\/trinitixshop.de\/?post_type=product&#038;p=3704"},"modified":"2024-08-13T10:44:51","modified_gmt":"2024-08-13T08:44:51","slug":"varita-magnetica-power-wand-rana-con-cristal-swarovski","status":"publish","type":"product","link":"https:\/\/trinitixshop.de\/es\/produkt\/power-magnetstab-frosch-mit-swarovski-crystal\/","title":{"rendered":"Rana con varita magn\u00e9tica y cristal Swarovski"},"content":{"rendered":"<p>WX040000T<\/p>","protected":false},"excerpt":{"rendered":"<div class=\"width-80\">Rana con varita magn\u00e9tica, con brillante cristal Swarovski original.<\/p>\n<p>Dise\u00f1o s\u00f3lido y moldeado. Hecho a mano. Ambos lados son id\u00e9nticos.<\/p>\n<p>Acero inoxidable, sin cadmio, sin n\u00edquel y sin alergias.<\/p>\n<p>Con im\u00e1n extrafuerte en el extremo de la barra (aprox. 3.000 gauss).<\/p>\n<p>Energiza tu bebida. Si la fuerza magn\u00e9tica puede cambiar positivamente el agua, puede imaginar el efecto positivo que tiene en la estructura de su cuerpo.<br \/>\nBebidas magnetizadas: un beneficio para el cuerpo. Coloque la varilla imantada en su bebida (agua, zumo, cerveza, vino, etc.). La consistencia de la bebida cambia positivamente gracias a esta varilla. Muchos clientes afirman que la bebida mejora su sabor y se vuelve m\u00e1s suave.<\/p>\n<p>73 % del cuerpo est\u00e1 formado por agua, el interior de la cabeza incluso hasta 80%. Los investigadores han descubierto que el nivel de energ\u00eda del agua aumenta cuando se enriquece con energ\u00eda positiva. Incluso su estructura cambia para que todo est\u00e9 perfecta y armoniosamente dispuesto. Cuanto m\u00e1s fuerte es la energ\u00eda positiva, m\u00e1s armoniosa es el agua. Un nivel energ\u00e9tico negativo del agua tiene un efecto negativo en la estructura de nuestro cuerpo.<\/p>\n<p>Coloque la barrita energ\u00e9tica directamente en el vaso, tibia o fr\u00eda, pero no hirviendo.<\/p><\/div>\n<div class=\"width-80\">\nS\u00f3lo hacen falta unos 10 segundos para que el l\u00edquido se magnetice y se<br \/>\nse enriquece con energ\u00eda positiva.<\/div>","protected":false},"featured_media":3705,"comment_status":"open","ping_status":"closed","template":"","meta":[],"product_brand":[],"product_cat":[17,22],"product_tag":[29],"class_list":{"0":"post-3704","1":"product","2":"type-product","3":"status-publish","4":"has-post-thumbnail","6":"product_cat-alle-produkte","7":"product_cat-wasserstabe","8":"product_tag-remedium","9":"thunk-woo-product-list","10":"opn-qv-enable","11":"top-store-woo-hover-zoom","12":"top-store-single-product-tab-horizontal","13":"top-store-shadow-","14":"top-store-shadow-hover-","16":"first","17":"instock","18":"sale","19":"taxable","20":"shipping-taxable","21":"purchasable","22":"product-type-simple"},"_links":{"self":[{"href":"https:\/\/trinitixshop.de\/es\/wp-json\/wp\/v2\/product\/3704","targetHints":{"allow":["GET"]}}],"collection":[{"href":"https:\/\/trinitixshop.de\/es\/wp-json\/wp\/v2\/product"}],"about":[{"href":"https:\/\/trinitixshop.de\/es\/wp-json\/wp\/v2\/types\/product"}],"replies":[{"embeddable":true,"href":"https:\/\/trinitixshop.de\/es\/wp-json\/wp\/v2\/comments?post=3704"}],"wp:featuredmedia":[{"embeddable":true,"href":"https:\/\/trinitixshop.de\/es\/wp-json\/wp\/v2\/media\/3705"}],"wp:attachment":[{"href":"https:\/\/trinitixshop.de\/es\/wp-json\/wp\/v2\/media?parent=3704"}],"wp:term":[{"taxonomy":"product_brand","embeddable":true,"href":"https:\/\/trinitixshop.de\/es\/wp-json\/wp\/v2\/product_brand?post=3704"},{"taxonomy":"product_cat","embeddable":true,"href":"https:\/\/trinitixshop.de\/es\/wp-json\/wp\/v2\/product_cat?post=3704"},{"taxonomy":"product_tag","embeddable":true,"href":"https:\/\/trinitixshop.de\/es\/wp-json\/wp\/v2\/product_tag?post=3704"}],"curies":[{"name":"wp","href":"https:\/\/api.w.org\/{rel}","templated":true}]}}