{"id":3710,"date":"2024-08-13T10:54:53","date_gmt":"2024-08-13T08:54:53","guid":{"rendered":"https:\/\/trinitixshop.de\/?post_type=product&#038;p=3710"},"modified":"2025-07-29T14:17:59","modified_gmt":"2025-07-29T12:17:59","slug":"pata-de-varilla-magnetica-con-cristal-swarovski","status":"publish","type":"product","link":"https:\/\/trinitixshop.de\/es\/produkt\/power-magnetstab-pfote-mit-swarovski-crystal\/","title":{"rendered":"Power Magnetstab Pfote mit Swarovski Crystal # 1449"},"content":{"rendered":"<p>WX144900T<\/p>","protected":false},"excerpt":{"rendered":"<div class=\"width-80\">\n<p>Varita magn\u00e9tica TCM Power con cristal de Swarovski brillante. Longitud aprox. 19 cm.<\/p>\n<p>Dise\u00f1o s\u00f3lido y moldeado. Fabricado a mano.<\/p>\n<p>Acero inoxidable, sin cadmio, sin n\u00edquel y sin alergias.<\/p>\n<p>Con im\u00e1n extrafuerte en el extremo de la barra (aprox. 3.000 gauss).<\/p>\n<p>Energiza tu bebida. Si la fuerza magn\u00e9tica puede cambiar positivamente el agua, puede imaginar el efecto positivo que tiene en la estructura de su cuerpo.<\/p>\n<\/div>\n<div class=\"width-80\">Magnetisierte Getr\u00e4nke &#8211; eine Wohltat f\u00fcr den K\u00f6rper. Stellen Sie den Powerstab in Ihr Getr\u00e4nk (Wasser, Saft, Bier, Wein \u2026etc.). Die Beschaffenheit des Getr\u00e4nkes wird durch diesen Stab positiv ver\u00e4ndert. Viele Kunden berichten, dass Getr\u00e4nk verbessere seinen Geschmack und wird weicher.73 % des K\u00f6rpers besteht aus Wasser, das Innere des Kopfes sogar zu 80%. Forscher haben entdeckt, das sich das Energieniveau von Wasser erh\u00f6ht, wenn es mit positiver Energie angereichert wird. Sogar seine Struktur ver\u00e4ndert sich, dass alles perfekt und harmonisch angeordnet ist.<\/p>\n<\/div>\n<div class=\"width-80\"><\/div>\n<div class=\"width-80\">\n<p>Cuanto m\u00e1s fuerte sea la energ\u00eda positiva, m\u00e1s armoniosa ser\u00e1 el agua. Un nivel de energ\u00eda negativo en el agua tiene un efecto negativo en nuestra estructura corporal.<\/p>\n<p>Coloque la barrita energ\u00e9tica directamente en el vaso, tibia o fr\u00eda, pero no hirviendo.<\/p>\n<\/div>\n<div class=\"width-80\">S\u00f3lo hacen falta unos 10 segundos para que el l\u00edquido se magnetice y se<br \/>\nse enriquece con energ\u00eda positiva.<\/div>","protected":false},"featured_media":3711,"comment_status":"open","ping_status":"closed","template":"","meta":[],"product_brand":[],"product_cat":[17,22],"product_tag":[29],"class_list":{"0":"post-3710","1":"product","2":"type-product","3":"status-publish","4":"has-post-thumbnail","6":"product_cat-alle-produkte","7":"product_cat-wasserstabe","8":"product_tag-remedium","9":"thunk-woo-product-list","10":"opn-qv-enable","11":"top-store-woo-hover-zoom","12":"top-store-single-product-tab-horizontal","13":"top-store-shadow-","14":"top-store-shadow-hover-","16":"first","17":"instock","18":"sale","19":"taxable","20":"shipping-taxable","21":"purchasable","22":"product-type-simple"},"_links":{"self":[{"href":"https:\/\/trinitixshop.de\/es\/wp-json\/wp\/v2\/product\/3710","targetHints":{"allow":["GET"]}}],"collection":[{"href":"https:\/\/trinitixshop.de\/es\/wp-json\/wp\/v2\/product"}],"about":[{"href":"https:\/\/trinitixshop.de\/es\/wp-json\/wp\/v2\/types\/product"}],"replies":[{"embeddable":true,"href":"https:\/\/trinitixshop.de\/es\/wp-json\/wp\/v2\/comments?post=3710"}],"wp:featuredmedia":[{"embeddable":true,"href":"https:\/\/trinitixshop.de\/es\/wp-json\/wp\/v2\/media\/3711"}],"wp:attachment":[{"href":"https:\/\/trinitixshop.de\/es\/wp-json\/wp\/v2\/media?parent=3710"}],"wp:term":[{"taxonomy":"product_brand","embeddable":true,"href":"https:\/\/trinitixshop.de\/es\/wp-json\/wp\/v2\/product_brand?post=3710"},{"taxonomy":"product_cat","embeddable":true,"href":"https:\/\/trinitixshop.de\/es\/wp-json\/wp\/v2\/product_cat?post=3710"},{"taxonomy":"product_tag","embeddable":true,"href":"https:\/\/trinitixshop.de\/es\/wp-json\/wp\/v2\/product_tag?post=3710"}],"curies":[{"name":"wp","href":"https:\/\/api.w.org\/{rel}","templated":true}]}}