{"id":2019,"date":"2023-05-11T14:52:34","date_gmt":"2023-05-11T12:52:34","guid":{"rendered":"https:\/\/trinitixshop.de\/?page_id=2019"},"modified":"2023-05-23T11:43:31","modified_gmt":"2023-05-23T09:43:31","slug":"refund_returns","status":"publish","type":"page","link":"https:\/\/trinitixshop.de\/fi\/refund_returns\/","title":{"rendered":"Peruutusehdot"},"content":{"rendered":"<div data-elementor-type=\"wp-page\" data-elementor-id=\"2019\" class=\"elementor elementor-2019\" data-elementor-settings=\"{&quot;ha_cmc_init_switcher&quot;:&quot;no&quot;}\">\n\t\t\t\t\t\t<section class=\"elementor-section elementor-top-section elementor-element elementor-element-95c7eb1 elementor-section-boxed elementor-section-height-default elementor-section-height-default\" data-id=\"95c7eb1\" data-element_type=\"section\" data-e-type=\"section\">\n\t\t\t\t\t\t<div class=\"elementor-container elementor-column-gap-default\">\n\t\t\t\t\t<div class=\"elementor-column elementor-col-100 elementor-top-column elementor-element elementor-element-4fced78\" data-id=\"4fced78\" data-element_type=\"column\" data-e-type=\"column\">\n\t\t\t<div class=\"elementor-widget-wrap elementor-element-populated\">\n\t\t\t\t\t\t<div class=\"elementor-element elementor-element-833454a elementor-widget elementor-widget-text-editor\" data-id=\"833454a\" data-element_type=\"widget\" data-e-type=\"widget\" data-widget_type=\"text-editor.default\">\n\t\t\t\t<div class=\"elementor-widget-container\">\n\t\t\t\t\t\t\t\t\t<p style=\"margin: 0in 0in 0.0001pt; text-align: center;\" align=\"center\"><b><span lang=\"DE\" style=\"font-size: 20.0pt; font-family: 'Nunito Sans'; mso-ansi-language: DE;\">PALAUTUSOIKEUS \/ PERUUTUSOIKEUS<\/span><\/b><\/p>\n<p style=\"margin: 0in 0in 0.0001pt; text-align: center;\" align=\"center\"><b><span lang=\"DE\" style=\"font-size: 18.0pt; font-family: 'Nunito Sans'; mso-ansi-language: DE;\">\u00a0<\/span><\/b><\/p>\n<p style=\"margin: 0in 0in 0.0001pt; text-align: center;\" align=\"center\"><span lang=\"DE\" style=\"font-size: 14.0pt; font-family: 'Nunito Sans'; mso-ansi-language: DE;\">TRX Network -verkkokaupasta voit ostaa rauhassa ja ilman riski\u00e4.<\/span><\/p>\n<p style=\"margin: 0in 0in 0.0001pt; text-align: center;\" align=\"center\"><span lang=\"DE\" style=\"font-family: 'Nunito Sans'; mso-ansi-language: DE;\">\u00a0<\/span><\/p>\n<section class=\"elementor-section elementor-top-section elementor-element elementor-element-da56b7c elementor-section-boxed elementor-section-height-default elementor-section-height-default\" style=\"flex-basis: var(--flex-basis); flex-grow: var(--flex-grow); flex-shrink: var(--flex-shrink); order: var(--order); align-self: var(--align-self); --swiper-theme-color: #000; --swiper-navigation-size: 44px; --swiper-pagination-bullet-size: 6px; --swiper-pagination-bullet-horizontal-gap: 6px; --widgets-spacing: 20px; color: #000000; font-family: Lato, sans-serif; font-size: 16px; letter-spacing: normal;\" data-id=\"da56b7c\" data-element_type=\"section\">\n<p style=\"margin: 0in 0in 0.0001pt; text-align: center;\" align=\"center\"><b style=\"font-style: inherit; background-color: var(--ast-global-color-5); color: var(--ast-global-color-3);\"><span lang=\"DE\" style=\"font-size: 14.0pt; font-family: 'Nunito Sans'; mso-ansi-language: DE;\">14 P\u00c4IV\u00c4N palautustakuu<\/span><\/b><\/p>\n<p style=\"margin: 0in 0in 0.0001pt; text-align: center;\" align=\"center\"><span lang=\"DE\" style=\"font-family: 'Nunito Sans'; mso-ansi-language: DE;\">\u00a0<\/span><\/p>\n<p style=\"margin: 0in 0in 0.0001pt; text-align: center;\" align=\"center\"><span lang=\"DE\" style=\"font-family: 'Nunito Sans'; mso-ansi-language: DE;\">Etk\u00f6 ole tyytyv\u00e4inen saamaasi tuotteeseen? Eik\u00f6 se vastaa odotuksiasi l\u00e4hemp\u00e4\u00e4 tarkasteltaessa? Ei h\u00e4t\u00e4\u00e4! TRX Networkin kanssa nautit tyytyv\u00e4isyystakuusta!<\/span><\/p>\n<p style=\"margin: 0in 0in 0.0001pt; text-align: center;\" align=\"center\"><span lang=\"DE\" style=\"font-family: 'Nunito Sans'; mso-ansi-language: DE;\">Tyytyv\u00e4isyystakuumme ansiosta voit palauttaa magneettikorun 14 p\u00e4iv\u00e4n kuluessa ostop\u00e4iv\u00e4st\u00e4. Sinulle palautetaan koko ostohinta ilman toimituskuluja.<\/span><\/p>\n<p style=\"margin: 0in 0in 0.0001pt; text-align: center;\" align=\"center\"><span lang=\"DE\" style=\"font-family: 'Nunito Sans'; mso-ansi-language: DE;\">\u00a0<\/span><\/p>\n<p style=\"margin: 0in 0in 0.0001pt; text-align: center;\" align=\"center\"><span lang=\"DE\" style=\"font-family: 'Nunito Sans'; mso-ansi-language: DE;\">\u00a0<\/span><\/p>\n<p style=\"margin: 0in 0in 0.0001pt; text-align: center;\" align=\"center\"><b><span lang=\"DE\" style=\"font-size: 14.0pt; font-family: 'Nunito Sans'; mso-ansi-language: DE;\">MATERIAALI- JA VALMISTUSVIRHEET<\/span><\/b><\/p>\n<p style=\"margin: 0in 0in 0.0001pt; text-align: center;\" align=\"center\"><span lang=\"DE\" style=\"font-family: 'Nunito Sans'; mso-ansi-language: DE;\">\u00a0<\/span><\/p>\n<p style=\"margin: 0in 0in 0.0001pt; text-align: center;\" align=\"center\"><span lang=\"DE\" style=\"font-family: 'Nunito Sans'; mso-ansi-language: DE;\">Materiaali- ja\/tai valmistusvirheit\u00e4 sis\u00e4lt\u00e4v\u00e4t vialliset tuotteet kuuluvat lakis\u00e4\u00e4teisen takuun piiriin.<\/span><\/p>\n<p style=\"margin: 0in 0in 0.0001pt; text-align: center;\" align=\"center\"><span lang=\"DE\" style=\"font-family: 'Nunito Sans'; mso-ansi-language: DE;\">\u00a0<\/span><\/p>\n<p style=\"margin: 0in 0in 0.0001pt; text-align: center;\" align=\"center\"><span lang=\"DE\" style=\"font-family: 'Nunito Sans'; mso-ansi-language: DE;\">M\u00e4\u00e4r\u00e4ajat alkavat tavaroiden ja t\u00e4m\u00e4n ohjeen vastaanottamisesta.<\/span><\/p>\n<p style=\"margin: 0in 0in 0.0001pt; text-align: center;\" align=\"center\"><span lang=\"DE\" style=\"font-family: 'Nunito Sans'; mso-ansi-language: DE;\">Liit\u00e4 mukaan kuitti\/ostotodistus tai kopio laskusta.<\/span><\/p>\n<p style=\"margin: 0in 0in 0.0001pt; text-align: center;\" align=\"center\"><span lang=\"DE\" style=\"font-family: 'Nunito Sans'; mso-ansi-language: DE;\">\u00c4l\u00e4 unohda sy\u00f6tt\u00e4\u00e4 asiakastietojasi kokonaisuudessaan.<\/span><\/p>\n<p style=\"margin: 0in 0in 0.0001pt; text-align: center;\" align=\"center\"><span lang=\"DE\" style=\"font-family: 'Nunito Sans'; mso-ansi-language: DE;\">TRX Network ei ole vastuussa mist\u00e4\u00e4n kuljetuksen aikana tapahtuneesta katoamisesta.<\/span><\/p>\n<p style=\"margin: 0in 0in 0.0001pt; text-align: center;\" align=\"center\"><span lang=\"DE\" style=\"font-family: 'Nunito Sans'; mso-ansi-language: DE;\">\u00a0<\/span><\/p>\n<p style=\"margin: 0in 0in 0.0001pt; text-align: center;\" align=\"center\"><span lang=\"DE\" style=\"font-family: 'Nunito Sans'; mso-ansi-language: DE;\">\u00a0<\/span><\/p>\n<p style=\"margin: 0in 0in 0.0001pt; text-align: center;\" align=\"center\"><b><span lang=\"DE\" style=\"font-size: 14.0pt; font-family: 'Nunito Sans'; mso-ansi-language: DE;\">Et\u00e4myyntilaki<\/span><\/b><\/p>\n<p style=\"margin: 0in 0in 0.0001pt; text-align: center;\" align=\"center\"><span lang=\"DE\" style=\"font-family: 'Nunito Sans'; mso-ansi-language: DE;\">\u00a0<\/span><\/p>\n<p style=\"margin: 0in 0in 0.0001pt; text-align: center;\" align=\"center\"><span lang=\"DE\" style=\"font-family: 'Nunito Sans'; mso-ansi-language: DE;\">Et\u00e4myyntilain mukaisesti voit palauttaa ostamasi tuotteen 14 p\u00e4iv\u00e4n kuluessa tavaran vastaanottamisesta.<\/span><\/p>\n<p style=\"margin: 0in 0in 0.0001pt; text-align: center;\" align=\"center\"><span lang=\"DE\" style=\"font-family: 'Nunito Sans'; mso-ansi-language: DE;\">Palautamme 100% ostosumman, lukuun ottamatta toimituskuluja.<\/span><\/p>\n<p style=\"margin: 0in 0in 0.0001pt; text-align: center;\" align=\"center\"><span lang=\"DE\" style=\"font-family: 'Nunito Sans'; mso-ansi-language: DE;\">Kahden viikon m\u00e4\u00e4r\u00e4aika alkaa aikaisintaan tavaroiden vastaanottamisesta. M\u00e4\u00e4r\u00e4ajan noudattamiseksi riitt\u00e4\u00e4, ett\u00e4 tavarat l\u00e4hetet\u00e4\u00e4n ajoissa.<\/span><\/p>\n<p style=\"margin: 0in 0in 0.0001pt; text-align: center;\" align=\"center\"><span lang=\"DE\" style=\"font-family: 'Nunito Sans'; mso-ansi-language: DE;\">\u00a0<\/span><\/p>\n<p style=\"margin: 0in 0in 0.0001pt; text-align: center;\" align=\"center\"><span lang=\"DE\" style=\"font-family: 'Nunito Sans'; mso-ansi-language: DE;\">Kun 14 p\u00e4iv\u00e4\u00e4 on kulunut, palautukset hyv\u00e4ksyt\u00e4\u00e4n vain hyv\u00e4n tahdon eleen\u00e4. Palautamme 75 % ostosummasta, lukuun ottamatta toimituskuluja.<\/span><\/p>\n<p style=\"margin: 0in 0in 0.0001pt; text-align: center;\" align=\"center\"><span lang=\"DE\" style=\"font-family: 'Nunito Sans'; mso-ansi-language: DE;\">Voimme tehd\u00e4 palautuksia vain, jos k\u00e4ytt\u00f6\u00e4\/vaurioita ei ole havaittavissa.<\/span><\/p>\n<p style=\"margin: 0in 0in 0.0001pt; text-align: center;\" align=\"center\"><span lang=\"DE\" style=\"font-family: 'Nunito Sans'; mso-ansi-language: DE;\">\u00a0<\/span><\/p>\n<p style=\"margin: 0in 0in 0.0001pt; text-align: center;\" align=\"center\"><span lang=\"DE\" style=\"font-family: 'Nunito Sans'; mso-ansi-language: DE;\">Liit\u00e4 palautukseen kopio ostolaskusta.<\/span><\/p>\n<p style=\"margin: 0in 0in 0.0001pt; text-align: center;\" align=\"center\"><span lang=\"DE\" style=\"font-family: 'Nunito Sans'; mso-ansi-language: DE;\">Palautusmahdollisuus on et\u00e4myyntilain mukaisesti asiakkaan kustannuksella ja riskill\u00e4.<\/span><\/p>\n<p style=\"margin: 0in 0in 0.0001pt; text-align: center;\" align=\"center\"><span lang=\"DE\" style=\"font-family: 'Nunito Sans'; mso-ansi-language: DE;\">\u00a0<\/span><\/p>\n<p style=\"margin: 0in 0in 0.0001pt; text-align: center;\" align=\"center\"><span lang=\"DE\" style=\"font-family: 'Nunito Sans'; mso-ansi-language: DE;\">Palaa osoitteeseen:<\/span><\/p>\n<p style=\"margin: 0in 0in 0.0001pt; text-align: center;\" align=\"center\"><span lang=\"DE\" style=\"font-family: 'Nunito Sans'; mso-ansi-language: DE;\">Sijoittautuminen \/ sivuliike Saksassa:<\/span><\/p>\n<p style=\"margin: 0in 0in 0.0001pt; text-align: center;\" align=\"center\"><span lang=\"DE\" style=\"font-family: 'Nunito Sans'; mso-ansi-language: DE;\">\u00a0<\/span><\/p>\n<p style=\"margin: 0in 0in 0.0001pt; text-align: center;\" align=\"center\"><span style=\"font-family: 'Nunito Sans';\">MAGNEGY Distribution GmbH<\/span><\/p>\n<p style=\"margin: 0in 0in 0.0001pt; text-align: center;\" align=\"center\"><span style=\"font-family: 'Nunito Sans';\">TRINITIX for LIFE -palvelu<\/span><\/p>\n<p style=\"margin: 0in 0in 0.0001pt; text-align: center;\" align=\"center\"><span lang=\"DE\" style=\"font-family: 'Nunito Sans'; mso-ansi-language: DE;\">Obenhauptstr. 7<\/span><\/p>\n<p style=\"margin: 0in 0in 0.0001pt; text-align: center;\" align=\"center\"><span lang=\"DE\" style=\"font-family: 'Nunito Sans'; mso-ansi-language: DE;\">22335 Hampuri<\/span><\/p>\n<p style=\"margin: 0in 0in 0.0001pt; text-align: center;\" align=\"center\"><span lang=\"DE\" style=\"font-family: 'Nunito Sans'; mso-ansi-language: DE;\">\u00a0<\/span><\/p>\n<p style=\"margin: 0in 0in 0.0001pt; text-align: center;\" align=\"center\"><span lang=\"DE\" style=\"font-family: 'Nunito Sans'; mso-ansi-language: DE;\">\u00a0<\/span><\/p>\n<p style=\"margin: 0in 0in 0.0001pt; text-align: center;\" align=\"center\"><b><span lang=\"DE\" style=\"font-size: 14.0pt; font-family: 'Nunito Sans'; mso-ansi-language: DE;\">N\u00e4yte peruutuslomakkeesta<\/span><\/b><\/p>\n<p style=\"margin: 0in 0in 0.0001pt; text-align: center;\" align=\"center\"><span lang=\"DE\" style=\"font-family: 'Nunito Sans'; mso-ansi-language: DE;\">(Jos haluat peruuttaa sopimuksen, t\u00e4yt\u00e4 ja palauta t\u00e4m\u00e4 lomake).<\/span><span style=\"background-color: var(--ast-global-color-5); color: var(--ast-global-color-3);\">\u00a0<\/span><\/p>\n<\/section>\n<p>\u00a0<\/p>\n<p class=\"MsoNormal\"><span lang=\"DE\">\u00a0<\/span><\/p>\t\t\t\t\t\t\t\t<\/div>\n\t\t\t\t<\/div>\n\t\t\t\t\t<\/div>\n\t\t<\/div>\n\t\t\t\t\t<\/div>\n\t\t<\/section>\n\t\t\t\t<section class=\"elementor-section elementor-top-section elementor-element elementor-element-1b87f65 elementor-section-boxed elementor-section-height-default elementor-section-height-default\" data-id=\"1b87f65\" data-element_type=\"section\" data-e-type=\"section\">\n\t\t\t\t\t\t<div class=\"elementor-container elementor-column-gap-default\">\n\t\t\t\t\t<div class=\"elementor-column elementor-col-100 elementor-top-column elementor-element elementor-element-c1eaaf4\" data-id=\"c1eaaf4\" data-element_type=\"column\" data-e-type=\"column\">\n\t\t\t<div class=\"elementor-widget-wrap elementor-element-populated\">\n\t\t\t\t\t\t<div class=\"elementor-element elementor-element-9020e4c elementor-align-center elementor-widget elementor-widget-button\" data-id=\"9020e4c\" data-element_type=\"widget\" data-e-type=\"widget\" data-widget_type=\"button.default\">\n\t\t\t\t<div class=\"elementor-widget-container\">\n\t\t\t\t\t\t\t\t\t<div class=\"elementor-button-wrapper\">\n\t\t\t\t\t<a class=\"elementor-button elementor-button-link elementor-size-sm\" href=\"http:\/\/trinitixshop.de\/wp-content\/uploads\/2023\/05\/Model-Withdrawal-form.pdf\">\n\t\t\t\t\t\t<span class=\"elementor-button-content-wrapper\">\n\t\t\t\t\t\t<span class=\"elementor-button-icon\">\n\t\t\t\t<i aria-hidden=\"true\" class=\"far fa-file-pdf\"><\/i>\t\t\t<\/span>\n\t\t\t\t\t\t\t\t\t<span class=\"elementor-button-text\">N\u00c4YTE PERUUTUSLOMAKKEESTA<\/span>\n\t\t\t\t\t<\/span>\n\t\t\t\t\t<\/a>\n\t\t\t\t<\/div>\n\t\t\t\t\t\t\t\t<\/div>\n\t\t\t\t<\/div>\n\t\t\t\t\t<\/div>\n\t\t<\/div>\n\t\t\t\t\t<\/div>\n\t\t<\/section>\n\t\t\t\t<\/div>","protected":false},"excerpt":{"rendered":"<p>R\u00dcCKGABERECHT \/ WIDERRUFSRECHT \u00a0 Im TRX Network Webshop kaufen Sie nach Lust und Laune ohne jegliches Risiko. \u00a0 14 TAGE R\u00fcckgabegarantie \u00a0 Sind Sie mit dem erhaltenen Produkt doch nicht zufrieden? Entspricht es bei n\u00e4herer Betrachtung doch nicht Ihren Vorstellungen? Kein Problem! Sie genie\u00dfen bei TRX Network eine Zufriedenheitsgarantie! Mit unserer Zufriedenheitsgarantie k\u00f6nnen Sie innerhalb &hellip;<\/p>\n<p class=\"read-more\"> <a class=\"thunk-readmore button\" href=\"https:\/\/trinitixshop.de\/fi\/refund_returns\/\"> <span class=\"screen-reader-text\">Peruutusehdot<\/span>Read More<\/a><\/p>","protected":false},"author":1,"featured_media":0,"parent":0,"menu_order":0,"comment_status":"closed","ping_status":"closed","template":"","meta":{"footnotes":""},"class_list":["post-2019","page","type-page","status-publish","hentry","thunk-woo-product-list","opn-qv-enable","top-store-woo-hover-zoom","top-store-single-product-tab-horizontal","top-store-shadow-","top-store-shadow-hover-"],"_links":{"self":[{"href":"https:\/\/trinitixshop.de\/fi\/wp-json\/wp\/v2\/pages\/2019","targetHints":{"allow":["GET"]}}],"collection":[{"href":"https:\/\/trinitixshop.de\/fi\/wp-json\/wp\/v2\/pages"}],"about":[{"href":"https:\/\/trinitixshop.de\/fi\/wp-json\/wp\/v2\/types\/page"}],"author":[{"embeddable":true,"href":"https:\/\/trinitixshop.de\/fi\/wp-json\/wp\/v2\/users\/1"}],"replies":[{"embeddable":true,"href":"https:\/\/trinitixshop.de\/fi\/wp-json\/wp\/v2\/comments?post=2019"}],"version-history":[{"count":19,"href":"https:\/\/trinitixshop.de\/fi\/wp-json\/wp\/v2\/pages\/2019\/revisions"}],"predecessor-version":[{"id":2385,"href":"https:\/\/trinitixshop.de\/fi\/wp-json\/wp\/v2\/pages\/2019\/revisions\/2385"}],"wp:attachment":[{"href":"https:\/\/trinitixshop.de\/fi\/wp-json\/wp\/v2\/media?parent=2019"}],"curies":[{"name":"wp","href":"https:\/\/api.w.org\/{rel}","templated":true}]}}