{"id":1481,"date":"2023-05-08T12:14:00","date_gmt":"2023-05-08T10:14:00","guid":{"rendered":"https:\/\/trinitixshop.de\/?post_type=product&#038;p=1481"},"modified":"2025-07-29T14:17:51","modified_gmt":"2025-07-29T12:17:51","slug":"taehtitaivas-kypsae-taehtitaivas-magneettinen-sormus-swarovski-kristalleilla-hopea-20","status":"publish","type":"product","link":"https:\/\/trinitixshop.de\/fi\/produkt\/starry-sky-reif-sternenhimmel-magnetring-mit-swarovski-crystals-silber-20\/","title":{"rendered":"Starry Sky Reif Sternenhimmel Magnetring mit Swarovski Crystals silber # 9020 &#8211; 20"},"content":{"rendered":"<p>[218] RX902020T<\/p>\n","protected":false},"excerpt":{"rendered":"<p>Tyylik\u00e4s \"timanttinen\" magneettisormus.<br \/>\nSetiss\u00e4 on kimaltelevia Swarovskin kristallielementtej\u00e4 briljanttihionnassa.<br \/>\nIhana lahja mihin tahansa tilaisuuteen. T\u00e4m\u00e4 tyylik\u00e4s koru on valmistettu k\u00e4sity\u00f6n\u00e4.<br \/>\nLeveys noin 7 mm Korkeus noin 3 mm. Massiivinen.<br \/>\nTyylikk\u00e4\u00e4sti py\u00f6ristetty pinta. Saatavana kullanv\u00e4risen\u00e4 numerolla # 9010.<br \/>\nKuten t\u00e4htitaivaan n\u00e4keminen. Todella uskomatonta.<br \/>\nRunsas m\u00e4\u00e4r\u00e4 kirkkaita, pistem\u00e4isi\u00e4 Swarovski-elementtej\u00e4 on upotettu sormukseen ep\u00e4s\u00e4\u00e4nn\u00f6llisesti.<br \/>\nRunoilija n\u00e4kisi uusia maailmoja valomeress\u00e4, jotka kelluisivat eksyksiss\u00e4 ajassa ja avaruudessa.<br \/>\nEsteetikko arvostaisi v\u00e4rien loistoa, valon ja pimeyden leikki\u00e4.<br \/>\nKuin tuikkivat t\u00e4hdet, ne voivat laukaista ihmisess\u00e4 paljon, ja harvoin ne j\u00e4tt\u00e4v\u00e4t ihmismielen liikuttumatta.<br \/>\nMagneettisormukset symboloivat liikkuvuutta ja el\u00e4m\u00e4niloa.<br \/>\nMagneettisormuksemme ovat olleet mallistomme suosituimpia tuotteita jo vuosia.<br \/>\nKatso itse, kuinka kauniita, kest\u00e4vi\u00e4 ja mukautuvia n\u00e4m\u00e4 korut ovat.<br \/>\nEnergiaa ja eleganssia!<br \/>\nJokaisessa korussamme on laadukkaat ja tehokkaat neodyymimagneetit. Neodyymimagneetti-insertti, jossa on noin 1200 gaussia.<br \/>\nRuostumatonta l\u00e4\u00e4kinn\u00e4llist\u00e4 ter\u00e4st\u00e4, ei sis\u00e4ll\u00e4 kadmiumia, nikkeli\u00e4 eik\u00e4 lyijy\u00e4. Allergiaton.<\/p>","protected":false},"featured_media":1681,"comment_status":"open","ping_status":"closed","template":"","meta":[],"product_brand":[],"product_cat":[17,18],"product_tag":[28],"class_list":{"0":"post-1481","1":"product","2":"type-product","3":"status-publish","4":"has-post-thumbnail","6":"product_cat-alle-produkte","7":"product_cat-ringe","8":"product_tag-kurfuerst","9":"thunk-woo-product-list","10":"opn-qv-enable","11":"top-store-woo-hover-zoom","12":"top-store-single-product-tab-horizontal","13":"top-store-shadow-","14":"top-store-shadow-hover-","16":"first","17":"instock","18":"sale","19":"taxable","20":"shipping-taxable","21":"purchasable","22":"product-type-simple"},"_links":{"self":[{"href":"https:\/\/trinitixshop.de\/fi\/wp-json\/wp\/v2\/product\/1481","targetHints":{"allow":["GET"]}}],"collection":[{"href":"https:\/\/trinitixshop.de\/fi\/wp-json\/wp\/v2\/product"}],"about":[{"href":"https:\/\/trinitixshop.de\/fi\/wp-json\/wp\/v2\/types\/product"}],"replies":[{"embeddable":true,"href":"https:\/\/trinitixshop.de\/fi\/wp-json\/wp\/v2\/comments?post=1481"}],"wp:featuredmedia":[{"embeddable":true,"href":"https:\/\/trinitixshop.de\/fi\/wp-json\/wp\/v2\/media\/1681"}],"wp:attachment":[{"href":"https:\/\/trinitixshop.de\/fi\/wp-json\/wp\/v2\/media?parent=1481"}],"wp:term":[{"taxonomy":"product_brand","embeddable":true,"href":"https:\/\/trinitixshop.de\/fi\/wp-json\/wp\/v2\/product_brand?post=1481"},{"taxonomy":"product_cat","embeddable":true,"href":"https:\/\/trinitixshop.de\/fi\/wp-json\/wp\/v2\/product_cat?post=1481"},{"taxonomy":"product_tag","embeddable":true,"href":"https:\/\/trinitixshop.de\/fi\/wp-json\/wp\/v2\/product_tag?post=1481"}],"curies":[{"name":"wp","href":"https:\/\/api.w.org\/{rel}","templated":true}]}}