{"id":1482,"date":"2023-05-08T12:14:00","date_gmt":"2023-05-08T10:14:00","guid":{"rendered":"https:\/\/trinitixshop.de\/?post_type=product&#038;p=1482"},"modified":"2023-05-08T15:21:52","modified_gmt":"2023-05-08T13:21:52","slug":"solitaire-sormus-aalto-kaksivaerinen-swarovski-kristalli-16-22-367","status":"publish","type":"product","link":"https:\/\/trinitixshop.de\/fi\/produkt\/solitaerring-welle-bicolor-mit-swarovski-crystal-16-22-367\/","title":{"rendered":"Solitaire-sormus aalto kaksiv\u00e4rinen Swarovski-kristallilla 16 - 22 # 367"},"content":{"rendered":"<p>RX036700T<\/p>","protected":false},"excerpt":{"rendered":"<p>Solid solitaire magneettinen sormus \" Gold wave line\", kullattu aaltolinja, jossa Swarovski Crystal Element.<br \/>\nLeveys: n. 7 mm, paksuus: n. 3 mm.<br \/>\nYhteisty\u00f6kumppanina on solitaire-magneettisormus # 2143 - suoralla linjalla ja ilman Swarovski-kristallia.<br \/>\nMagneettirenkaat edustavat liikkuvuutta ja el\u00e4m\u00e4niloa. Magneettisormuksemme ovat olleet mallistomme suosituimpia tuotteita jo vuosia. Katso itse, kuinka kauniita, kest\u00e4vi\u00e4 ja mukautuvia n\u00e4m\u00e4 korut ovat Energiaa ja eleganssia!<br \/>\nJokaisessa korussamme on laadukkaat ja tehokkaat neodyymimagneetit. Neodyymimagneetti-insertti, jossa on noin 1200 gaussia.<br \/>\nRuostumatonta l\u00e4\u00e4kinn\u00e4llist\u00e4 ter\u00e4st\u00e4, ei sis\u00e4ll\u00e4 kadmiumia, nikkeli\u00e4 eik\u00e4 lyijy\u00e4. Allergiaton.<br \/>\nSaatavilla olevat koot: 16, 17, 18, 19, 20, 21 tai 22.<\/p>","protected":false},"featured_media":1712,"comment_status":"open","ping_status":"closed","template":"","meta":[],"product_brand":[],"product_cat":[17,18],"product_tag":[25],"class_list":{"0":"post-1482","1":"product","2":"type-product","3":"status-publish","4":"has-post-thumbnail","6":"product_cat-alle-produkte","7":"product_cat-ringe","8":"product_tag-t-prime","9":"thunk-woo-product-list","10":"opn-qv-enable","11":"top-store-woo-hover-zoom","12":"top-store-single-product-tab-horizontal","13":"top-store-shadow-","14":"top-store-shadow-hover-","16":"first","17":"instock","18":"sale","19":"taxable","20":"shipping-taxable","21":"purchasable","22":"product-type-variable"},"_links":{"self":[{"href":"https:\/\/trinitixshop.de\/fi\/wp-json\/wp\/v2\/product\/1482","targetHints":{"allow":["GET"]}}],"collection":[{"href":"https:\/\/trinitixshop.de\/fi\/wp-json\/wp\/v2\/product"}],"about":[{"href":"https:\/\/trinitixshop.de\/fi\/wp-json\/wp\/v2\/types\/product"}],"replies":[{"embeddable":true,"href":"https:\/\/trinitixshop.de\/fi\/wp-json\/wp\/v2\/comments?post=1482"}],"wp:featuredmedia":[{"embeddable":true,"href":"https:\/\/trinitixshop.de\/fi\/wp-json\/wp\/v2\/media\/1712"}],"wp:attachment":[{"href":"https:\/\/trinitixshop.de\/fi\/wp-json\/wp\/v2\/media?parent=1482"}],"wp:term":[{"taxonomy":"product_brand","embeddable":true,"href":"https:\/\/trinitixshop.de\/fi\/wp-json\/wp\/v2\/product_brand?post=1482"},{"taxonomy":"product_cat","embeddable":true,"href":"https:\/\/trinitixshop.de\/fi\/wp-json\/wp\/v2\/product_cat?post=1482"},{"taxonomy":"product_tag","embeddable":true,"href":"https:\/\/trinitixshop.de\/fi\/wp-json\/wp\/v2\/product_tag?post=1482"}],"curies":[{"name":"wp","href":"https:\/\/api.w.org\/{rel}","templated":true}]}}