{"id":1491,"date":"2023-05-08T12:14:01","date_gmt":"2023-05-08T10:14:01","guid":{"rendered":"https:\/\/trinitixshop.de\/?post_type=product&#038;p=1491"},"modified":"2025-12-04T16:59:42","modified_gmt":"2025-12-04T15:59:42","slug":"kaksivaerinen-magneettinen-sormus-timanttitoely-hopea-kulta-16-21","status":"publish","type":"product","link":"https:\/\/trinitixshop.de\/fi\/produkt\/bicolor-magnetring-diamantenstaub-silber-gold-16-21\/","title":{"rendered":"Bicolor Magnetring Diamantenstaub Silber Gold 16 bis 21 # 106"},"content":{"rendered":"<p>RX010600T<\/p>","protected":false},"excerpt":{"rendered":"<p>Kiinte\u00e4 magneettinen rengas \"timanttip\u00f6ly\" kapea. Unisex. Kaksiv\u00e4rinen.<br \/>\nIhanteellinen kumppani-, h\u00e4\u00e4- tai kihlasormukseksi.<br \/>\nJ\u00e4m\u00e4k\u00e4ss\u00e4 ja kiilt\u00e4v\u00e4ss\u00e4 ruostumattomassa ter\u00e4ksess\u00e4 on ainutlaatuinen rakenne, joka saa sormuksen n\u00e4ytt\u00e4m\u00e4\u00e4n erityisen tyylikk\u00e4\u00e4lt\u00e4, aivan kuin se olisi asetettu timanttimassalla. Leveys: n. 4 mm, paksuus: n. 2 mm. T\u00e4m\u00e4 sormus on saatavana my\u00f6s 7 mm:n kokoisena numerolla # 106.<br \/>\nMagneettirenkaat edustavat liikkuvuutta ja el\u00e4m\u00e4niloa. Magneettisormuksemme ovat olleet mallistomme suosituimpia tuotteita jo vuosia.<br \/>\nKatso itse, kuinka kauniita, kest\u00e4vi\u00e4 ja mukautuvia n\u00e4m\u00e4 korut ovat.<br \/>\nEnergiaa ja eleganssia!<br \/>\nJokaisessa korussamme on laadukkaat ja tehokkaat neodyymimagneetit. Neodyymimagneetti-insertti, jossa on noin 1200 gaussia.<br \/>\nRuostumatonta l\u00e4\u00e4kinn\u00e4llist\u00e4 ter\u00e4st\u00e4, ei sis\u00e4ll\u00e4 kadmiumia, nikkeli\u00e4 eik\u00e4 lyijy\u00e4. Allergiaton.<\/p>","protected":false},"featured_media":1708,"comment_status":"open","ping_status":"closed","template":"","meta":[],"product_brand":[],"product_cat":[17,18],"product_tag":[25],"class_list":{"0":"post-1491","1":"product","2":"type-product","3":"status-publish","4":"has-post-thumbnail","6":"product_cat-alle-produkte","7":"product_cat-ringe","8":"product_tag-t-prime","9":"thunk-woo-product-list","10":"opn-qv-enable","11":"top-store-woo-hover-zoom","12":"top-store-single-product-tab-horizontal","13":"top-store-shadow-","14":"top-store-shadow-hover-","16":"first","17":"instock","18":"taxable","19":"shipping-taxable","20":"purchasable","21":"product-type-variable"},"_links":{"self":[{"href":"https:\/\/trinitixshop.de\/fi\/wp-json\/wp\/v2\/product\/1491","targetHints":{"allow":["GET"]}}],"collection":[{"href":"https:\/\/trinitixshop.de\/fi\/wp-json\/wp\/v2\/product"}],"about":[{"href":"https:\/\/trinitixshop.de\/fi\/wp-json\/wp\/v2\/types\/product"}],"replies":[{"embeddable":true,"href":"https:\/\/trinitixshop.de\/fi\/wp-json\/wp\/v2\/comments?post=1491"}],"wp:featuredmedia":[{"embeddable":true,"href":"https:\/\/trinitixshop.de\/fi\/wp-json\/wp\/v2\/media\/1708"}],"wp:attachment":[{"href":"https:\/\/trinitixshop.de\/fi\/wp-json\/wp\/v2\/media?parent=1491"}],"wp:term":[{"taxonomy":"product_brand","embeddable":true,"href":"https:\/\/trinitixshop.de\/fi\/wp-json\/wp\/v2\/product_brand?post=1491"},{"taxonomy":"product_cat","embeddable":true,"href":"https:\/\/trinitixshop.de\/fi\/wp-json\/wp\/v2\/product_cat?post=1491"},{"taxonomy":"product_tag","embeddable":true,"href":"https:\/\/trinitixshop.de\/fi\/wp-json\/wp\/v2\/product_tag?post=1491"}],"curies":[{"name":"wp","href":"https:\/\/api.w.org\/{rel}","templated":true}]}}