{"id":1503,"date":"2023-05-08T12:14:01","date_gmt":"2023-05-08T10:14:01","guid":{"rendered":"https:\/\/trinitixshop.de\/?post_type=product&#038;p=1503"},"modified":"2023-05-08T15:13:34","modified_gmt":"2023-05-08T13:13:34","slug":"goldline-vintage-magneettinen-sormus-kaksivaerinen-16-21","status":"publish","type":"product","link":"https:\/\/trinitixshop.de\/fi\/produkt\/goldlinie-vintage-magnetring-bicolor-16-21\/","title":{"rendered":"Goldline Vintage kaksiv\u00e4rinen magneettisormus - 16\/21"},"content":{"rendered":"<p>RX214300T<\/p>","protected":false},"excerpt":{"rendered":"<p>Solid solitaire magneettinen sormus \"Goldline\", kullattu linja. Leveys: n. 7 mm, paksuus: n. 3 mm.<br \/>\nYhteisty\u00f6kumppanina solitaire magneettisormus # 366 - Swarovski-kristallilla.<br \/>\nMagneettirenkaat edustavat liikkuvuutta ja el\u00e4m\u00e4niloa. Magneettisormuksemme ovat olleet mallistomme suosituimpia tuotteita jo vuosia. Katso itse, kuinka kauniita, kest\u00e4vi\u00e4 ja mukautuvia n\u00e4m\u00e4 korut ovat.<br \/>\nEnergiaa ja eleganssia!<br \/>\nJokaisessa korussamme on laadukkaat ja tehokkaat neodyymimagneetit. Neodyymimagneetti-insertti, jossa on noin 1200 gaussia.<br \/>\nRuostumatonta l\u00e4\u00e4kinn\u00e4llist\u00e4 ter\u00e4st\u00e4, ei sis\u00e4ll\u00e4 kadmiumia, nikkeli\u00e4 eik\u00e4 lyijy\u00e4. Allergiaton.<\/p>","protected":false},"featured_media":1711,"comment_status":"open","ping_status":"closed","template":"","meta":[],"product_brand":[],"product_cat":[17,18],"product_tag":[25],"class_list":{"0":"post-1503","1":"product","2":"type-product","3":"status-publish","4":"has-post-thumbnail","6":"product_cat-alle-produkte","7":"product_cat-ringe","8":"product_tag-t-prime","9":"thunk-woo-product-list","10":"opn-qv-enable","11":"top-store-woo-hover-zoom","12":"top-store-single-product-tab-horizontal","13":"top-store-shadow-","14":"top-store-shadow-hover-","16":"first","17":"instock","18":"taxable","19":"shipping-taxable","20":"purchasable","21":"product-type-variable"},"_links":{"self":[{"href":"https:\/\/trinitixshop.de\/fi\/wp-json\/wp\/v2\/product\/1503","targetHints":{"allow":["GET"]}}],"collection":[{"href":"https:\/\/trinitixshop.de\/fi\/wp-json\/wp\/v2\/product"}],"about":[{"href":"https:\/\/trinitixshop.de\/fi\/wp-json\/wp\/v2\/types\/product"}],"replies":[{"embeddable":true,"href":"https:\/\/trinitixshop.de\/fi\/wp-json\/wp\/v2\/comments?post=1503"}],"wp:featuredmedia":[{"embeddable":true,"href":"https:\/\/trinitixshop.de\/fi\/wp-json\/wp\/v2\/media\/1711"}],"wp:attachment":[{"href":"https:\/\/trinitixshop.de\/fi\/wp-json\/wp\/v2\/media?parent=1503"}],"wp:term":[{"taxonomy":"product_brand","embeddable":true,"href":"https:\/\/trinitixshop.de\/fi\/wp-json\/wp\/v2\/product_brand?post=1503"},{"taxonomy":"product_cat","embeddable":true,"href":"https:\/\/trinitixshop.de\/fi\/wp-json\/wp\/v2\/product_cat?post=1503"},{"taxonomy":"product_tag","embeddable":true,"href":"https:\/\/trinitixshop.de\/fi\/wp-json\/wp\/v2\/product_tag?post=1503"}],"curies":[{"name":"wp","href":"https:\/\/api.w.org\/{rel}","templated":true}]}}