{"id":1504,"date":"2023-05-08T12:14:01","date_gmt":"2023-05-08T10:14:01","guid":{"rendered":"https:\/\/trinitixshop.de\/?post_type=product&#038;p=1504"},"modified":"2023-05-08T15:09:04","modified_gmt":"2023-05-08T13:09:04","slug":"premium-vintage-magneettinen-rengas-kulta-siivet-suunnittelu-16-22","status":"publish","type":"product","link":"https:\/\/trinitixshop.de\/fi\/produkt\/premium-vintage-magnetring-gold-wings-design-16-22\/","title":{"rendered":"Premium vintage magneettinen sormus kultainen siipien muotoilu - 16\/22"},"content":{"rendered":"<p>RX274700T<\/p>","protected":false},"excerpt":{"rendered":"<p>Kiinte\u00e4 magneettisormus 24k kovakullattu.<br \/>\nUnisex. Ruostumatonta ter\u00e4st\u00e4, nikkeliallergiaton.<br \/>\nSaatavana hopeisena numerolla # 2749.<br \/>\nKest\u00e4v\u00e4 ruostumaton ter\u00e4s on kiillotettu ja kiilt\u00e4v\u00e4, mik\u00e4 tekee sormuksesta erityisen tyylikk\u00e4\u00e4n.<br \/>\nLeveys: n. 8 mm, paksuus: n. 2 mm.<br \/>\nTukevassa ja kiilt\u00e4v\u00e4ss\u00e4 ruostumattomassa ter\u00e4ksess\u00e4 on ainutlaatuinen rakenne.<br \/>\nYksinomainen siipien kaiverrus.<br \/>\nSymboliikka: Kun n\u00e4emme siivet, ensimm\u00e4inen ajatuksemme on lent\u00e4minen.<br \/>\nJos annamme fantasioillemme vapaat k\u00e4det, siipisymboli on pelastuksemme.<br \/>\nYmm\u00e4rr\u00e4mme, ett\u00e4 voimme paeta ja paeta meit\u00e4 sitovia asioita ja siten vapauttaa sielumme.<br \/>\nMagneettisormukset symboloivat liikkuvuutta ja el\u00e4m\u00e4niloa.<br \/>\nMagneettisormuksemme ovat olleet mallistomme suosituimpia tuotteita jo vuosia.<br \/>\nKatso itse, kuinka kauniita, kest\u00e4vi\u00e4 ja mukautuvia n\u00e4m\u00e4 korut ovat.<br \/>\nEnergiaa ja eleganssia!<br \/>\nJokaisessa korussamme on laadukkaat ja tehokkaat neodyymimagneetit. Neodyymimagneetti-insertti, jossa on noin 1200 gaussia.<br \/>\nRuostumatonta l\u00e4\u00e4kinn\u00e4llist\u00e4 ter\u00e4st\u00e4, ei sis\u00e4ll\u00e4 kadmiumia, nikkeli\u00e4 eik\u00e4 lyijy\u00e4. Allergiaton.<\/p>","protected":false},"featured_media":1710,"comment_status":"open","ping_status":"closed","template":"","meta":[],"product_brand":[],"product_cat":[17,18],"product_tag":[25],"class_list":{"0":"post-1504","1":"product","2":"type-product","3":"status-publish","4":"has-post-thumbnail","6":"product_cat-alle-produkte","7":"product_cat-ringe","8":"product_tag-t-prime","9":"thunk-woo-product-list","10":"opn-qv-enable","11":"top-store-woo-hover-zoom","12":"top-store-single-product-tab-horizontal","13":"top-store-shadow-","14":"top-store-shadow-hover-","16":"first","17":"instock","18":"taxable","19":"shipping-taxable","20":"purchasable","21":"product-type-variable"},"_links":{"self":[{"href":"https:\/\/trinitixshop.de\/fi\/wp-json\/wp\/v2\/product\/1504","targetHints":{"allow":["GET"]}}],"collection":[{"href":"https:\/\/trinitixshop.de\/fi\/wp-json\/wp\/v2\/product"}],"about":[{"href":"https:\/\/trinitixshop.de\/fi\/wp-json\/wp\/v2\/types\/product"}],"replies":[{"embeddable":true,"href":"https:\/\/trinitixshop.de\/fi\/wp-json\/wp\/v2\/comments?post=1504"}],"wp:featuredmedia":[{"embeddable":true,"href":"https:\/\/trinitixshop.de\/fi\/wp-json\/wp\/v2\/media\/1710"}],"wp:attachment":[{"href":"https:\/\/trinitixshop.de\/fi\/wp-json\/wp\/v2\/media?parent=1504"}],"wp:term":[{"taxonomy":"product_brand","embeddable":true,"href":"https:\/\/trinitixshop.de\/fi\/wp-json\/wp\/v2\/product_brand?post=1504"},{"taxonomy":"product_cat","embeddable":true,"href":"https:\/\/trinitixshop.de\/fi\/wp-json\/wp\/v2\/product_cat?post=1504"},{"taxonomy":"product_tag","embeddable":true,"href":"https:\/\/trinitixshop.de\/fi\/wp-json\/wp\/v2\/product_tag?post=1504"}],"curies":[{"name":"wp","href":"https:\/\/api.w.org\/{rel}","templated":true}]}}