{"id":1508,"date":"2023-05-08T12:14:02","date_gmt":"2023-05-08T10:14:02","guid":{"rendered":"https:\/\/trinitixshop.de\/?post_type=product&#038;p=1508"},"modified":"2023-05-08T12:44:11","modified_gmt":"2023-05-08T10:44:11","slug":"magneettisormus-swarovski-kristalleilla-vaerillinen-4481-koko-16-19-tai-20","status":"publish","type":"product","link":"https:\/\/trinitixshop.de\/fi\/produkt\/magnetring-mit-swarovski-crystals-bunt-4481-groesse-16-19-oder-20\/","title":{"rendered":"Magneettisormus Swarovski-kristalleilla v\u00e4rillinen # 4481 Koko 16, 19 tai 20"},"content":{"rendered":"<p>RX448100T<\/p>","protected":false},"excerpt":{"rendered":"<p>Tyylik\u00e4s magneettisormus, jossa on monia v\u00e4rikk\u00e4it\u00e4 alkuper\u00e4isi\u00e4 Swarovski-elementtej\u00e4.<br \/>\nLeveys noin 3 mm.<br \/>\nRakastatko eleganssia?<br \/>\n\u00c4l\u00e4 j\u00e4t\u00e4 glamouria t\u00e4hdille, vaan tee siit\u00e4 osa el\u00e4m\u00e4\u00e4si.<br \/>\nL\u00f6yd\u00e4t sopivan rannekorun numerosta # 448.<br \/>\nMagneettirenkaat edustavat liikkuvuutta ja el\u00e4m\u00e4niloa. Magneettisormuksemme ovat olleet mallistomme suosituimpia tuotteita jo vuosia. Katso itse, kuinka kauniita, kest\u00e4vi\u00e4 ja mukautuvia n\u00e4m\u00e4 korut ovat.<br \/>\nEnergiaa ja eleganssia!<br \/>\nJokaisessa korussamme on laadukkaat ja tehokkaat neodyymimagneetit. Neodyymimagneetti-insertti, jossa on noin 1200 gaussia.<br \/>\nRuostumatonta l\u00e4\u00e4kinn\u00e4llist\u00e4 ter\u00e4st\u00e4, ei sis\u00e4ll\u00e4 kadmiumia, nikkeli\u00e4 eik\u00e4 lyijy\u00e4. Allergiaton.<\/p>","protected":false},"featured_media":1688,"comment_status":"open","ping_status":"closed","template":"","meta":[],"product_brand":[],"product_cat":[17,18],"product_tag":[],"class_list":{"0":"post-1508","1":"product","2":"type-product","3":"status-publish","4":"has-post-thumbnail","6":"product_cat-alle-produkte","7":"product_cat-ringe","8":"thunk-woo-product-list","9":"opn-qv-enable","10":"top-store-woo-hover-zoom","11":"top-store-single-product-tab-horizontal","12":"top-store-shadow-","13":"top-store-shadow-hover-","15":"first","16":"instock","17":"taxable","18":"shipping-taxable","19":"purchasable","20":"product-type-variable"},"_links":{"self":[{"href":"https:\/\/trinitixshop.de\/fi\/wp-json\/wp\/v2\/product\/1508","targetHints":{"allow":["GET"]}}],"collection":[{"href":"https:\/\/trinitixshop.de\/fi\/wp-json\/wp\/v2\/product"}],"about":[{"href":"https:\/\/trinitixshop.de\/fi\/wp-json\/wp\/v2\/types\/product"}],"replies":[{"embeddable":true,"href":"https:\/\/trinitixshop.de\/fi\/wp-json\/wp\/v2\/comments?post=1508"}],"wp:featuredmedia":[{"embeddable":true,"href":"https:\/\/trinitixshop.de\/fi\/wp-json\/wp\/v2\/media\/1688"}],"wp:attachment":[{"href":"https:\/\/trinitixshop.de\/fi\/wp-json\/wp\/v2\/media?parent=1508"}],"wp:term":[{"taxonomy":"product_brand","embeddable":true,"href":"https:\/\/trinitixshop.de\/fi\/wp-json\/wp\/v2\/product_brand?post=1508"},{"taxonomy":"product_cat","embeddable":true,"href":"https:\/\/trinitixshop.de\/fi\/wp-json\/wp\/v2\/product_cat?post=1508"},{"taxonomy":"product_tag","embeddable":true,"href":"https:\/\/trinitixshop.de\/fi\/wp-json\/wp\/v2\/product_tag?post=1508"}],"curies":[{"name":"wp","href":"https:\/\/api.w.org\/{rel}","templated":true}]}}