{"id":1511,"date":"2023-05-08T12:14:07","date_gmt":"2023-05-08T10:14:07","guid":{"rendered":"https:\/\/trinitixshop.de\/?post_type=product&#038;p=1511"},"modified":"2023-05-08T12:32:31","modified_gmt":"2023-05-08T10:32:31","slug":"ainutlaatuinen-kokodash-trx-siivet-kokoelma-energia-rengas-16-21-9053","status":"publish","type":"product","link":"https:\/\/trinitixshop.de\/fi\/produkt\/unique-by-kokodash-trx-wings-collection-energy-ring-16-bis-21-9053\/","title":{"rendered":"UNIQUE by KokoDash TRX Wings Collection Energy Ring - 16-21 # 9053"},"content":{"rendered":"<p>RX905300T<\/p>","protected":false},"excerpt":{"rendered":"<p>Magneettisormus, hopea, leveys n. 9 mm.<br \/>\nKokoDash esittelee t\u00e4m\u00e4n kauniin, ainutlaatuisen ja eksklusiivisen suunnittelijamalliston taiteellisessa siipimallissa.<br \/>\nHuomaamaton katseenvangitsija kiilt\u00e4v\u00e4ll\u00e4 ulkon\u00e4\u00f6ll\u00e4.<br \/>\nSe on toivon ja el\u00e4m\u00e4nilon ilmaus. Seuralaisena talismaanin on tarkoitus antaa uutta energiaa ja rohkeutta kohdata el\u00e4m\u00e4n haasteet.<br \/>\nT\u00e4m\u00e4 hienosti muotoiltu ja merkityksellinen koruluomus inspiroi sinua joka p\u00e4iv\u00e4.<br \/>\nSiivet tai enkelinsiivet ovat suojelun ja vapauden symboleja, ja ne huokuvat nuorekasta keveytt\u00e4. Kun n\u00e4emme siivet, ensimm\u00e4inen ajatuksemme on lent\u00e4\u00e4, mutta jos annamme mielikuvituksemme valloilleen, siipisymboli on pelastuksemme. Ymm\u00e4rr\u00e4mme, ett\u00e4 voimme paeta ja paeta meit\u00e4 sitovia asioita ja vapauttaa sielumme.<br \/>\nMagneettisormukset symboloivat liikkuvuutta ja el\u00e4m\u00e4niloa.<br \/>\nMagneettisormuksemme ovat olleet mallistomme suosituimpia tuotteita jo vuosia.<br \/>\nKatso itse, kuinka kauniita, kest\u00e4vi\u00e4 ja mukautuvia n\u00e4m\u00e4 korut ovat.<br \/>\nEnergiaa ja eleganssia!<br \/>\nJokaisessa korussamme on laadukkaat ja tehokkaat neodyymimagneetit. Neodyymimagneetti-insertti, jossa on noin 1200 gaussia.<br \/>\nRuostumatonta l\u00e4\u00e4kinn\u00e4llist\u00e4 ter\u00e4st\u00e4, ei sis\u00e4ll\u00e4 kadmiumia, nikkeli\u00e4 eik\u00e4 lyijy\u00e4. Allergiaton.<br \/>\nSaatavilla olevat koot: 16, 17, 18, 19, 20 tai 21.<\/p>","protected":false},"featured_media":1682,"comment_status":"open","ping_status":"closed","template":"","meta":[],"product_brand":[],"product_cat":[17,18],"product_tag":[25],"class_list":{"0":"post-1511","1":"product","2":"type-product","3":"status-publish","4":"has-post-thumbnail","6":"product_cat-alle-produkte","7":"product_cat-ringe","8":"product_tag-t-prime","9":"thunk-woo-product-list","10":"opn-qv-enable","11":"top-store-woo-hover-zoom","12":"top-store-single-product-tab-horizontal","13":"top-store-shadow-","14":"top-store-shadow-hover-","16":"first","17":"instock","18":"taxable","19":"shipping-taxable","20":"purchasable","21":"product-type-variable"},"_links":{"self":[{"href":"https:\/\/trinitixshop.de\/fi\/wp-json\/wp\/v2\/product\/1511","targetHints":{"allow":["GET"]}}],"collection":[{"href":"https:\/\/trinitixshop.de\/fi\/wp-json\/wp\/v2\/product"}],"about":[{"href":"https:\/\/trinitixshop.de\/fi\/wp-json\/wp\/v2\/types\/product"}],"replies":[{"embeddable":true,"href":"https:\/\/trinitixshop.de\/fi\/wp-json\/wp\/v2\/comments?post=1511"}],"wp:featuredmedia":[{"embeddable":true,"href":"https:\/\/trinitixshop.de\/fi\/wp-json\/wp\/v2\/media\/1682"}],"wp:attachment":[{"href":"https:\/\/trinitixshop.de\/fi\/wp-json\/wp\/v2\/media?parent=1511"}],"wp:term":[{"taxonomy":"product_brand","embeddable":true,"href":"https:\/\/trinitixshop.de\/fi\/wp-json\/wp\/v2\/product_brand?post=1511"},{"taxonomy":"product_cat","embeddable":true,"href":"https:\/\/trinitixshop.de\/fi\/wp-json\/wp\/v2\/product_cat?post=1511"},{"taxonomy":"product_tag","embeddable":true,"href":"https:\/\/trinitixshop.de\/fi\/wp-json\/wp\/v2\/product_tag?post=1511"}],"curies":[{"name":"wp","href":"https:\/\/api.w.org\/{rel}","templated":true}]}}