{"id":2125,"date":"2023-05-16T13:38:50","date_gmt":"2023-05-16T11:38:50","guid":{"rendered":"https:\/\/trinitixshop.de\/?post_type=product&#038;p=2125"},"modified":"2024-11-25T17:07:36","modified_gmt":"2024-11-25T16:07:36","slug":"royalty-ruostumattomasta-teraeksestae-marmori-mina-nude-rannerengas-ainutlaatuinen","status":"publish","type":"product","link":"https:\/\/trinitixshop.de\/fi\/produkt\/royalty-edelstahl-marmor-mina-nude-bangle-unikate\/","title":{"rendered":"Royalty ruostumattomasta ter\u00e4ksest\u00e4 marmori Mina Nude rannerengas ainutlaatuinen # 5132"},"content":{"rendered":"<p>[131] CH513200T<\/p>\n","protected":false},"excerpt":{"rendered":"<p>K\u00e4sintehtyj\u00e4 uniikkeja kappaleita ! - Royalty Marble - Magneettirannerengas koristeltu alkuper\u00e4isell\u00e4 marmori-intruusiolla - n. intruusi \u00d8 11 mm,<br \/>\nRannerengas \u00d8 n. 6 cm, kohtalaisesti taivutettavissa toiseen kokoon, eritt\u00e4in kiillotettu.<br \/>\nVoidaan yhdist\u00e4\u00e4 saman malliston magneettiriipuksen # 5131 kanssa.<br \/>\nPuhdasta eleganssia - n\u00e4in voidaan kuvata t\u00e4t\u00e4 ihanaa korua muutamalla sanalla. Marmori, jossa on ruskeita suonia. T\u00e4t\u00e4 kive\u00e4 on aina pidetty jalona.<br \/>\nMateriaali. Kiillotettu. Jokainen kappale on yksil\u00f6llinen ja yksil\u00f6llinen (luonnonkivi).<br \/>\nK\u00e4sintehty.<br \/>\nLaadukas ruostumaton ter\u00e4s, kiillotettu, hypoallergeeninen, nikkeli- ja allergiavapaa.<br \/>\nNeodyymimagneettisis\u00e4ke, jossa on noin 2200 gaussia.<\/p>","protected":false},"featured_media":2309,"comment_status":"open","ping_status":"closed","template":"","meta":[],"product_brand":[],"product_cat":[17,19],"product_tag":[26],"class_list":{"0":"post-2125","1":"product","2":"type-product","3":"status-publish","4":"has-post-thumbnail","6":"product_cat-alle-produkte","7":"product_cat-armbander","8":"product_tag-paja","9":"thunk-woo-product-list","10":"opn-qv-enable","11":"top-store-woo-hover-zoom","12":"top-store-single-product-tab-horizontal","13":"top-store-shadow-","14":"top-store-shadow-hover-","16":"first","17":"instock","18":"sale","19":"taxable","20":"shipping-taxable","21":"purchasable","22":"product-type-simple"},"_links":{"self":[{"href":"https:\/\/trinitixshop.de\/fi\/wp-json\/wp\/v2\/product\/2125","targetHints":{"allow":["GET"]}}],"collection":[{"href":"https:\/\/trinitixshop.de\/fi\/wp-json\/wp\/v2\/product"}],"about":[{"href":"https:\/\/trinitixshop.de\/fi\/wp-json\/wp\/v2\/types\/product"}],"replies":[{"embeddable":true,"href":"https:\/\/trinitixshop.de\/fi\/wp-json\/wp\/v2\/comments?post=2125"}],"wp:featuredmedia":[{"embeddable":true,"href":"https:\/\/trinitixshop.de\/fi\/wp-json\/wp\/v2\/media\/2309"}],"wp:attachment":[{"href":"https:\/\/trinitixshop.de\/fi\/wp-json\/wp\/v2\/media?parent=2125"}],"wp:term":[{"taxonomy":"product_brand","embeddable":true,"href":"https:\/\/trinitixshop.de\/fi\/wp-json\/wp\/v2\/product_brand?post=2125"},{"taxonomy":"product_cat","embeddable":true,"href":"https:\/\/trinitixshop.de\/fi\/wp-json\/wp\/v2\/product_cat?post=2125"},{"taxonomy":"product_tag","embeddable":true,"href":"https:\/\/trinitixshop.de\/fi\/wp-json\/wp\/v2\/product_tag?post=2125"}],"curies":[{"name":"wp","href":"https:\/\/api.w.org\/{rel}","templated":true}]}}