{"id":2126,"date":"2023-05-16T13:38:50","date_gmt":"2023-05-16T11:38:50","guid":{"rendered":"https:\/\/trinitixshop.de\/?post_type=product&#038;p=2126"},"modified":"2023-05-18T15:40:10","modified_gmt":"2023-05-18T13:40:10","slug":"power-balance-rannekoru-2in1-musta-sml","status":"publish","type":"product","link":"https:\/\/trinitixshop.de\/fi\/produkt\/power-balance-armband-2in1-schwarz-sml\/","title":{"rendered":"POWER BALANCE ARMBAND 2in1 musta S,M,L"},"content":{"rendered":"","protected":false},"excerpt":{"rendered":"<p>Original Power Balance silikoniranneke - musta - Pro Ion Uni Sport silikoniranneke - Pro Ion Uni Sport silikoniranneke<br \/>\nIon + Holgram -tekniikka<br \/>\nOptimaalinen laatu, tyylik\u00e4s, joustava, eritt\u00e4in mukava. Vakuuttava vaikutus.<br \/>\nTuo hyv\u00e4ntuulisia hetki\u00e4 el\u00e4m\u00e4\u00e4si. Lis\u00e4\u00e4 energiaa sinulle!<br \/>\nN\u00e4m\u00e4 Power Balance -silikonirannekkeet ovat erityisen tyylikk\u00e4it\u00e4.<br \/>\nErityisen korkealaatuisen 100%-silikonin ansiosta ranneketta voi k\u00e4ytt\u00e4\u00e4 miss\u00e4 tahansa, ja sen k\u00e4ytt\u00f6ik\u00e4 on pitk\u00e4. Sen hyv\u00e4n elastisuuden ansiosta se liukuu helposti k\u00e4den p\u00e4\u00e4lle. Se tekee vaikutuksen korkealla k\u00e4ytt\u00f6mukavuudellaan ja tyylikk\u00e4\u00e4ll\u00e4 muotoilullaan. T\u00e4m\u00e4 urheilullinen rannekoru on varustettu kahdella integroidulla Power Balance -hologrammilla, ja se sopii kaikkiin tilaisuuksiin. POWER BALANCE -rannekkeista on tullut erottamaton osa urheilumaailmaa. Yhdysvalloista l\u00e4ht\u00f6isin oleva trendi on monien huippu-urheilijoiden suosiossa.<br \/>\nPOWER BALANCE -rannekkeiden ainutlaatuiset hologrammit on kehitetty yhdysvaltalaisten urheilijoiden toimesta, ja niit\u00e4 voi k\u00e4ytt\u00e4\u00e4 mukavasti l\u00e4hes kaikissa urheilulajeissa. Monien menestyneiden huippu-urheilijoiden lis\u00e4ksi suorituskykyinen teknologia on erityisen suosittua my\u00f6s arkiel\u00e4m\u00e4ss\u00e4 aktiivisten ihmisten keskuudessa. POWER BALANCE -hologrammi on integroitu rannekkeeseen. T\u00e4m\u00e4n ansiosta sit\u00e4 on helppo k\u00e4ytt\u00e4\u00e4 kaikissa urheilulajeissa, kuten golfissa, hiihdossa, lumilautailussa, jalkapallossa, juoksussa, maastopy\u00f6r\u00e4ilyss\u00e4, uinnissa, koripallossa, ratsastuksessa, j\u00e4\u00e4kiekossa, lentopallossa, j\u00e4\u00e4kiekossa, tenniksess\u00e4, leija- ja purjelautailussa, surffauksessa ja kaikissa freestyle-lajeissa.<br \/>\nRubens Barrichello, Shaquille O'Neal, Viktoria Rebensburg ja golfin ammattilainen Martina Eberl ovat jo pitk\u00e4\u00e4n luottaneet POWER BALANCEen. N\u00e4m\u00e4 rannekkeet ovat eritt\u00e4in kest\u00e4vi\u00e4 ja vedenpit\u00e4vi\u00e4, ja oikein k\u00e4ytettyn\u00e4 ne kest\u00e4v\u00e4t useita vuosia. Silikonirannekkeet ovat sek\u00e4 laadukkaita ett\u00e4 kest\u00e4vi\u00e4 ja sopivat erinomaisesti urheiluk\u00e4ytt\u00f6\u00f6n. Ne kuivuvat nopeasti ja ovat eritt\u00e4in mukavat k\u00e4ytt\u00e4\u00e4 my\u00f6s pidempien aktiviteettien aikana.<\/p>","protected":false},"featured_media":2324,"comment_status":"open","ping_status":"closed","template":"","meta":[],"product_brand":[],"product_cat":[17,19],"product_tag":[27],"class_list":{"0":"post-2126","1":"product","2":"type-product","3":"status-publish","4":"has-post-thumbnail","6":"product_cat-alle-produkte","7":"product_cat-armbander","8":"product_tag-tribalance","9":"thunk-woo-product-list","10":"opn-qv-enable","11":"top-store-woo-hover-zoom","12":"top-store-single-product-tab-horizontal","13":"top-store-shadow-","14":"top-store-shadow-hover-","16":"first","17":"instock","18":"sale","19":"taxable","20":"shipping-taxable","21":"purchasable","22":"product-type-variable"},"_links":{"self":[{"href":"https:\/\/trinitixshop.de\/fi\/wp-json\/wp\/v2\/product\/2126","targetHints":{"allow":["GET"]}}],"collection":[{"href":"https:\/\/trinitixshop.de\/fi\/wp-json\/wp\/v2\/product"}],"about":[{"href":"https:\/\/trinitixshop.de\/fi\/wp-json\/wp\/v2\/types\/product"}],"replies":[{"embeddable":true,"href":"https:\/\/trinitixshop.de\/fi\/wp-json\/wp\/v2\/comments?post=2126"}],"wp:featuredmedia":[{"embeddable":true,"href":"https:\/\/trinitixshop.de\/fi\/wp-json\/wp\/v2\/media\/2324"}],"wp:attachment":[{"href":"https:\/\/trinitixshop.de\/fi\/wp-json\/wp\/v2\/media?parent=2126"}],"wp:term":[{"taxonomy":"product_brand","embeddable":true,"href":"https:\/\/trinitixshop.de\/fi\/wp-json\/wp\/v2\/product_brand?post=2126"},{"taxonomy":"product_cat","embeddable":true,"href":"https:\/\/trinitixshop.de\/fi\/wp-json\/wp\/v2\/product_cat?post=2126"},{"taxonomy":"product_tag","embeddable":true,"href":"https:\/\/trinitixshop.de\/fi\/wp-json\/wp\/v2\/product_tag?post=2126"}],"curies":[{"name":"wp","href":"https:\/\/api.w.org\/{rel}","templated":true}]}}