{"id":2132,"date":"2023-05-16T13:38:50","date_gmt":"2023-05-16T11:38:50","guid":{"rendered":"https:\/\/trinitixshop.de\/?post_type=product&#038;p=2132"},"modified":"2023-05-18T14:40:23","modified_gmt":"2023-05-18T12:40:23","slug":"pro-ion-magneettinen-silikoni-rannekoru-punainen-siivet-swarovski-kristallia","status":"publish","type":"product","link":"https:\/\/trinitixshop.de\/fi\/produkt\/pro-ion-magnet-silikonarmband-rot-wings-mit-swarovski-crystal\/","title":{"rendered":"Pro Ion magneettinen silikoni rannekoru punainen Wings kanssa Swarovski Crystal"},"content":{"rendered":"<p>NB360600T<\/p>","protected":false},"excerpt":{"rendered":"<p>Positiiviset magneetti-ionit (+2,000) Teho silikoniranneke \" 3 Wings \".<br \/>\nRuostumattomasta ter\u00e4ksest\u00e4 valmistettu korulevy, jossa on alkuper\u00e4inen, parhaiten kiilt\u00e4v\u00e4 Swarovski Crystal -elementti,<br \/>\npunainen, leveys 13 mm.<br \/>\nMukava ionisoitu power band -silikoniranneke ranteen ymp\u00e4rysmitalle 15 - 23 cm.<br \/>\nSilikonisista magneettisista energiarannekkeista on tullut olennainen osa urheilumaailmaa.<br \/>\nYhdysvalloista tuleva trendi on suosittu monien huippu-urheilijoiden keskuudessa.<br \/>\nN\u00e4m\u00e4 tehorannekkeet ovat eksklusiivinen katseenvangitsija. Suorituskyky, muotoilu ja<br \/>\nLaatua korkeimmalla tasolla.<br \/>\nAlkuper\u00e4iset Svarowskin parhaat kiilt\u00e4v\u00e4t elementit hurmaavat ainutlaatuisella kimalluksellaan.<br \/>\nEnergiaa ja eleganssia!<br \/>\nJokaisessa korussamme on laadukkaat ja tehokkaat neodyymimagneetit.<br \/>\nNeodyymimagneettisis\u00e4ke, jossa on noin 2200 gaussia.<br \/>\nRuostumatonta l\u00e4\u00e4kinn\u00e4llist\u00e4 ter\u00e4st\u00e4, ei sis\u00e4ll\u00e4 kadmiumia, nikkeli\u00e4 eik\u00e4 lyijy\u00e4. Allergiaton.<br \/>\nIonisoitu silikoni ilman sy\u00f6p\u00e4\u00e4 aiheuttavia pehmittimi\u00e4.<\/p>","protected":false},"featured_media":2308,"comment_status":"open","ping_status":"closed","template":"","meta":[],"product_brand":[],"product_cat":[17,19],"product_tag":[27],"class_list":{"0":"post-2132","1":"product","2":"type-product","3":"status-publish","4":"has-post-thumbnail","6":"product_cat-alle-produkte","7":"product_cat-armbander","8":"product_tag-tribalance","9":"thunk-woo-product-list","10":"opn-qv-enable","11":"top-store-woo-hover-zoom","12":"top-store-single-product-tab-horizontal","13":"top-store-shadow-","14":"top-store-shadow-hover-","16":"first","17":"instock","18":"sale","19":"taxable","20":"shipping-taxable","21":"purchasable","22":"product-type-simple"},"_links":{"self":[{"href":"https:\/\/trinitixshop.de\/fi\/wp-json\/wp\/v2\/product\/2132","targetHints":{"allow":["GET"]}}],"collection":[{"href":"https:\/\/trinitixshop.de\/fi\/wp-json\/wp\/v2\/product"}],"about":[{"href":"https:\/\/trinitixshop.de\/fi\/wp-json\/wp\/v2\/types\/product"}],"replies":[{"embeddable":true,"href":"https:\/\/trinitixshop.de\/fi\/wp-json\/wp\/v2\/comments?post=2132"}],"wp:featuredmedia":[{"embeddable":true,"href":"https:\/\/trinitixshop.de\/fi\/wp-json\/wp\/v2\/media\/2308"}],"wp:attachment":[{"href":"https:\/\/trinitixshop.de\/fi\/wp-json\/wp\/v2\/media?parent=2132"}],"wp:term":[{"taxonomy":"product_brand","embeddable":true,"href":"https:\/\/trinitixshop.de\/fi\/wp-json\/wp\/v2\/product_brand?post=2132"},{"taxonomy":"product_cat","embeddable":true,"href":"https:\/\/trinitixshop.de\/fi\/wp-json\/wp\/v2\/product_cat?post=2132"},{"taxonomy":"product_tag","embeddable":true,"href":"https:\/\/trinitixshop.de\/fi\/wp-json\/wp\/v2\/product_tag?post=2132"}],"curies":[{"name":"wp","href":"https:\/\/api.w.org\/{rel}","templated":true}]}}