{"id":2136,"date":"2023-05-16T13:38:51","date_gmt":"2023-05-16T11:38:51","guid":{"rendered":"https:\/\/trinitixshop.de\/?post_type=product&#038;p=2136"},"modified":"2023-05-18T13:41:40","modified_gmt":"2023-05-18T11:41:40","slug":"3-in-1-magneettinen-rannekoru-siivet-hopea-s-m-tai-l-xl-8066","status":"publish","type":"product","link":"https:\/\/trinitixshop.de\/fi\/produkt\/3-in-1-magnetarmband-wings-silber-s-m-oder-l-xl-8066\/","title":{"rendered":"3 in 1 magneettinen rannekoru Wings hopea S\/M tai L\/XL # 8066"},"content":{"rendered":"","protected":false},"excerpt":{"rendered":"<p>Exclusive 3 in 1 magneettinen rannekoru, kiinte\u00e4, uni \/ hopea. Leveys n. 9,5 mm.<br \/>\nElementit on kiillotettu ja niiss\u00e4 on yksinoikeudella 3 Wings -logomme.<br \/>\nTurmaliinilla sanotaan olevan seuraavat vaikutukset: Jalokivell\u00e4 turmaliinilla on voimakas vaikutus kehon energiavirtaan, ja sill\u00e4 sanotaan olevan pirist\u00e4v\u00e4 ja elvytt\u00e4v\u00e4 psykologinen vaikutus. Turmaliini edist\u00e4\u00e4 harmonian ja selkeyden tavoittelua el\u00e4m\u00e4ss\u00e4. Sen avulla voimme olla tietoisempia kehityksest\u00e4 ja prosesseista ja siten hallita niit\u00e4. Musta turmaliini on yksi voimakkaimmista negatiivisia energioita vastaan suojaavista kivist\u00e4, ja sit\u00e4 tulisi k\u00e4ytt\u00e4\u00e4 suorassa kosketuksessa ihon kanssa.<br \/>\nGermaniumin oletettu vaikutus: Germanium on harmaa\/valkoinen ja hauras puolimetalli. Se koostuu 6 germanium- ja 12 happiatomista. Se toimittaa soluille happea ja vahvistaa immuunij\u00e4rjestelm\u00e4\u00e4. Se on radikaalien sieppaaja H+ -ioneille, jotka syntyv\u00e4t organismin palamisprosessissa. Germanium stimuloi immuunij\u00e4rjestelm\u00e4\u00e4 ja tuo sen tasapainoon. Elimist\u00f6n oma puolustuskyky aktivoituu.<br \/>\nSiivet: Kun n\u00e4emme siivet, ensimm\u00e4inen ajatuksemme on lent\u00e4minen, mutta kun annamme mielikuvituksemme valloilleen, siipisymboli on pelastuksemme. Ymm\u00e4rr\u00e4mme, ett\u00e4 voimme paeta ja paeta asioita, jotka sitovat meit\u00e4, tai vapauttaa sielumme. Siivet symboloivat rauhaa, rakkautta, maata ja ilmaa, kuolevaisuutta ja jumalallisuutta. Joskus se osoittaa meille yliluonnollisia ja maagisia olentoja, kuten lohik\u00e4\u00e4rmeit\u00e4, aarnikotkia, keijuja, perhosia, mehil\u00e4isi\u00e4, pegasuksia ja niin edelleen.<br \/>\nNeodyymimagneetti-insertit, joissa on noin 3000 gaussia.<br \/>\nRuostumatonta ter\u00e4st\u00e4, ei sis\u00e4ll\u00e4 kadmiumia, nikkeli\u00e4 eik\u00e4 lyijy\u00e4. Allergiaton.<br \/>\nSaatavilla olevat koot:<br \/>\nS\/M = 16,5 cm + 2 ylim\u00e4\u00e4r\u00e4ist\u00e4 kiinnityselementti\u00e4 pident\u00e4mist\u00e4 varten. Kukin noin 1,5 cm<br \/>\nL\/XL = 19 cm + 2 ylim\u00e4\u00e4r\u00e4ist\u00e4 kiinnityselementti\u00e4 pidennyst\u00e4 varten. Kukin noin 1,5 cm.<br \/>\nIlmoita meille haluamasi toimituskoko!<\/p>","protected":false},"featured_media":2293,"comment_status":"open","ping_status":"closed","template":"","meta":[],"product_brand":[],"product_cat":[17,19],"product_tag":[25],"class_list":{"0":"post-2136","1":"product","2":"type-product","3":"status-publish","4":"has-post-thumbnail","6":"product_cat-alle-produkte","7":"product_cat-armbander","8":"product_tag-t-prime","9":"thunk-woo-product-list","10":"opn-qv-enable","11":"top-store-woo-hover-zoom","12":"top-store-single-product-tab-horizontal","13":"top-store-shadow-","14":"top-store-shadow-hover-","16":"first","17":"instock","18":"sale","19":"taxable","20":"shipping-taxable","21":"purchasable","22":"product-type-variable"},"_links":{"self":[{"href":"https:\/\/trinitixshop.de\/fi\/wp-json\/wp\/v2\/product\/2136","targetHints":{"allow":["GET"]}}],"collection":[{"href":"https:\/\/trinitixshop.de\/fi\/wp-json\/wp\/v2\/product"}],"about":[{"href":"https:\/\/trinitixshop.de\/fi\/wp-json\/wp\/v2\/types\/product"}],"replies":[{"embeddable":true,"href":"https:\/\/trinitixshop.de\/fi\/wp-json\/wp\/v2\/comments?post=2136"}],"wp:featuredmedia":[{"embeddable":true,"href":"https:\/\/trinitixshop.de\/fi\/wp-json\/wp\/v2\/media\/2293"}],"wp:attachment":[{"href":"https:\/\/trinitixshop.de\/fi\/wp-json\/wp\/v2\/media?parent=2136"}],"wp:term":[{"taxonomy":"product_brand","embeddable":true,"href":"https:\/\/trinitixshop.de\/fi\/wp-json\/wp\/v2\/product_brand?post=2136"},{"taxonomy":"product_cat","embeddable":true,"href":"https:\/\/trinitixshop.de\/fi\/wp-json\/wp\/v2\/product_cat?post=2136"},{"taxonomy":"product_tag","embeddable":true,"href":"https:\/\/trinitixshop.de\/fi\/wp-json\/wp\/v2\/product_tag?post=2136"}],"curies":[{"name":"wp","href":"https:\/\/api.w.org\/{rel}","templated":true}]}}