{"id":2137,"date":"2023-05-16T13:38:51","date_gmt":"2023-05-16T11:38:51","guid":{"rendered":"https:\/\/trinitixshop.de\/?post_type=product&#038;p=2137"},"modified":"2023-05-18T12:58:40","modified_gmt":"2023-05-18T10:58:40","slug":"viehaetys-tassu-hummeri-lukko-magneettinen-riipus-charmia-rannekoru","status":"publish","type":"product","link":"https:\/\/trinitixshop.de\/fi\/produkt\/charm-pfote-mit-lobster-clasp-magnetanhaenger-fuer-bettelarmband\/","title":{"rendered":"Charm tassu hummeri lukko magneettinen riipus charmia rannekoru"},"content":{"rendered":"<p>AX071410T<\/p>","protected":false},"excerpt":{"rendered":"<p>Tyylik\u00e4s charmitassu ( koira - kissa - tassu - karhu ), koko n. 2 cm, hummerilukolla.<br \/>\nMagneettiketjullinen riipus tassu, jossa on kimalteleva alkuper\u00e4inen Swarovski-elementti.<br \/>\n\"Petomainen\" katseenvangitsija jokaiseen p\u00e4iv\u00e4\u00e4n. Sopivien korvanappien ( #1387P ) ja magneettisen tassurannekorun ( # 2153 tai # 7141 ) kanssa tehokas esiintyminen on taattu.<br \/>\nNeodyymimagneetti-insertit, joissa on noin 1200 gaussia. Ruostumatonta ter\u00e4st\u00e4, ei sis\u00e4ll\u00e4 kadmiumia, nikkeli\u00e4 eik\u00e4 lyijy\u00e4. Allergiaton.<br \/>\nKiinnit\u00e4 muiden huomio t\u00e4h\u00e4n tyylikk\u00e4\u00e4seen lis\u00e4varusteeseen. T\u00e4m\u00e4 hummerilukolla varustettu power charm sopii l\u00e4hes mihin tahansa \"charmirannekkeeseen\" ja on ajaton, yksinkertainen koru.<br \/>\nMeid\u00e4n # 1643 charmirannekoru - saatavana t\u00e4\u00e4ll\u00e4 kaupassa.<\/p>","protected":false},"featured_media":2282,"comment_status":"open","ping_status":"closed","template":"","meta":[],"product_brand":[],"product_cat":[17,19,21],"product_tag":[24],"class_list":{"0":"post-2137","1":"product","2":"type-product","3":"status-publish","4":"has-post-thumbnail","6":"product_cat-alle-produkte","7":"product_cat-armbander","8":"product_cat-halsketten","9":"product_tag-jungbrunn","10":"thunk-woo-product-list","11":"opn-qv-enable","12":"top-store-woo-hover-zoom","13":"top-store-single-product-tab-horizontal","14":"top-store-shadow-","15":"top-store-shadow-hover-","17":"first","18":"instock","19":"taxable","20":"shipping-taxable","21":"purchasable","22":"product-type-simple"},"_links":{"self":[{"href":"https:\/\/trinitixshop.de\/fi\/wp-json\/wp\/v2\/product\/2137","targetHints":{"allow":["GET"]}}],"collection":[{"href":"https:\/\/trinitixshop.de\/fi\/wp-json\/wp\/v2\/product"}],"about":[{"href":"https:\/\/trinitixshop.de\/fi\/wp-json\/wp\/v2\/types\/product"}],"replies":[{"embeddable":true,"href":"https:\/\/trinitixshop.de\/fi\/wp-json\/wp\/v2\/comments?post=2137"}],"wp:featuredmedia":[{"embeddable":true,"href":"https:\/\/trinitixshop.de\/fi\/wp-json\/wp\/v2\/media\/2282"}],"wp:attachment":[{"href":"https:\/\/trinitixshop.de\/fi\/wp-json\/wp\/v2\/media?parent=2137"}],"wp:term":[{"taxonomy":"product_brand","embeddable":true,"href":"https:\/\/trinitixshop.de\/fi\/wp-json\/wp\/v2\/product_brand?post=2137"},{"taxonomy":"product_cat","embeddable":true,"href":"https:\/\/trinitixshop.de\/fi\/wp-json\/wp\/v2\/product_cat?post=2137"},{"taxonomy":"product_tag","embeddable":true,"href":"https:\/\/trinitixshop.de\/fi\/wp-json\/wp\/v2\/product_tag?post=2137"}],"curies":[{"name":"wp","href":"https:\/\/api.w.org\/{rel}","templated":true}]}}