{"id":2138,"date":"2023-05-16T13:38:51","date_gmt":"2023-05-16T11:38:51","guid":{"rendered":"https:\/\/trinitixshop.de\/?post_type=product&#038;p=2138"},"modified":"2023-05-18T13:08:00","modified_gmt":"2023-05-18T11:08:00","slug":"viehaetys-sydaen-hummeri-lukko-magneettinen-riipus-charmia-rannekoru","status":"publish","type":"product","link":"https:\/\/trinitixshop.de\/fi\/produkt\/charm-herz-mit-lobster-clasp-magnetanhaenger-fuer-bettelarmband\/","title":{"rendered":"Charm syd\u00e4n hummeri lukko magneettinen riipus charmia rannekoru"},"content":{"rendered":"<p>AX117710T<\/p>","protected":false},"excerpt":{"rendered":"<p>Jatkuva kumppanisi: tyylik\u00e4s Emoji Charm Heart. Osoita rakkautesi klassisella syd\u00e4nmagneettihurmurilla charmirannekoruun (esim. # 1643), jota koristaa herkk\u00e4 syd\u00e4nhurmuri, jossa on 3 alkuper\u00e4ist\u00e4 Swarovski-kristallia, \u00d8 n. 24 mm, hummerilukko, eritt\u00e4in kiillotettu. Vieh\u00e4tys voi olla my\u00f6s ketjussa.<br \/>\nNeodyymimagneetti-insertit, joissa on noin 1200 gaussia.<br \/>\nRuostumatonta ter\u00e4st\u00e4, ei sis\u00e4ll\u00e4 kadmiumia, nikkeli\u00e4 eik\u00e4 lyijy\u00e4. Allergiaton.<br \/>\n\"Made with Love\" Tunne el\u00e4v\u00f6itt\u00e4v\u00e4 voima. Her\u00e4t\u00e4 muiden huomio t\u00e4ll\u00e4 tyylikk\u00e4\u00e4ll\u00e4 asusteella.<br \/>\nT\u00e4m\u00e4 vallan vieh\u00e4tys hummeri lukko sopii l\u00e4hes mihin tahansa \"vieh\u00e4tys rannekoru\" ja onajaton, yksinkertainen koru.<br \/>\nMeid\u00e4n # 1643 charmirannekoru - saatavana t\u00e4\u00e4ll\u00e4 kaupassa.<\/p>","protected":false},"featured_media":2284,"comment_status":"open","ping_status":"closed","template":"","meta":[],"product_brand":[],"product_cat":[17,19,21],"product_tag":[24],"class_list":{"0":"post-2138","1":"product","2":"type-product","3":"status-publish","4":"has-post-thumbnail","6":"product_cat-alle-produkte","7":"product_cat-armbander","8":"product_cat-halsketten","9":"product_tag-jungbrunn","10":"thunk-woo-product-list","11":"opn-qv-enable","12":"top-store-woo-hover-zoom","13":"top-store-single-product-tab-horizontal","14":"top-store-shadow-","15":"top-store-shadow-hover-","17":"first","18":"instock","19":"taxable","20":"shipping-taxable","21":"purchasable","22":"product-type-simple"},"_links":{"self":[{"href":"https:\/\/trinitixshop.de\/fi\/wp-json\/wp\/v2\/product\/2138","targetHints":{"allow":["GET"]}}],"collection":[{"href":"https:\/\/trinitixshop.de\/fi\/wp-json\/wp\/v2\/product"}],"about":[{"href":"https:\/\/trinitixshop.de\/fi\/wp-json\/wp\/v2\/types\/product"}],"replies":[{"embeddable":true,"href":"https:\/\/trinitixshop.de\/fi\/wp-json\/wp\/v2\/comments?post=2138"}],"wp:featuredmedia":[{"embeddable":true,"href":"https:\/\/trinitixshop.de\/fi\/wp-json\/wp\/v2\/media\/2284"}],"wp:attachment":[{"href":"https:\/\/trinitixshop.de\/fi\/wp-json\/wp\/v2\/media?parent=2138"}],"wp:term":[{"taxonomy":"product_brand","embeddable":true,"href":"https:\/\/trinitixshop.de\/fi\/wp-json\/wp\/v2\/product_brand?post=2138"},{"taxonomy":"product_cat","embeddable":true,"href":"https:\/\/trinitixshop.de\/fi\/wp-json\/wp\/v2\/product_cat?post=2138"},{"taxonomy":"product_tag","embeddable":true,"href":"https:\/\/trinitixshop.de\/fi\/wp-json\/wp\/v2\/product_tag?post=2138"}],"curies":[{"name":"wp","href":"https:\/\/api.w.org\/{rel}","templated":true}]}}