{"id":2139,"date":"2023-05-16T13:38:51","date_gmt":"2023-05-16T11:38:51","guid":{"rendered":"https:\/\/trinitixshop.de\/?post_type=product&#038;p=2139"},"modified":"2024-03-08T12:54:02","modified_gmt":"2024-03-08T11:54:02","slug":"rannerengas-kupari-6-neodyymimagneetti-inlays","status":"publish","type":"product","link":"https:\/\/trinitixshop.de\/fi\/produkt\/armspange-kupfer-mit-6-neodym-magnet-inlays\/","title":{"rendered":"Kuparinen rannerengas, jossa 6 neodyymimagneetti-insertti\u00e4 # 137"},"content":{"rendered":"<p>BA013700T<\/p>","protected":false},"excerpt":{"rendered":"<p>Houkutteleva, yksinkertainen massiivinen kuparirannekoru.<br \/>\nValmistettu 99,9% puhtaasta kuparista. Leveys n. 10 mm, paksuus n. 3 mm, paino n. 38 g, kiillotettu.<br \/>\n6 vahvaa neodyymimagneettia (n. 2200 gaussia). Sis\u00e4halkaisija n. 5,5 - 6,5 cm.<br \/>\nKoska kupari on suhteellisen pehme\u00e4 materiaali, se voidaan helposti muovata ranteeseen = hieman joustava, se voidaan muotoilla kohtuullisesti voimakkaalla taivutuksella. Unisex. Kupari - metalli, jota k\u00e4ytettiin jo 10 000 vuotta sitten.<br \/>\nihmiset ty\u00f6stiv\u00e4t sit\u00e4, k\u00e4yttiv\u00e4t sit\u00e4 koristeena ja terapeuttisena aineena.<br \/>\nJo muinaisista ajoista l\u00e4htien kulttuurit eri puolilla maailmaa ovat uskoneet sen suotuisaan vaikutukseen immuunij\u00e4rjestelm\u00e4\u00e4n.<br \/>\nKuparinergiamagneettisten rannekkeiden sanotaan olevan eritt\u00e4in tehokkaita nivelkipujen lievitt\u00e4misess\u00e4 (niveltulehdus, reuma, urheiluvammat jne.).<br \/>\nKuparin oletettu vaikutus: Kuparilla (CU) voi olla my\u00f6s my\u00f6nteinen vaikutus vasta-aineiden muodostumiseen puolustusj\u00e4rjestelm\u00e4ss\u00e4,<br \/>\nkasvu, kehitys ja luuston vahvistaminen.<\/p>","protected":false},"featured_media":2285,"comment_status":"open","ping_status":"closed","template":"","meta":[],"product_brand":[],"product_cat":[17,19],"product_tag":[25],"class_list":{"0":"post-2139","1":"product","2":"type-product","3":"status-publish","4":"has-post-thumbnail","6":"product_cat-alle-produkte","7":"product_cat-armbander","8":"product_tag-t-prime","9":"thunk-woo-product-list","10":"opn-qv-enable","11":"top-store-woo-hover-zoom","12":"top-store-single-product-tab-horizontal","13":"top-store-shadow-","14":"top-store-shadow-hover-","16":"first","17":"instock","18":"sale","19":"taxable","20":"shipping-taxable","21":"purchasable","22":"product-type-simple"},"_links":{"self":[{"href":"https:\/\/trinitixshop.de\/fi\/wp-json\/wp\/v2\/product\/2139","targetHints":{"allow":["GET"]}}],"collection":[{"href":"https:\/\/trinitixshop.de\/fi\/wp-json\/wp\/v2\/product"}],"about":[{"href":"https:\/\/trinitixshop.de\/fi\/wp-json\/wp\/v2\/types\/product"}],"replies":[{"embeddable":true,"href":"https:\/\/trinitixshop.de\/fi\/wp-json\/wp\/v2\/comments?post=2139"}],"wp:featuredmedia":[{"embeddable":true,"href":"https:\/\/trinitixshop.de\/fi\/wp-json\/wp\/v2\/media\/2285"}],"wp:attachment":[{"href":"https:\/\/trinitixshop.de\/fi\/wp-json\/wp\/v2\/media?parent=2139"}],"wp:term":[{"taxonomy":"product_brand","embeddable":true,"href":"https:\/\/trinitixshop.de\/fi\/wp-json\/wp\/v2\/product_brand?post=2139"},{"taxonomy":"product_cat","embeddable":true,"href":"https:\/\/trinitixshop.de\/fi\/wp-json\/wp\/v2\/product_cat?post=2139"},{"taxonomy":"product_tag","embeddable":true,"href":"https:\/\/trinitixshop.de\/fi\/wp-json\/wp\/v2\/product_tag?post=2139"}],"curies":[{"name":"wp","href":"https:\/\/api.w.org\/{rel}","templated":true}]}}