{"id":2140,"date":"2023-05-16T13:38:51","date_gmt":"2023-05-16T11:38:51","guid":{"rendered":"https:\/\/trinitixshop.de\/?post_type=product&#038;p=2140"},"modified":"2024-11-14T08:36:42","modified_gmt":"2024-11-14T07:36:42","slug":"kupari-rannerengas-nilay-cu-bioenergiaa-magneetti-rannerengas","status":"publish","type":"product","link":"https:\/\/trinitixshop.de\/fi\/produkt\/kupfer-armspange-nilay-cu-bio-energie-magnet-bangle\/","title":{"rendered":"Kupari rannerengas Nilay Cu Bio energia magneetti rannerengas # 1437"},"content":{"rendered":"<p>BA143700T<\/p>","protected":false},"excerpt":{"rendered":"<p>Magneettinen biokupariterapiaranneke. 98,9 % puhdasta kuparia<br \/>\nLeveys noin 9 mm, paksuus noin 2,6 mm, sis\u00e4halkaisija noin 6,7 cm. Paino n. 32 g, eritt\u00e4in kiillotettu.<br \/>\n2 vahvaa neodyymimagneettia (n. 2200 gaussia). Valmistettu korkealaatuisesta kuparista.<br \/>\nNikkeliallergiaton, kiillotettu, antiallergeeninen.<br \/>\nKuparin (CU) oletettu vaikutus: Edist\u00e4\u00e4 vasta-aineiden muodostumista puolustusj\u00e4rjestelm\u00e4ss\u00e4, kasvua, kehityst\u00e4, luuston vahvistumista.<br \/>\nKoska kupari on suhteellisen pehme\u00e4 materiaali, se voidaan helposti sovittaa ranteeseen.<br \/>\nHieman joustava, kohtalaisesti muotoiltavissa ja s\u00e4\u00e4dett\u00e4viss\u00e4 voimakkaalla taivutuksella.<br \/>\nUnisex.<br \/>\nYksinkertaista eleganssia. Herkk\u00e4 ja tyylik\u00e4s.<br \/>\nT\u00e4m\u00e4 korkealaatuinen kuparirannerengas ilment\u00e4\u00e4 ranskalaista tyyli\u00e4 ja el\u00e4m\u00e4niloa.<br \/>\nT\u00e4m\u00e4 vakuuttaa sinut koko ajan.<br \/>\nAjaton magneettikoru, jota voit k\u00e4ytt\u00e4\u00e4 aina.<br \/>\nIkonista rannekorua, jossa on ajaton mutta moderni muotoilu, voi k\u00e4ytt\u00e4\u00e4 joka p\u00e4iv\u00e4 ja joka tilaisuudessa yksin tai yhdistelm\u00e4n\u00e4.<br \/>\nRannerengas on helppo pujottaa jalkaan ja se on eritt\u00e4in mukava k\u00e4ytt\u00e4\u00e4.<br \/>\nIhoyst\u00e4v\u00e4llinen kupari, voimakkaat magneetit ja kuparin antibakteerinen vaikutus tekev\u00e4t rannekorusta niin tehokkaan.<br \/>\nKupari on metalli, jota ihmiset ty\u00f6stiv\u00e4t jo 10 000 vuotta sitten, jota k\u00e4ytettiin koristeena ja terapeuttisena aineena.<br \/>\nJo muinaisista ajoista l\u00e4htien kulttuurit eri puolilla maailmaa ovat uskoneet sen suotuisaan vaikutukseen immuunij\u00e4rjestelm\u00e4\u00e4n.<br \/>\nMonet ihmiset ovat raportoineet kokemuksistaan, ett\u00e4 kuparinergiamagneettirannekkeet voivat auttaa erilaisissa sairauksissa, kuten v\u00e4symyksess\u00e4, uupumuksessa, migreeniss\u00e4, nivelkivuissa, niveltulehduksessa ja muissa terveysvaivoissa.<\/p>","protected":false},"featured_media":2283,"comment_status":"open","ping_status":"closed","template":"","meta":[],"product_brand":[],"product_cat":[17,19],"product_tag":[25],"class_list":{"0":"post-2140","1":"product","2":"type-product","3":"status-publish","4":"has-post-thumbnail","6":"product_cat-alle-produkte","7":"product_cat-armbander","8":"product_tag-t-prime","9":"thunk-woo-product-list","10":"opn-qv-enable","11":"top-store-woo-hover-zoom","12":"top-store-single-product-tab-horizontal","13":"top-store-shadow-","14":"top-store-shadow-hover-","16":"first","17":"instock","18":"sale","19":"taxable","20":"shipping-taxable","21":"purchasable","22":"product-type-simple"},"_links":{"self":[{"href":"https:\/\/trinitixshop.de\/fi\/wp-json\/wp\/v2\/product\/2140","targetHints":{"allow":["GET"]}}],"collection":[{"href":"https:\/\/trinitixshop.de\/fi\/wp-json\/wp\/v2\/product"}],"about":[{"href":"https:\/\/trinitixshop.de\/fi\/wp-json\/wp\/v2\/types\/product"}],"replies":[{"embeddable":true,"href":"https:\/\/trinitixshop.de\/fi\/wp-json\/wp\/v2\/comments?post=2140"}],"wp:featuredmedia":[{"embeddable":true,"href":"https:\/\/trinitixshop.de\/fi\/wp-json\/wp\/v2\/media\/2283"}],"wp:attachment":[{"href":"https:\/\/trinitixshop.de\/fi\/wp-json\/wp\/v2\/media?parent=2140"}],"wp:term":[{"taxonomy":"product_brand","embeddable":true,"href":"https:\/\/trinitixshop.de\/fi\/wp-json\/wp\/v2\/product_brand?post=2140"},{"taxonomy":"product_cat","embeddable":true,"href":"https:\/\/trinitixshop.de\/fi\/wp-json\/wp\/v2\/product_cat?post=2140"},{"taxonomy":"product_tag","embeddable":true,"href":"https:\/\/trinitixshop.de\/fi\/wp-json\/wp\/v2\/product_tag?post=2140"}],"curies":[{"name":"wp","href":"https:\/\/api.w.org\/{rel}","templated":true}]}}