{"id":2142,"date":"2023-05-16T13:38:51","date_gmt":"2023-05-16T11:38:51","guid":{"rendered":"https:\/\/trinitixshop.de\/?post_type=product&#038;p=2142"},"modified":"2023-05-18T13:19:28","modified_gmt":"2023-05-18T11:19:28","slug":"muoti-glitter-energia-magneettinen-magneettinen-koru-katsella-haemaerae-musta-2165","status":"publish","type":"product","link":"https:\/\/trinitixshop.de\/fi\/produkt\/fashion-glitter-energy-magnetschmuck-uhr-twilight-schwarz-2165\/","title":{"rendered":"Muoti Glitter Energy magneettinen koru kello Twilight musta # 2165"},"content":{"rendered":"<p>CL216500T<\/p>","protected":false},"excerpt":{"rendered":"<p>Twilight musta magneettinen korukello. Ei ole parempaa tapaa kertoa aika kuin rannekello. Yksinkertainen eleganssi on t\u00e4m\u00e4n modernisti muotoillun kellon keski\u00f6ss\u00e4.<br \/>\netualalla. Kvartsirannekello, joka on valmistettu korkealaatuisena. Muodikkaan glitter-muotoilun kellotaulua, jossa on huomaamattomat tuntimerkit, korostavat tyylikk\u00e4\u00e4t hopeanv\u00e4riset viisarit. Eritt\u00e4in litte\u00e4 muotoilu.<br \/>\nMusta glitter design dial korostuu valo ja t\u00e4ydent\u00e4\u00e4 musta ruostumaton ter\u00e4s rannekoru clip lukko.<br \/>\nBreon muotoilun innoittamana. Erityinen ty\u00f6st\u00f6 ja suojamateriaalit varmistavat, ett\u00e4 integroidut virtamagneetit eiv\u00e4t voi vaikuttaa kellon tarkkuuteen. Trendik\u00e4s rannekello, joka on katseenvangitsija ranteessasi joka p\u00e4iv\u00e4.<br \/>\nKokonaispituus n. 23 cm, hihnan leveys n. 15 mm, kellon halkaisija n. 36 mm. Laadukas kvartsikoneisto. ekstralitteinen muotoilu, kokonaispaino 51 grammaa, 2 integroitua magneettia ( n. 0,12 Tesla ), metalliseos ( nikkelit\u00f6n, allergiaton ), mineraalilasi, pintak\u00e4sittely: kiillotettu, harjattu.<br \/>\nVedenkest\u00e4v\u00e4 3 ATM:\u00e4\u00e4n asti. Akku: GM15 akku SR621SW....<br \/>\nKaunis magneettinen koru edustaa keveytt\u00e4, energiaa ja eleganssia! Jokaisessa korussamme on laadukkaita ja voimakkaita neodyymimagneetteja.<br \/>\nNeodyymimagneettisis\u00e4ke, jossa on noin 1200 gaussia.<br \/>\nRuostumatonta ter\u00e4st\u00e4, ei sis\u00e4ll\u00e4 kadmiumia, nikkeli\u00e4 eik\u00e4 lyijy\u00e4. Allergiaton.<\/p>","protected":false},"featured_media":2286,"comment_status":"open","ping_status":"closed","template":"","meta":[],"product_brand":[],"product_cat":[17,19],"product_tag":[28],"class_list":{"0":"post-2142","1":"product","2":"type-product","3":"status-publish","4":"has-post-thumbnail","6":"product_cat-alle-produkte","7":"product_cat-armbander","8":"product_tag-kurfuerst","9":"thunk-woo-product-list","10":"opn-qv-enable","11":"top-store-woo-hover-zoom","12":"top-store-single-product-tab-horizontal","13":"top-store-shadow-","14":"top-store-shadow-hover-","16":"first","17":"instock","18":"sale","19":"taxable","20":"shipping-taxable","21":"purchasable","22":"product-type-simple"},"_links":{"self":[{"href":"https:\/\/trinitixshop.de\/fi\/wp-json\/wp\/v2\/product\/2142","targetHints":{"allow":["GET"]}}],"collection":[{"href":"https:\/\/trinitixshop.de\/fi\/wp-json\/wp\/v2\/product"}],"about":[{"href":"https:\/\/trinitixshop.de\/fi\/wp-json\/wp\/v2\/types\/product"}],"replies":[{"embeddable":true,"href":"https:\/\/trinitixshop.de\/fi\/wp-json\/wp\/v2\/comments?post=2142"}],"wp:featuredmedia":[{"embeddable":true,"href":"https:\/\/trinitixshop.de\/fi\/wp-json\/wp\/v2\/media\/2286"}],"wp:attachment":[{"href":"https:\/\/trinitixshop.de\/fi\/wp-json\/wp\/v2\/media?parent=2142"}],"wp:term":[{"taxonomy":"product_brand","embeddable":true,"href":"https:\/\/trinitixshop.de\/fi\/wp-json\/wp\/v2\/product_brand?post=2142"},{"taxonomy":"product_cat","embeddable":true,"href":"https:\/\/trinitixshop.de\/fi\/wp-json\/wp\/v2\/product_cat?post=2142"},{"taxonomy":"product_tag","embeddable":true,"href":"https:\/\/trinitixshop.de\/fi\/wp-json\/wp\/v2\/product_tag?post=2142"}],"curies":[{"name":"wp","href":"https:\/\/api.w.org\/{rel}","templated":true}]}}