{"id":2147,"date":"2023-05-16T13:38:51","date_gmt":"2023-05-16T11:38:51","guid":{"rendered":"https:\/\/trinitixshop.de\/?post_type=product&#038;p=2147"},"modified":"2023-05-18T13:57:24","modified_gmt":"2023-05-18T11:57:24","slug":"sydaen-tekstiili-magneettinen-rannekoru-swarovski-kristallit-xs-xxxl","status":"publish","type":"product","link":"https:\/\/trinitixshop.de\/fi\/produkt\/herz-textil-magnetarmband-mit-swarovski-crystals-xs-xxxl\/","title":{"rendered":"Syd\u00e4n tekstiili magneettirannekoru Swarovski kristalleilla XS - XXXL"},"content":{"rendered":"<p>FB044700T<\/p>","protected":false},"excerpt":{"rendered":"<p>Jatkuva kumppanisi: tyylik\u00e4s uuden sukupolven syd\u00e4ntekstiilinen magneettirannekoru.<br \/>\n3 kimaltavaa alkuper\u00e4ist\u00e4 Swarovski-kristallia. Syd\u00e4n \u00f8 n. 2,6 cm, hopea, massiivinen, kaiverrettavissa.<br \/>\nMusta tekstiilihihna. Rannekorun pituutta voidaan helposti s\u00e4\u00e4t\u00e4\u00e4. XS - XXXL.<br \/>\nTunne el\u00e4v\u00f6itt\u00e4v\u00e4 voima.<br \/>\n\"Made with love\" \/ T\u00e4m\u00e4 tyylik\u00e4s lis\u00e4varuste saa sinut erottumaan joukosta ja her\u00e4tt\u00e4\u00e4 muiden huomion.<br \/>\nT\u00e4m\u00e4 voimarannekoru on ajaton, yksinkertainen koru, joka sopii aina.<br \/>\nUnisex-muotoilu sopii sek\u00e4 miehelle ett\u00e4 naiselle.<br \/>\nSe on erityisen tehokas yhdess\u00e4 muiden magneettikorujen kanssa.<br \/>\nVastaava ketju on saatavana numerolla #1177.<br \/>\nKoe selke\u00e4t muodot ja klassinen muotoilu joka tilanteeseen.<br \/>\nEnergiaa ja eleganssia! Jokaisessa korussamme on laadukkaat ja tehokkaat neodyymimagneetit.<br \/>\nNeodyymimagneettisis\u00e4ke, jossa on noin 1200 gaussia.<br \/>\nRuostumatonta l\u00e4\u00e4kinn\u00e4llist\u00e4 ter\u00e4st\u00e4, ei sis\u00e4ll\u00e4 kadmiumia, nikkeli\u00e4 eik\u00e4 lyijy\u00e4. Allergiaton<\/p>","protected":false},"featured_media":2298,"comment_status":"open","ping_status":"closed","template":"","meta":[],"product_brand":[],"product_cat":[17,19],"product_tag":[25],"class_list":{"0":"post-2147","1":"product","2":"type-product","3":"status-publish","4":"has-post-thumbnail","6":"product_cat-alle-produkte","7":"product_cat-armbander","8":"product_tag-t-prime","9":"thunk-woo-product-list","10":"opn-qv-enable","11":"top-store-woo-hover-zoom","12":"top-store-single-product-tab-horizontal","13":"top-store-shadow-","14":"top-store-shadow-hover-","16":"first","17":"instock","18":"sale","19":"taxable","20":"shipping-taxable","21":"purchasable","22":"product-type-simple"},"_links":{"self":[{"href":"https:\/\/trinitixshop.de\/fi\/wp-json\/wp\/v2\/product\/2147","targetHints":{"allow":["GET"]}}],"collection":[{"href":"https:\/\/trinitixshop.de\/fi\/wp-json\/wp\/v2\/product"}],"about":[{"href":"https:\/\/trinitixshop.de\/fi\/wp-json\/wp\/v2\/types\/product"}],"replies":[{"embeddable":true,"href":"https:\/\/trinitixshop.de\/fi\/wp-json\/wp\/v2\/comments?post=2147"}],"wp:featuredmedia":[{"embeddable":true,"href":"https:\/\/trinitixshop.de\/fi\/wp-json\/wp\/v2\/media\/2298"}],"wp:attachment":[{"href":"https:\/\/trinitixshop.de\/fi\/wp-json\/wp\/v2\/media?parent=2147"}],"wp:term":[{"taxonomy":"product_brand","embeddable":true,"href":"https:\/\/trinitixshop.de\/fi\/wp-json\/wp\/v2\/product_brand?post=2147"},{"taxonomy":"product_cat","embeddable":true,"href":"https:\/\/trinitixshop.de\/fi\/wp-json\/wp\/v2\/product_cat?post=2147"},{"taxonomy":"product_tag","embeddable":true,"href":"https:\/\/trinitixshop.de\/fi\/wp-json\/wp\/v2\/product_tag?post=2147"}],"curies":[{"name":"wp","href":"https:\/\/api.w.org\/{rel}","templated":true}]}}