{"id":2148,"date":"2023-05-16T13:38:51","date_gmt":"2023-05-16T11:38:51","guid":{"rendered":"https:\/\/trinitixshop.de\/?post_type=product&#038;p=2148"},"modified":"2023-05-18T14:20:55","modified_gmt":"2023-05-18T12:20:55","slug":"tassu-nilkkakoru-rannekoru-hopea-swarovski-kristallit","status":"publish","type":"product","link":"https:\/\/trinitixshop.de\/fi\/produkt\/pfote-fusskette-armband-silber-mit-swarovski-crystals\/","title":{"rendered":"Paw Anklet - Rannekoru hopea Swarovski-kristallit kanssa"},"content":{"rendered":"<p>FB225300T<\/p>","protected":false},"excerpt":{"rendered":"<p>T\u00e4t\u00e4 herkk\u00e4\u00e4 ja huomaamatonta nilkkakorua voi k\u00e4ytt\u00e4\u00e4 my\u00f6s rannekoruna.<br \/>\nSe tekee vaikutuksen k\u00e4sity\u00f6n\u00e4 tehdyll\u00e4 viimeistelyll\u00e4 leikkis\u00e4ss\u00e4 tassumallissa.<br \/>\nJuuri oikea juttu kaikille el\u00e4inten yst\u00e4ville. Olipa se suuri tai pieni, se on todellinen katseenvangitsija.<br \/>\nSwarovski-kristallien kimallus ja moderni ruostumattomasta ter\u00e4ksest\u00e4 valmistettu ulkoasu s\u00e4teilev\u00e4t kimaltelevaa intohimoa el\u00e4imellisen kaunista el\u00e4m\u00e4\u00e4 kohtaan.<br \/>\n\"Petomainen\" katseenvangitsija jokaiseen p\u00e4iv\u00e4\u00e4n. Sopivien korvanappien ( # 1387P ), ketjuripustimen (# 714) ja magneettitassurannekkeen ( # 2153 tai # 7141) kanssa tehokas ulkon\u00e4k\u00f6 on taattu.<br \/>\nKaunis magneettinen koru edustaa keveytt\u00e4, energiaa ja eleganssia!<br \/>\nJokaisessa korussamme on laadukkaat ja tehokkaat neodyymimagneetit. Ruostumatonta ter\u00e4st\u00e4, nikkeli- ja allergiavapaa. Sis\u00e4\u00e4nrakennetut neodyymimagneetit, joissa on noin 1200 gaussia.<br \/>\nPituus s\u00e4\u00e4dett\u00e4viss\u00e4 yksil\u00f6llisesti eri silmukoiden ja hummerilukon avulla.<br \/>\nSilmukat noin 6, 11,5, 16,5, 18, 19,5, 21, 22,5, 24 ja 25,5 cm.<\/p>","protected":false},"featured_media":2303,"comment_status":"open","ping_status":"closed","template":"","meta":[],"product_brand":[],"product_cat":[17,19],"product_tag":[24],"class_list":{"0":"post-2148","1":"product","2":"type-product","3":"status-publish","4":"has-post-thumbnail","6":"product_cat-alle-produkte","7":"product_cat-armbander","8":"product_tag-jungbrunn","9":"thunk-woo-product-list","10":"opn-qv-enable","11":"top-store-woo-hover-zoom","12":"top-store-single-product-tab-horizontal","13":"top-store-shadow-","14":"top-store-shadow-hover-","16":"first","17":"instock","18":"sale","19":"taxable","20":"shipping-taxable","21":"purchasable","22":"product-type-simple"},"_links":{"self":[{"href":"https:\/\/trinitixshop.de\/fi\/wp-json\/wp\/v2\/product\/2148","targetHints":{"allow":["GET"]}}],"collection":[{"href":"https:\/\/trinitixshop.de\/fi\/wp-json\/wp\/v2\/product"}],"about":[{"href":"https:\/\/trinitixshop.de\/fi\/wp-json\/wp\/v2\/types\/product"}],"replies":[{"embeddable":true,"href":"https:\/\/trinitixshop.de\/fi\/wp-json\/wp\/v2\/comments?post=2148"}],"wp:featuredmedia":[{"embeddable":true,"href":"https:\/\/trinitixshop.de\/fi\/wp-json\/wp\/v2\/media\/2303"}],"wp:attachment":[{"href":"https:\/\/trinitixshop.de\/fi\/wp-json\/wp\/v2\/media?parent=2148"}],"wp:term":[{"taxonomy":"product_brand","embeddable":true,"href":"https:\/\/trinitixshop.de\/fi\/wp-json\/wp\/v2\/product_brand?post=2148"},{"taxonomy":"product_cat","embeddable":true,"href":"https:\/\/trinitixshop.de\/fi\/wp-json\/wp\/v2\/product_cat?post=2148"},{"taxonomy":"product_tag","embeddable":true,"href":"https:\/\/trinitixshop.de\/fi\/wp-json\/wp\/v2\/product_tag?post=2148"}],"curies":[{"name":"wp","href":"https:\/\/api.w.org\/{rel}","templated":true}]}}