{"id":2150,"date":"2023-05-16T13:38:51","date_gmt":"2023-05-16T11:38:51","guid":{"rendered":"https:\/\/trinitixshop.de\/?post_type=product&#038;p=2150"},"modified":"2023-12-06T21:09:21","modified_gmt":"2023-12-06T20:09:21","slug":"magneettienergia-nahkaranneke-valkoinen-swarovski-kristallilla","status":"publish","type":"product","link":"https:\/\/trinitixshop.de\/fi\/produkt\/magnet-energy-lederarmband-weiss-mit-swarovski-crystal\/","title":{"rendered":"Magneettinen energia nahkaranneke valkoinen Swarovski Crystal # 22132"},"content":{"rendered":"<p>LB221320T<\/p>","protected":false},"excerpt":{"rendered":"<p>Magneettinen nahkaranneke, jossa alkuper\u00e4inen Swarovski Crystal, kaiverrettavissa, valkoinen,<br \/>\nNahkahihna: leveys n. 7 mm - paksuus n. 2 mm, ruostumattomasta ter\u00e4ksest\u00e4 valmistettu elementti \u00f8 n. 1,6 cm, koko XS - XXL universaali n. 22,5 cm:iin asti.<br \/>\nHienon nahan ja eksklusiivisen Swarovskin magneettisen elementin kontrastin ansiosta t\u00e4ss\u00e4 rannekorussa yhdistyv\u00e4t magneettiset korut ja trendik\u00e4s tyyli t\u00e4ysin eri tavalla. Nahkaranneke on t\u00e4ydellinen kumppani vapautta rakastaville ihmisille. Hienot materiaalit yhdistettyn\u00e4 innovatiiviseen muotoiluun tekev\u00e4t nahkarannekkeesta erityisen tehokkaan. T\u00e4m\u00e4n rannekorun kanssa pursuat energiaa ja el\u00e4m\u00e4niloa.<br \/>\nEnergiaa ja eleganssia!<br \/>\nJokaisessa korussamme on laadukkaat ja tehokkaat neodyymimagneetit. Neodyymimagneetti-insertti, jossa on n. 2000 gaussia.<br \/>\nRuostumatonta l\u00e4\u00e4kinn\u00e4llist\u00e4 ter\u00e4st\u00e4, ei sis\u00e4ll\u00e4 kadmiumia, nikkeli\u00e4 eik\u00e4 lyijy\u00e4. Allergiaton<\/p>","protected":false},"featured_media":2292,"comment_status":"open","ping_status":"closed","template":"","meta":[],"product_brand":[],"product_cat":[17,19],"product_tag":[24],"class_list":{"0":"post-2150","1":"product","2":"type-product","3":"status-publish","4":"has-post-thumbnail","6":"product_cat-alle-produkte","7":"product_cat-armbander","8":"product_tag-jungbrunn","9":"thunk-woo-product-list","10":"opn-qv-enable","11":"top-store-woo-hover-zoom","12":"top-store-single-product-tab-horizontal","13":"top-store-shadow-","14":"top-store-shadow-hover-","16":"first","17":"instock","18":"taxable","19":"shipping-taxable","20":"purchasable","21":"product-type-simple"},"_links":{"self":[{"href":"https:\/\/trinitixshop.de\/fi\/wp-json\/wp\/v2\/product\/2150","targetHints":{"allow":["GET"]}}],"collection":[{"href":"https:\/\/trinitixshop.de\/fi\/wp-json\/wp\/v2\/product"}],"about":[{"href":"https:\/\/trinitixshop.de\/fi\/wp-json\/wp\/v2\/types\/product"}],"replies":[{"embeddable":true,"href":"https:\/\/trinitixshop.de\/fi\/wp-json\/wp\/v2\/comments?post=2150"}],"wp:featuredmedia":[{"embeddable":true,"href":"https:\/\/trinitixshop.de\/fi\/wp-json\/wp\/v2\/media\/2292"}],"wp:attachment":[{"href":"https:\/\/trinitixshop.de\/fi\/wp-json\/wp\/v2\/media?parent=2150"}],"wp:term":[{"taxonomy":"product_brand","embeddable":true,"href":"https:\/\/trinitixshop.de\/fi\/wp-json\/wp\/v2\/product_brand?post=2150"},{"taxonomy":"product_cat","embeddable":true,"href":"https:\/\/trinitixshop.de\/fi\/wp-json\/wp\/v2\/product_cat?post=2150"},{"taxonomy":"product_tag","embeddable":true,"href":"https:\/\/trinitixshop.de\/fi\/wp-json\/wp\/v2\/product_tag?post=2150"}],"curies":[{"name":"wp","href":"https:\/\/api.w.org\/{rel}","templated":true}]}}