{"id":2151,"date":"2023-05-16T13:38:51","date_gmt":"2023-05-16T11:38:51","guid":{"rendered":"https:\/\/trinitixshop.de\/?post_type=product&#038;p=2151"},"modified":"2025-08-03T14:42:44","modified_gmt":"2025-08-03T12:42:44","slug":"flex-rannekoru-kanssa-swarovski-kiteet-facet","status":"publish","type":"product","link":"https:\/\/trinitixshop.de\/fi\/produkt\/flex-armband-mit-swarovski-crystals-facette\/","title":{"rendered":"Serpenti Flex Armband mit Swarovski Crystals SAMWAY FACETTE # 1850"},"content":{"rendered":"<p>MA_1850_2<\/p>","protected":false},"excerpt":{"rendered":"<p>Joustava magneettirannekoru, jossa 33 Swarovski-kristallia (ilman kuparia).<br \/>\nM \/ L (18 - 20 cm) XL \/ XXL (21,5 - 23 cm)<br \/>\nSAMWAY FACETTE tarkoittaa ranskaksi \"pient\u00e4 timantinmuotoista pintaa\".<br \/>\nRuostumaton ter\u00e4s, nikkeliallergiaton, kiillotettu, 2 neodyymimagneettia Gauss: 1200,<br \/>\nLeveys: noin 7,9 mm. Joustava ja lis\u00e4lukolla varustettu.<br \/>\nJoustavat rannekkeet symboloivat liikkuvuutta ja el\u00e4m\u00e4niloa.<br \/>\nFlexi-korumme on ollut yksi mallistomme suosituimmista koruista jo vuosia.<br \/>\nKatso itse, kuinka kauniita, kest\u00e4vi\u00e4 ja mukautuvia n\u00e4m\u00e4 korut ovat.<br \/>\nJo muinaiset kiinalaiset tiesiv\u00e4t tuhansia vuosia sitten, miten t\u00e4rke\u00e4\u00e4 tasapainoinen keho ja harmoninen energiavirta ovat hyvinvoinnillemme.<\/p>","protected":false},"featured_media":2300,"comment_status":"open","ping_status":"closed","template":"","meta":[],"product_brand":[],"product_cat":[17,19],"product_tag":[25],"class_list":{"0":"post-2151","1":"product","2":"type-product","3":"status-publish","4":"has-post-thumbnail","6":"product_cat-alle-produkte","7":"product_cat-armbander","8":"product_tag-t-prime","9":"thunk-woo-product-list","10":"opn-qv-enable","11":"top-store-woo-hover-zoom","12":"top-store-single-product-tab-horizontal","13":"top-store-shadow-","14":"top-store-shadow-hover-","16":"first","17":"instock","18":"sale","19":"taxable","20":"shipping-taxable","21":"purchasable","22":"product-type-variable"},"_links":{"self":[{"href":"https:\/\/trinitixshop.de\/fi\/wp-json\/wp\/v2\/product\/2151","targetHints":{"allow":["GET"]}}],"collection":[{"href":"https:\/\/trinitixshop.de\/fi\/wp-json\/wp\/v2\/product"}],"about":[{"href":"https:\/\/trinitixshop.de\/fi\/wp-json\/wp\/v2\/types\/product"}],"replies":[{"embeddable":true,"href":"https:\/\/trinitixshop.de\/fi\/wp-json\/wp\/v2\/comments?post=2151"}],"wp:featuredmedia":[{"embeddable":true,"href":"https:\/\/trinitixshop.de\/fi\/wp-json\/wp\/v2\/media\/2300"}],"wp:attachment":[{"href":"https:\/\/trinitixshop.de\/fi\/wp-json\/wp\/v2\/media?parent=2151"}],"wp:term":[{"taxonomy":"product_brand","embeddable":true,"href":"https:\/\/trinitixshop.de\/fi\/wp-json\/wp\/v2\/product_brand?post=2151"},{"taxonomy":"product_cat","embeddable":true,"href":"https:\/\/trinitixshop.de\/fi\/wp-json\/wp\/v2\/product_cat?post=2151"},{"taxonomy":"product_tag","embeddable":true,"href":"https:\/\/trinitixshop.de\/fi\/wp-json\/wp\/v2\/product_tag?post=2151"}],"curies":[{"name":"wp","href":"https:\/\/api.w.org\/{rel}","templated":true}]}}