{"id":2157,"date":"2023-05-16T13:39:08","date_gmt":"2023-05-16T11:39:08","guid":{"rendered":"https:\/\/trinitixshop.de\/?post_type=product&#038;p=2157"},"modified":"2023-05-17T15:49:48","modified_gmt":"2023-05-17T13:49:48","slug":"ion-silikoni-rannekoru-602-jupiter-8-swarovski-kiteet-s-xl","status":"publish","type":"product","link":"https:\/\/trinitixshop.de\/fi\/produkt\/ionen-silikon-armband-602-jupiter-mit-8-swarovski-crystals-s-xl\/","title":{"rendered":"Ionic silikonirannekoru # 602 Jupiter 8 Swarovski-kristallia S - XL"},"content":{"rendered":"<p>NB062002T<\/p>","protected":false},"excerpt":{"rendered":"<p>Premium Energy Power magneetti-ionisilikoni rannekoru. Ruostumattomasta ter\u00e4ksest\u00e4 valmistettu keskiosa, jossa on laadukkaat Swarovski-kristallien upotukset Jupiterin t\u00e4hdist\u00f6ss\u00e4.<br \/>\nLeveys noin 10 mm.<br \/>\nPehme\u00e4 ionisoitu silikoniranneke yleiseen ranteen ymp\u00e4rysmittaan: 15,5 - 21,5 cm (S - XL).<br \/>\nSilikonisista magneettisista energiarannekkeista on tullut olennainen osa urheilumaailmaa.<br \/>\nYhdysvalloista tuleva trendi on suosittu monien huippu-urheilijoiden keskuudessa. N\u00e4m\u00e4 voimienergiarannekkeet ovat eksklusiivinen katseenvangitsija.<br \/>\nSuorituskyky, muotoilu ja laatu korkeimmalla tasolla.<br \/>\nEnergiaa ja eleganssia! Jokaisessa korussamme on laadukkaat ja tehokkaat neodyymimagneetit.<br \/>\nNeodyymimagneettisis\u00e4ke, jossa on noin 2200 gaussia.<br \/>\nRuostumatonta l\u00e4\u00e4kinn\u00e4llist\u00e4 ter\u00e4st\u00e4, ei sis\u00e4ll\u00e4 kadmiumia, nikkeli\u00e4 eik\u00e4 lyijy\u00e4. Allergiaton.<br \/>\nIonisoitu silikoni ilman sy\u00f6p\u00e4\u00e4 aiheuttavia pehmittimi\u00e4.<\/p>","protected":false},"featured_media":2271,"comment_status":"open","ping_status":"closed","template":"","meta":[],"product_brand":[],"product_cat":[17,19],"product_tag":[27],"class_list":{"0":"post-2157","1":"product","2":"type-product","3":"status-publish","4":"has-post-thumbnail","6":"product_cat-alle-produkte","7":"product_cat-armbander","8":"product_tag-tribalance","9":"thunk-woo-product-list","10":"opn-qv-enable","11":"top-store-woo-hover-zoom","12":"top-store-single-product-tab-horizontal","13":"top-store-shadow-","14":"top-store-shadow-hover-","16":"first","17":"instock","18":"sale","19":"taxable","20":"shipping-taxable","21":"purchasable","22":"product-type-simple"},"_links":{"self":[{"href":"https:\/\/trinitixshop.de\/fi\/wp-json\/wp\/v2\/product\/2157","targetHints":{"allow":["GET"]}}],"collection":[{"href":"https:\/\/trinitixshop.de\/fi\/wp-json\/wp\/v2\/product"}],"about":[{"href":"https:\/\/trinitixshop.de\/fi\/wp-json\/wp\/v2\/types\/product"}],"replies":[{"embeddable":true,"href":"https:\/\/trinitixshop.de\/fi\/wp-json\/wp\/v2\/comments?post=2157"}],"wp:featuredmedia":[{"embeddable":true,"href":"https:\/\/trinitixshop.de\/fi\/wp-json\/wp\/v2\/media\/2271"}],"wp:attachment":[{"href":"https:\/\/trinitixshop.de\/fi\/wp-json\/wp\/v2\/media?parent=2157"}],"wp:term":[{"taxonomy":"product_brand","embeddable":true,"href":"https:\/\/trinitixshop.de\/fi\/wp-json\/wp\/v2\/product_brand?post=2157"},{"taxonomy":"product_cat","embeddable":true,"href":"https:\/\/trinitixshop.de\/fi\/wp-json\/wp\/v2\/product_cat?post=2157"},{"taxonomy":"product_tag","embeddable":true,"href":"https:\/\/trinitixshop.de\/fi\/wp-json\/wp\/v2\/product_tag?post=2157"}],"curies":[{"name":"wp","href":"https:\/\/api.w.org\/{rel}","templated":true}]}}