{"id":2158,"date":"2023-05-16T13:39:08","date_gmt":"2023-05-16T11:39:08","guid":{"rendered":"https:\/\/trinitixshop.de\/?post_type=product&#038;p=2158"},"modified":"2023-05-17T15:37:31","modified_gmt":"2023-05-17T13:37:31","slug":"estrella-ion-silikoni-magneettinen-rannekoru-valkoinen-swarovski-kristallit","status":"publish","type":"product","link":"https:\/\/trinitixshop.de\/fi\/produkt\/estrella-ionen-silikon-magnetarmband-weiss-mit-swarovski-crystals\/","title":{"rendered":"Estrella Ion Silikoni magneettinen rannekoru valkoinen Swarovski-kristallit kanssa"},"content":{"rendered":"<p>NB201200T<\/p>","protected":false},"excerpt":{"rendered":"<p>Ion Power magneetti-ionisilikoniranneke \"Estrella\", valkoinen.<br \/>\nRuostumattomasta ter\u00e4ksest\u00e4 valmistettu korulevy, jossa on alkuper\u00e4isi\u00e4, parhaiten kiilt\u00e4vi\u00e4 Swarovski Crystal Elements -elementtej\u00e4, Jupiterin t\u00e4htikuvio.<br \/>\nMukava ionisoitu power band -silikoniranneke ranteen ymp\u00e4rysmitalle 15 - 23 cm.<br \/>\nSilikonisista magneettisista energiarannekkeista on tullut olennainen osa urheilumaailmaa. Yhdysvalloista l\u00e4ht\u00f6isin oleva trendi on monien huippu-urheilijoiden suosiossa.<br \/>\nN\u00e4m\u00e4 tehorannekkeet ovat eksklusiivinen katseenvangitsija. Suorituskyky, muotoilu ja laatu korkeimmalla tasolla. Alkuper\u00e4iset Svarowskin parhaat kiilt\u00e4v\u00e4t elementit hurmaavat ainutlaatuisella kimalluksellaan.<br \/>\nEnergiaa ja eleganssia!<br \/>\nJokaisessa korussamme on laadukkaat ja tehokkaat neodyymimagneetit. Neodyymimagneetti-insertti, jossa on n. 2200 gaussia.<br \/>\nRuostumatonta l\u00e4\u00e4kinn\u00e4llist\u00e4 ter\u00e4st\u00e4, ei sis\u00e4ll\u00e4 kadmiumia, nikkeli\u00e4 eik\u00e4 lyijy\u00e4. Allergiaton. Silikoni ei sis\u00e4ll\u00e4 eritt\u00e4in sy\u00f6p\u00e4\u00e4 aiheuttavia pehmittimi\u00e4.<\/p>","protected":false},"featured_media":2267,"comment_status":"open","ping_status":"closed","template":"","meta":[],"product_brand":[],"product_cat":[17,19],"product_tag":[27],"class_list":{"0":"post-2158","1":"product","2":"type-product","3":"status-publish","4":"has-post-thumbnail","6":"product_cat-alle-produkte","7":"product_cat-armbander","8":"product_tag-tribalance","9":"thunk-woo-product-list","10":"opn-qv-enable","11":"top-store-woo-hover-zoom","12":"top-store-single-product-tab-horizontal","13":"top-store-shadow-","14":"top-store-shadow-hover-","16":"first","17":"instock","18":"sale","19":"taxable","20":"shipping-taxable","21":"purchasable","22":"product-type-simple"},"_links":{"self":[{"href":"https:\/\/trinitixshop.de\/fi\/wp-json\/wp\/v2\/product\/2158","targetHints":{"allow":["GET"]}}],"collection":[{"href":"https:\/\/trinitixshop.de\/fi\/wp-json\/wp\/v2\/product"}],"about":[{"href":"https:\/\/trinitixshop.de\/fi\/wp-json\/wp\/v2\/types\/product"}],"replies":[{"embeddable":true,"href":"https:\/\/trinitixshop.de\/fi\/wp-json\/wp\/v2\/comments?post=2158"}],"wp:featuredmedia":[{"embeddable":true,"href":"https:\/\/trinitixshop.de\/fi\/wp-json\/wp\/v2\/media\/2267"}],"wp:attachment":[{"href":"https:\/\/trinitixshop.de\/fi\/wp-json\/wp\/v2\/media?parent=2158"}],"wp:term":[{"taxonomy":"product_brand","embeddable":true,"href":"https:\/\/trinitixshop.de\/fi\/wp-json\/wp\/v2\/product_brand?post=2158"},{"taxonomy":"product_cat","embeddable":true,"href":"https:\/\/trinitixshop.de\/fi\/wp-json\/wp\/v2\/product_cat?post=2158"},{"taxonomy":"product_tag","embeddable":true,"href":"https:\/\/trinitixshop.de\/fi\/wp-json\/wp\/v2\/product_tag?post=2158"}],"curies":[{"name":"wp","href":"https:\/\/api.w.org\/{rel}","templated":true}]}}