{"id":2159,"date":"2023-05-16T13:39:08","date_gmt":"2023-05-16T11:39:08","guid":{"rendered":"https:\/\/trinitixshop.de\/?post_type=product&#038;p=2159"},"modified":"2023-05-17T15:40:54","modified_gmt":"2023-05-17T13:40:54","slug":"pro-ion-magneettinen-silikoni-rannekoru-harmaa-raidat-swarovski-kristallia","status":"publish","type":"product","link":"https:\/\/trinitixshop.de\/fi\/produkt\/pro-ion-magnet-silikonarmband-grau-stripes-mit-swarovski-crystal\/","title":{"rendered":"Pro Ion Magneettinen Silikoni Rannekoru harmaa raidat Swarovskin kristallilla"},"content":{"rendered":"<p>NB303100T<\/p>","protected":false},"excerpt":{"rendered":"<p>Positiiviset magneetti-ionit (+2,000) Power silikoniranneke \" 3 Stripes \".<br \/>\nKiilt\u00e4v\u00e4 ja mattapintainen kiillotettu.<br \/>\nRuostumattomasta ter\u00e4ksest\u00e4 valmistettu korulevy, jossa on alkuper\u00e4inen, parhaiten kiilt\u00e4v\u00e4 Swarovski Crystal -elementti,<br \/>\nvahva tummanharmaa, sis. 3 voimakasta neodyymimagneettia n. 2200 gauss ( Bio Nord)<br \/>\nLeveys 13 mm<br \/>\nMukava ionisoitu power band -silikoniranneke ranteen ymp\u00e4rysmitalle 15 - 23 cm.<br \/>\nSilikoni ei sis\u00e4ll\u00e4 eritt\u00e4in sy\u00f6p\u00e4\u00e4 aiheuttavia pehmittimi\u00e4.<br \/>\nSilikonisista magneettisista energiarannekkeista on tullut olennainen osa urheilumaailmaa.<br \/>\nYhdysvalloista tuleva trendi on suosittu monien huippu-urheilijoiden keskuudessa.<br \/>\nN\u00e4m\u00e4 voiman energiarannekkeet ovat eksklusiivinen katseenvangitsija.<br \/>\nSuorituskyky, muotoilu ja laatu korkeimmalla tasolla.<br \/>\nAlkuper\u00e4iset Svarowskin parhaat kiilt\u00e4v\u00e4t elementit hurmaavat ainutlaatuisella kimalluksellaan.<\/p>","protected":false},"featured_media":2269,"comment_status":"open","ping_status":"closed","template":"","meta":[],"product_brand":[],"product_cat":[17,19],"product_tag":[27],"class_list":{"0":"post-2159","1":"product","2":"type-product","3":"status-publish","4":"has-post-thumbnail","6":"product_cat-alle-produkte","7":"product_cat-armbander","8":"product_tag-tribalance","9":"thunk-woo-product-list","10":"opn-qv-enable","11":"top-store-woo-hover-zoom","12":"top-store-single-product-tab-horizontal","13":"top-store-shadow-","14":"top-store-shadow-hover-","16":"first","17":"instock","18":"taxable","19":"shipping-taxable","20":"purchasable","21":"product-type-simple"},"_links":{"self":[{"href":"https:\/\/trinitixshop.de\/fi\/wp-json\/wp\/v2\/product\/2159","targetHints":{"allow":["GET"]}}],"collection":[{"href":"https:\/\/trinitixshop.de\/fi\/wp-json\/wp\/v2\/product"}],"about":[{"href":"https:\/\/trinitixshop.de\/fi\/wp-json\/wp\/v2\/types\/product"}],"replies":[{"embeddable":true,"href":"https:\/\/trinitixshop.de\/fi\/wp-json\/wp\/v2\/comments?post=2159"}],"wp:featuredmedia":[{"embeddable":true,"href":"https:\/\/trinitixshop.de\/fi\/wp-json\/wp\/v2\/media\/2269"}],"wp:attachment":[{"href":"https:\/\/trinitixshop.de\/fi\/wp-json\/wp\/v2\/media?parent=2159"}],"wp:term":[{"taxonomy":"product_brand","embeddable":true,"href":"https:\/\/trinitixshop.de\/fi\/wp-json\/wp\/v2\/product_brand?post=2159"},{"taxonomy":"product_cat","embeddable":true,"href":"https:\/\/trinitixshop.de\/fi\/wp-json\/wp\/v2\/product_cat?post=2159"},{"taxonomy":"product_tag","embeddable":true,"href":"https:\/\/trinitixshop.de\/fi\/wp-json\/wp\/v2\/product_tag?post=2159"}],"curies":[{"name":"wp","href":"https:\/\/api.w.org\/{rel}","templated":true}]}}