{"id":2169,"date":"2023-05-16T13:39:09","date_gmt":"2023-05-16T11:39:09","guid":{"rendered":"https:\/\/trinitixshop.de\/?post_type=product&#038;p=2169"},"modified":"2023-05-16T15:53:30","modified_gmt":"2023-05-16T13:53:30","slug":"ruostumaton-teraes-kupari-flex-rannekoru-hopea-175-225-cm","status":"publish","type":"product","link":"https:\/\/trinitixshop.de\/fi\/produkt\/edelstahl-kupfer-flex-armband-silber-175-bis-225-cm\/","title":{"rendered":"Ruostumaton ter\u00e4s kupari flex rannekoru hopea 17,5-22,5 cm"},"content":{"rendered":"<p>SB018301T<\/p>","protected":false},"excerpt":{"rendered":"<p>Joustava magneettinen rannekoru kuparilla, tavallinen \/ hopea.<br \/>\nKuparin (CU) oletettu vaikutus: Edist\u00e4\u00e4 vasta-aineiden muodostumista puolustusj\u00e4rjestelm\u00e4ss\u00e4, kasvua, kehityst\u00e4, luuston vahvistumista.<br \/>\nRuostumattomasta ter\u00e4ksest\u00e4 valmistetut, nikkelitt\u00f6m\u00e4t ja allergiavapaat neodyymimagneetti-insertit, joissa on noin 1200 gaussia,<br \/>\nLeveys: n. 7 mm, kiillotettu keskiosa, kaiverrettavissa.<br \/>\nRannekorun pituutta voidaan helposti vaihdella k\u00e4ytt\u00e4m\u00e4ll\u00e4 erilaisia kiinnikkeit\u00e4 \/ v\u00e4likappaleita. Koot: M \/ L \/ XL \/ XXL (17,5 - 22,5 cm).<br \/>\nJoustavat rannekkeet symboloivat liikkuvuutta ja el\u00e4m\u00e4niloa.<br \/>\nFlexi-korumme on ollut yksi mallistomme suosituimmista koruista jo vuosia.<br \/>\nKatso itse, kuinka kauniita, kest\u00e4vi\u00e4 ja mukautuvia n\u00e4m\u00e4 korut ovat.<\/p>","protected":false},"featured_media":2257,"comment_status":"open","ping_status":"closed","template":"","meta":[],"product_brand":[],"product_cat":[17,19],"product_tag":[25],"class_list":{"0":"post-2169","1":"product","2":"type-product","3":"status-publish","4":"has-post-thumbnail","6":"product_cat-alle-produkte","7":"product_cat-armbander","8":"product_tag-t-prime","9":"thunk-woo-product-list","10":"opn-qv-enable","11":"top-store-woo-hover-zoom","12":"top-store-single-product-tab-horizontal","13":"top-store-shadow-","14":"top-store-shadow-hover-","16":"first","17":"instock","18":"taxable","19":"shipping-taxable","20":"purchasable","21":"product-type-simple"},"_links":{"self":[{"href":"https:\/\/trinitixshop.de\/fi\/wp-json\/wp\/v2\/product\/2169","targetHints":{"allow":["GET"]}}],"collection":[{"href":"https:\/\/trinitixshop.de\/fi\/wp-json\/wp\/v2\/product"}],"about":[{"href":"https:\/\/trinitixshop.de\/fi\/wp-json\/wp\/v2\/types\/product"}],"replies":[{"embeddable":true,"href":"https:\/\/trinitixshop.de\/fi\/wp-json\/wp\/v2\/comments?post=2169"}],"wp:featuredmedia":[{"embeddable":true,"href":"https:\/\/trinitixshop.de\/fi\/wp-json\/wp\/v2\/media\/2257"}],"wp:attachment":[{"href":"https:\/\/trinitixshop.de\/fi\/wp-json\/wp\/v2\/media?parent=2169"}],"wp:term":[{"taxonomy":"product_brand","embeddable":true,"href":"https:\/\/trinitixshop.de\/fi\/wp-json\/wp\/v2\/product_brand?post=2169"},{"taxonomy":"product_cat","embeddable":true,"href":"https:\/\/trinitixshop.de\/fi\/wp-json\/wp\/v2\/product_cat?post=2169"},{"taxonomy":"product_tag","embeddable":true,"href":"https:\/\/trinitixshop.de\/fi\/wp-json\/wp\/v2\/product_tag?post=2169"}],"curies":[{"name":"wp","href":"https:\/\/api.w.org\/{rel}","templated":true}]}}