{"id":2170,"date":"2023-05-16T13:39:09","date_gmt":"2023-05-16T11:39:09","guid":{"rendered":"https:\/\/trinitixshop.de\/?post_type=product&#038;p=2170"},"modified":"2023-05-17T15:18:45","modified_gmt":"2023-05-17T13:18:45","slug":"ruostumattomasta-teraeksestae-valmistettu-joustava-rannekoru-kupari-osa-hopea-fix-l-xxl","status":"publish","type":"product","link":"https:\/\/trinitixshop.de\/fi\/produkt\/edelstahl-flex-armband-mit-kupferpart-silber-fix-l-xxl\/","title":{"rendered":"Ruostumattomasta ter\u00e4ksest\u00e4 valmistettu joustava rannekoru, jossa kupariosa hopea fix L\/XXL"},"content":{"rendered":"","protected":false},"excerpt":{"rendered":"<p>Joustava magneettinen rannekoru kuparilla, tavallinen \/ hopea.<br \/>\nKuparin (CU) oletettu vaikutus:<br \/>\nEdist\u00e4\u00e4 vasta-aineiden muodostumista puolustusj\u00e4rjestelm\u00e4ss\u00e4, kasvua, kehityst\u00e4 ja luuston vahvistumista.<br \/>\nRuostumatonta ter\u00e4st\u00e4, nikkeli- ja allergiavapaa<br \/>\nNeodyymimagneetti-insertit, joissa on noin 1200 gaussia.<br \/>\nPituus (L) n. 18,5 cm, pituus (XXL) n. 22,5 cm, leveys: n. 7 mm, keskiosa kiillotettu, kaiverrettavissa.<br \/>\nJoustavat rannekkeet symboloivat liikkuvuutta ja el\u00e4m\u00e4niloa.<br \/>\nFlexi-korumme on ollut yksi mallistomme suosituimmista koruista jo vuosia.<br \/>\nKatso itse, kuinka kauniita, kest\u00e4vi\u00e4 ja mukautuvia n\u00e4m\u00e4 korut ovat.<\/p>","protected":false},"featured_media":2263,"comment_status":"open","ping_status":"closed","template":"","meta":[],"product_brand":[],"product_cat":[17,19],"product_tag":[25],"class_list":{"0":"post-2170","1":"product","2":"type-product","3":"status-publish","4":"has-post-thumbnail","6":"product_cat-alle-produkte","7":"product_cat-armbander","8":"product_tag-t-prime","9":"thunk-woo-product-list","10":"opn-qv-enable","11":"top-store-woo-hover-zoom","12":"top-store-single-product-tab-horizontal","13":"top-store-shadow-","14":"top-store-shadow-hover-","16":"first","17":"instock","18":"taxable","19":"shipping-taxable","20":"purchasable","21":"product-type-variable"},"_links":{"self":[{"href":"https:\/\/trinitixshop.de\/fi\/wp-json\/wp\/v2\/product\/2170","targetHints":{"allow":["GET"]}}],"collection":[{"href":"https:\/\/trinitixshop.de\/fi\/wp-json\/wp\/v2\/product"}],"about":[{"href":"https:\/\/trinitixshop.de\/fi\/wp-json\/wp\/v2\/types\/product"}],"replies":[{"embeddable":true,"href":"https:\/\/trinitixshop.de\/fi\/wp-json\/wp\/v2\/comments?post=2170"}],"wp:featuredmedia":[{"embeddable":true,"href":"https:\/\/trinitixshop.de\/fi\/wp-json\/wp\/v2\/media\/2263"}],"wp:attachment":[{"href":"https:\/\/trinitixshop.de\/fi\/wp-json\/wp\/v2\/media?parent=2170"}],"wp:term":[{"taxonomy":"product_brand","embeddable":true,"href":"https:\/\/trinitixshop.de\/fi\/wp-json\/wp\/v2\/product_brand?post=2170"},{"taxonomy":"product_cat","embeddable":true,"href":"https:\/\/trinitixshop.de\/fi\/wp-json\/wp\/v2\/product_cat?post=2170"},{"taxonomy":"product_tag","embeddable":true,"href":"https:\/\/trinitixshop.de\/fi\/wp-json\/wp\/v2\/product_tag?post=2170"}],"curies":[{"name":"wp","href":"https:\/\/api.w.org\/{rel}","templated":true}]}}