{"id":2171,"date":"2023-05-16T13:39:09","date_gmt":"2023-05-16T11:39:09","guid":{"rendered":"https:\/\/trinitixshop.de\/?post_type=product&#038;p=2171"},"modified":"2023-05-16T15:23:14","modified_gmt":"2023-05-16T13:23:14","slug":"joustava-ruostumattomasta-teraeksestae-magneettinen-koru-rannekoru-kuutio-retro-kupari-l-xl-183","status":"publish","type":"product","link":"https:\/\/trinitixshop.de\/fi\/produkt\/flexibles-edelstahl-magnetschmuck-armband-cube-retro-mit-kupfer-l-xl-183\/","title":{"rendered":"Joustava ruostumattomasta ter\u00e4ksest\u00e4 magneettinen koru rannekoru Cube Retro kupari L \/ XL 183"},"content":{"rendered":"<p>SB018310T<\/p>","protected":false},"excerpt":{"rendered":"<p>Joustava retromuotoiluinen magneettirannekoru, tavallinen \/ hopea, matta ja kiillotettu.<br \/>\nLeveys: noin 7 mm,<br \/>\nPaksuus noin 3,6 mm.<br \/>\nNeodyymimagneetti-insertit, joissa on noin 2200 gaussia.<br \/>\nRuostumatonta ter\u00e4st\u00e4, ei sis\u00e4ll\u00e4 kadmiumia, nikkeli\u00e4 eik\u00e4 lyijy\u00e4. Allergiaton. Kupariosalla.<br \/>\nKuparin (CU) vaikutus: Edist\u00e4\u00e4 vasta-aineiden muodostumista puolustusj\u00e4rjestelm\u00e4ss\u00e4, kasvua, kehityst\u00e4 ja luuston vahvistumista. Kauneus ja uusi keveys. Energiarannekkeemme ovat vuodesta toiseen malliston suosituimpia tuotteita.<br \/>\nKatso itse, kuinka kauniita, kest\u00e4vi\u00e4 ja mukautuvia n\u00e4m\u00e4 korut ovat.<br \/>\nEt varmasti halua luopua siit\u00e4 l\u00e4hiaikoina.<br \/>\nTunne magneettien voima.<br \/>\nKoko: L\/XL 19 -22,5 cm, 2 kiinnityselementti\u00e4 pidennyst\u00e4 varten. n. 1,5 cm kukin<\/p>","protected":false},"featured_media":2252,"comment_status":"open","ping_status":"closed","template":"","meta":[],"product_brand":[],"product_cat":[17,19],"product_tag":[25],"class_list":{"0":"post-2171","1":"product","2":"type-product","3":"status-publish","4":"has-post-thumbnail","6":"product_cat-alle-produkte","7":"product_cat-armbander","8":"product_tag-t-prime","9":"thunk-woo-product-list","10":"opn-qv-enable","11":"top-store-woo-hover-zoom","12":"top-store-single-product-tab-horizontal","13":"top-store-shadow-","14":"top-store-shadow-hover-","16":"first","17":"instock","18":"sale","19":"taxable","20":"shipping-taxable","21":"purchasable","22":"product-type-simple"},"_links":{"self":[{"href":"https:\/\/trinitixshop.de\/fi\/wp-json\/wp\/v2\/product\/2171","targetHints":{"allow":["GET"]}}],"collection":[{"href":"https:\/\/trinitixshop.de\/fi\/wp-json\/wp\/v2\/product"}],"about":[{"href":"https:\/\/trinitixshop.de\/fi\/wp-json\/wp\/v2\/types\/product"}],"replies":[{"embeddable":true,"href":"https:\/\/trinitixshop.de\/fi\/wp-json\/wp\/v2\/comments?post=2171"}],"wp:featuredmedia":[{"embeddable":true,"href":"https:\/\/trinitixshop.de\/fi\/wp-json\/wp\/v2\/media\/2252"}],"wp:attachment":[{"href":"https:\/\/trinitixshop.de\/fi\/wp-json\/wp\/v2\/media?parent=2171"}],"wp:term":[{"taxonomy":"product_brand","embeddable":true,"href":"https:\/\/trinitixshop.de\/fi\/wp-json\/wp\/v2\/product_brand?post=2171"},{"taxonomy":"product_cat","embeddable":true,"href":"https:\/\/trinitixshop.de\/fi\/wp-json\/wp\/v2\/product_cat?post=2171"},{"taxonomy":"product_tag","embeddable":true,"href":"https:\/\/trinitixshop.de\/fi\/wp-json\/wp\/v2\/product_tag?post=2171"}],"curies":[{"name":"wp","href":"https:\/\/api.w.org\/{rel}","templated":true}]}}