{"id":2172,"date":"2023-05-16T13:39:09","date_gmt":"2023-05-16T11:39:09","guid":{"rendered":"https:\/\/trinitixshop.de\/?post_type=product&#038;p=2172"},"modified":"2023-05-16T15:33:31","modified_gmt":"2023-05-16T13:33:31","slug":"power-dynamic-ruostumattomasta-teraeksestae-magneettinen-rannekoru-oceanic-201-s-m-tai-l-xl-tai-l-xl","status":"publish","type":"product","link":"https:\/\/trinitixshop.de\/fi\/produkt\/power-dynamic-edelstahl-magnetarmband-oceanic-201-in-s-m-oder-l-xl\/","title":{"rendered":"Power Dynamic ruostumattomasta ter\u00e4ksest\u00e4 valmistettu magneettinen rannekoru Oceanic # 201 mallissa S\/M tai L\/XL."},"content":{"rendered":"","protected":false},"excerpt":{"rendered":"<p>Energinen ruostumattomasta ter\u00e4ksest\u00e4 valmistettu magneettinen rannekoru \"Oceanic - Wave\"<br \/>\nHopea, leveys 10 mm, erilaisia neodyymimagneetteja n. 3000 gaussin magneeteilla.<br \/>\nRuostumatonta ter\u00e4st\u00e4, vankka, nikkelit\u00f6n ja allergiaton.<br \/>\nKauneutta ja uutta keveytt\u00e4.<br \/>\nEnergiarannekkeemme ovat vuodesta toiseen malliston suosituimpia tuotteita.<br \/>\nKatso itse, kuinka kauniita, kest\u00e4vi\u00e4 ja mukautuvia n\u00e4m\u00e4 korut ovat.<br \/>\nEt varmasti halua luopua siit\u00e4 l\u00e4hiaikoina.<br \/>\nTunne magneettien voima.<\/p>\n<p>S\/M = 16,5 cm + 2 ylim\u00e4\u00e4r\u00e4ist\u00e4 kiinnityselementti\u00e4 pidennyst\u00e4 varten. Kukin noin 1,5 cm<br \/>\nL\/XL = 19 cm + 2 ylim\u00e4\u00e4r\u00e4ist\u00e4 kiinnityselementti\u00e4 pidennyst\u00e4 varten. Kukin noin 1,5 cm.<\/p>","protected":false},"featured_media":2253,"comment_status":"open","ping_status":"closed","template":"","meta":[],"product_brand":[],"product_cat":[17,19],"product_tag":[25],"class_list":{"0":"post-2172","1":"product","2":"type-product","3":"status-publish","4":"has-post-thumbnail","6":"product_cat-alle-produkte","7":"product_cat-armbander","8":"product_tag-t-prime","9":"thunk-woo-product-list","10":"opn-qv-enable","11":"top-store-woo-hover-zoom","12":"top-store-single-product-tab-horizontal","13":"top-store-shadow-","14":"top-store-shadow-hover-","16":"first","17":"instock","18":"taxable","19":"shipping-taxable","20":"purchasable","21":"product-type-variable"},"_links":{"self":[{"href":"https:\/\/trinitixshop.de\/fi\/wp-json\/wp\/v2\/product\/2172","targetHints":{"allow":["GET"]}}],"collection":[{"href":"https:\/\/trinitixshop.de\/fi\/wp-json\/wp\/v2\/product"}],"about":[{"href":"https:\/\/trinitixshop.de\/fi\/wp-json\/wp\/v2\/types\/product"}],"replies":[{"embeddable":true,"href":"https:\/\/trinitixshop.de\/fi\/wp-json\/wp\/v2\/comments?post=2172"}],"wp:featuredmedia":[{"embeddable":true,"href":"https:\/\/trinitixshop.de\/fi\/wp-json\/wp\/v2\/media\/2253"}],"wp:attachment":[{"href":"https:\/\/trinitixshop.de\/fi\/wp-json\/wp\/v2\/media?parent=2172"}],"wp:term":[{"taxonomy":"product_brand","embeddable":true,"href":"https:\/\/trinitixshop.de\/fi\/wp-json\/wp\/v2\/product_brand?post=2172"},{"taxonomy":"product_cat","embeddable":true,"href":"https:\/\/trinitixshop.de\/fi\/wp-json\/wp\/v2\/product_cat?post=2172"},{"taxonomy":"product_tag","embeddable":true,"href":"https:\/\/trinitixshop.de\/fi\/wp-json\/wp\/v2\/product_tag?post=2172"}],"curies":[{"name":"wp","href":"https:\/\/api.w.org\/{rel}","templated":true}]}}