{"id":2214,"date":"2023-05-16T13:39:19","date_gmt":"2023-05-16T11:39:19","guid":{"rendered":"https:\/\/trinitixshop.de\/?post_type=product&#038;p=2214"},"modified":"2023-05-16T14:25:11","modified_gmt":"2023-05-16T12:25:11","slug":"ruostumattomasta-teraeksestae-magneettinen-rannekoru-oceanic-wave-hopea-201-kapea-xs-s-m-m-l-xl-xxl-xxxl","status":"publish","type":"product","link":"https:\/\/trinitixshop.de\/fi\/produkt\/edelstahl-magnetarmband-oceanic-welle-silber-201-schmal-xs-s-m-l-xl-xxl-xxxl\/","title":{"rendered":"Ruostumattomasta ter\u00e4ksest\u00e4 valmistettu magneettinen rannekoru Oceanic wave hopea 201 kapea XS\/S\/M\/L\/XL\/XXL\/XXXL"},"content":{"rendered":"<p>SB030100T<\/p>","protected":false},"excerpt":{"rendered":"<p>Energinen ruostumattomasta ter\u00e4ksest\u00e4 valmistettu magneettinen rannekoru \"Oceanic - Wave\", # 201 kapea hopea, leveys 7 mm, erilaisia neodyymimagneetteja, joissa on n. 3000 gaussia.<br \/>\nRuostumatonta ter\u00e4st\u00e4, vankka, nikkelit\u00f6n ja allergiaton.<br \/>\nKauneutta ja uutta keveytt\u00e4. Energiarannekkeemme ovat vuodesta toiseen malliston suosituimpia tuotteita.<br \/>\nKatso itse, kuinka kauniita, kest\u00e4vi\u00e4 ja mukautuvia n\u00e4m\u00e4 korut ovat.<br \/>\nEt varmasti halua luopua siit\u00e4 l\u00e4hiaikoina.<br \/>\nTunne magneettien voima.<br \/>\nKoko XS (13-14 cm), S (14-15 cm), M (15-16 cm), L (16-18 cm), XL (18-20 cm), XXL (20-22 cm) tai XXXL (22-24 cm).<br \/>\nIlmoita meille haluamasi toimituskoko!<\/p>","protected":false},"featured_media":2241,"comment_status":"open","ping_status":"closed","template":"","meta":[],"product_brand":[],"product_cat":[17,19],"product_tag":[25],"class_list":{"0":"post-2214","1":"product","2":"type-product","3":"status-publish","4":"has-post-thumbnail","6":"product_cat-alle-produkte","7":"product_cat-armbander","8":"product_tag-t-prime","9":"thunk-woo-product-list","10":"opn-qv-enable","11":"top-store-woo-hover-zoom","12":"top-store-single-product-tab-horizontal","13":"top-store-shadow-","14":"top-store-shadow-hover-","16":"first","17":"instock","18":"taxable","19":"shipping-taxable","20":"purchasable","21":"product-type-variable"},"_links":{"self":[{"href":"https:\/\/trinitixshop.de\/fi\/wp-json\/wp\/v2\/product\/2214","targetHints":{"allow":["GET"]}}],"collection":[{"href":"https:\/\/trinitixshop.de\/fi\/wp-json\/wp\/v2\/product"}],"about":[{"href":"https:\/\/trinitixshop.de\/fi\/wp-json\/wp\/v2\/types\/product"}],"replies":[{"embeddable":true,"href":"https:\/\/trinitixshop.de\/fi\/wp-json\/wp\/v2\/comments?post=2214"}],"wp:featuredmedia":[{"embeddable":true,"href":"https:\/\/trinitixshop.de\/fi\/wp-json\/wp\/v2\/media\/2241"}],"wp:attachment":[{"href":"https:\/\/trinitixshop.de\/fi\/wp-json\/wp\/v2\/media?parent=2214"}],"wp:term":[{"taxonomy":"product_brand","embeddable":true,"href":"https:\/\/trinitixshop.de\/fi\/wp-json\/wp\/v2\/product_brand?post=2214"},{"taxonomy":"product_cat","embeddable":true,"href":"https:\/\/trinitixshop.de\/fi\/wp-json\/wp\/v2\/product_cat?post=2214"},{"taxonomy":"product_tag","embeddable":true,"href":"https:\/\/trinitixshop.de\/fi\/wp-json\/wp\/v2\/product_tag?post=2214"}],"curies":[{"name":"wp","href":"https:\/\/api.w.org\/{rel}","templated":true}]}}