{"id":2216,"date":"2023-05-16T13:39:19","date_gmt":"2023-05-16T11:39:19","guid":{"rendered":"https:\/\/trinitixshop.de\/?post_type=product&#038;p=2216"},"modified":"2023-05-16T14:49:43","modified_gmt":"2023-05-16T12:49:43","slug":"flex-energia-magneettinen-rannekoru-ruostumatonta-teraestae-hopea-439-s-m-tai-l-xl-tai-l-xl","status":"publish","type":"product","link":"https:\/\/trinitixshop.de\/fi\/produkt\/flex-energie-magnetarmband-edelstahl-silber-439-in-s-m-oder-l-xl\/","title":{"rendered":"Flex Energie magneettirannekoru ruostumatonta ter\u00e4st\u00e4 hopea # 439 S\/M tai L\/XL mallissa"},"content":{"rendered":"","protected":false},"excerpt":{"rendered":"<p>Joustava energia magneettinen rannekoru, tavallinen \/ hopea. Mattapintaiset ja kiillotetut elementit.<br \/>\nLeveys noin 8 mm, paksuus noin 4 mm.<br \/>\nNeodyymimagneetti-insertit, joissa on noin 2200 gaussia.<br \/>\nRuostumatonta ter\u00e4st\u00e4, ei sis\u00e4ll\u00e4 kadmiumia, nikkeli\u00e4 eik\u00e4 lyijy\u00e4. Allergiaton.<br \/>\nKauneutta ja uutta keveytt\u00e4. Energiarannekkeemme ovat vuodesta toiseen malliston suosituimpia tuotteita.<br \/>\nKatso itse, kuinka kauniita, kest\u00e4vi\u00e4 ja mukautuvia n\u00e4m\u00e4 korut ovat.<br \/>\nEt varmasti halua luopua siit\u00e4 l\u00e4hiaikoina.<br \/>\nTunne magneettien voima.<br \/>\nTunne magneettien voima.<\/p>\n<p>Koko S\/M = 16,5 cm + 2 ylim\u00e4\u00e4r\u00e4ist\u00e4 kiinnityselementti\u00e4 pidennyst\u00e4 varten. Kukin noin 1,5 cm<br \/>\nKoko L\/XL = 19 cm + 2 ylim\u00e4\u00e4r\u00e4ist\u00e4 kiinnityselementti\u00e4 pidennyst\u00e4 varten. noin 1,5 cm kukin<\/p>","protected":false},"featured_media":2243,"comment_status":"open","ping_status":"closed","template":"","meta":[],"product_brand":[],"product_cat":[17,19],"product_tag":[25],"class_list":{"0":"post-2216","1":"product","2":"type-product","3":"status-publish","4":"has-post-thumbnail","6":"product_cat-alle-produkte","7":"product_cat-armbander","8":"product_tag-t-prime","9":"thunk-woo-product-list","10":"opn-qv-enable","11":"top-store-woo-hover-zoom","12":"top-store-single-product-tab-horizontal","13":"top-store-shadow-","14":"top-store-shadow-hover-","16":"first","17":"instock","18":"taxable","19":"shipping-taxable","20":"purchasable","21":"product-type-variable"},"_links":{"self":[{"href":"https:\/\/trinitixshop.de\/fi\/wp-json\/wp\/v2\/product\/2216","targetHints":{"allow":["GET"]}}],"collection":[{"href":"https:\/\/trinitixshop.de\/fi\/wp-json\/wp\/v2\/product"}],"about":[{"href":"https:\/\/trinitixshop.de\/fi\/wp-json\/wp\/v2\/types\/product"}],"replies":[{"embeddable":true,"href":"https:\/\/trinitixshop.de\/fi\/wp-json\/wp\/v2\/comments?post=2216"}],"wp:featuredmedia":[{"embeddable":true,"href":"https:\/\/trinitixshop.de\/fi\/wp-json\/wp\/v2\/media\/2243"}],"wp:attachment":[{"href":"https:\/\/trinitixshop.de\/fi\/wp-json\/wp\/v2\/media?parent=2216"}],"wp:term":[{"taxonomy":"product_brand","embeddable":true,"href":"https:\/\/trinitixshop.de\/fi\/wp-json\/wp\/v2\/product_brand?post=2216"},{"taxonomy":"product_cat","embeddable":true,"href":"https:\/\/trinitixshop.de\/fi\/wp-json\/wp\/v2\/product_cat?post=2216"},{"taxonomy":"product_tag","embeddable":true,"href":"https:\/\/trinitixshop.de\/fi\/wp-json\/wp\/v2\/product_tag?post=2216"}],"curies":[{"name":"wp","href":"https:\/\/api.w.org\/{rel}","templated":true}]}}