{"id":2217,"date":"2023-05-16T13:39:19","date_gmt":"2023-05-16T11:39:19","guid":{"rendered":"https:\/\/trinitixshop.de\/?post_type=product&#038;p=2217"},"modified":"2023-05-16T14:21:49","modified_gmt":"2023-05-16T12:21:49","slug":"tassu-muotoilu-muoti-magneettinen-rannekoru-swarovski-kiteet-hopea-2153","status":"publish","type":"product","link":"https:\/\/trinitixshop.de\/fi\/produkt\/pfote-design-fashion-magnetarmband-mit-swarovski-crystals-silber-2153\/","title":{"rendered":"Tassut Design Muoti magneettinen rannekoru Swarovski-kristallit hopea # 2153"},"content":{"rendered":"<p>SB215300T<\/p>","protected":false},"excerpt":{"rendered":"<ul class=\"a-unordered-list a-vertical a-spacing-mini\">\n<li><span class=\"a-list-item\">El\u00e4intassu suunnittelija ruostumattomasta ter\u00e4ksest\u00e4 valmistettu magneettinen rannekoru, jossa on kimaltelevia alkuper\u00e4isi\u00e4 Swarovski-kristalleja. Neodyymimagneetti-insertit, joissa on noin 2200 gaussia. Leveys n. 10,5 mm. Ruostumatonta ter\u00e4st\u00e4, ei sis\u00e4ll\u00e4 kadmiumia, nikkeli\u00e4 eik\u00e4 lyijy\u00e4. Kiillotettu hopea\u00a0<\/span><\/li>\n<li><span class=\"a-list-item\">Koot: S\/M = 16,5 cm + 2 ylim\u00e4\u00e4r\u00e4ist\u00e4 kiinnityselementti\u00e4 pidennyst\u00e4 varten. Kukin noin 1,5 cm <\/span><\/li>\n<li><span class=\"a-list-item\">tai <\/span><\/li>\n<li><span class=\"a-list-item\">L\/XL = 19 cm + 2 ylim\u00e4\u00e4r\u00e4ist\u00e4 kiinnityselementti\u00e4 pidennyst\u00e4 varten. noin 1,5 cm kukin<\/span><\/li>\n<li><span class=\"a-list-item\">Osoita rakkautesi el\u00e4imi\u00e4 kohtaan tien p\u00e4\u00e4ll\u00e4. Rannekoru on valmistettu rakkaudella. Ainutlaatuinen muotoilu, voimakkaat magneettiset sis\u00e4kkeet ja houkutteleva ruostumattomasta ter\u00e4ksest\u00e4 valmistettu iho. Hienovaraisesti kimaltelevien Swarovski-kristallielementtien ansiosta rannekoru on todellinen katseenvangitsija ja jotain aivan erityist\u00e4 jokaiseen p\u00e4iv\u00e4\u00e4n. Koru, jota et halua en\u00e4\u00e4 koskaan ottaa pois. Sopivat korvanapit # 1387P ja magneettitassu-riipus # 714 t\u00e4ydent\u00e4v\u00e4t sit\u00e4 t\u00e4ydellisesti.<\/span><\/li>\n<\/ul>","protected":false},"featured_media":2237,"comment_status":"open","ping_status":"closed","template":"","meta":[],"product_brand":[],"product_cat":[17,19],"product_tag":[25],"class_list":{"0":"post-2217","1":"product","2":"type-product","3":"status-publish","4":"has-post-thumbnail","6":"product_cat-alle-produkte","7":"product_cat-armbander","8":"product_tag-t-prime","9":"thunk-woo-product-list","10":"opn-qv-enable","11":"top-store-woo-hover-zoom","12":"top-store-single-product-tab-horizontal","13":"top-store-shadow-","14":"top-store-shadow-hover-","16":"first","17":"instock","18":"sale","19":"taxable","20":"shipping-taxable","21":"purchasable","22":"product-type-variable","23":"has-default-attributes"},"_links":{"self":[{"href":"https:\/\/trinitixshop.de\/fi\/wp-json\/wp\/v2\/product\/2217","targetHints":{"allow":["GET"]}}],"collection":[{"href":"https:\/\/trinitixshop.de\/fi\/wp-json\/wp\/v2\/product"}],"about":[{"href":"https:\/\/trinitixshop.de\/fi\/wp-json\/wp\/v2\/types\/product"}],"replies":[{"embeddable":true,"href":"https:\/\/trinitixshop.de\/fi\/wp-json\/wp\/v2\/comments?post=2217"}],"wp:featuredmedia":[{"embeddable":true,"href":"https:\/\/trinitixshop.de\/fi\/wp-json\/wp\/v2\/media\/2237"}],"wp:attachment":[{"href":"https:\/\/trinitixshop.de\/fi\/wp-json\/wp\/v2\/media?parent=2217"}],"wp:term":[{"taxonomy":"product_brand","embeddable":true,"href":"https:\/\/trinitixshop.de\/fi\/wp-json\/wp\/v2\/product_brand?post=2217"},{"taxonomy":"product_cat","embeddable":true,"href":"https:\/\/trinitixshop.de\/fi\/wp-json\/wp\/v2\/product_cat?post=2217"},{"taxonomy":"product_tag","embeddable":true,"href":"https:\/\/trinitixshop.de\/fi\/wp-json\/wp\/v2\/product_tag?post=2217"}],"curies":[{"name":"wp","href":"https:\/\/api.w.org\/{rel}","templated":true}]}}